{"id":43591,"date":"2023-11-06T15:56:21","date_gmt":"2023-11-06T14:56:21","guid":{"rendered":"https:\/\/vsmabrasivos.com\/?post_type=product&#038;p=43591"},"modified":"2025-11-06T16:26:10","modified_gmt":"2025-11-06T15:26:10","slug":"kk670k","status":"publish","type":"product","link":"https:\/\/vsmabrasivos.com\/pt\/produtos\/kk670k\/","title":{"rendered":"KK670K"},"content":{"rendered":"<p><span class=\"HwtZe\" lang=\"pt-PT\"><span class=\"jCAhz ChMk0b\"><span class=\"ryNqvb\">Alta remo\u00e7\u00e3o de material sustentada e um padr\u00e3o de riscos perfeito, uniforme e reproduz\u00edvel: Isto \u00e9 o que a s\u00e9rie XELERION KK670K oferece.<\/span><\/span> <span class=\"jCAhz ChMk0b\"><span class=\"ryNqvb\">Devido \u00e0 elevada remo\u00e7\u00e3o de material, as superf\u00edcies grosseiramente rugosas podem ser retificadas de forma fi\u00e1vel, pelo que as etapas de trabalho podem ser ignoradas.<\/span><\/span> <span class=\"jCAhz ChMk0b\"><span class=\"ryNqvb\">Este abrasivo fino \u00e9 utilizado em ind\u00fastrias como a constru\u00e7\u00e3o de instala\u00e7\u00f5es e contentores, bem como nas ind\u00fastrias de cozinha e autom\u00f3vel.<\/span><\/span><br \/>\n<\/span><\/p>\n","protected":false},"excerpt":{"rendered":"<p>Alta remo\u00e7\u00e3o de material sustentada e um padr\u00e3o de riscos perfeito, uniforme e reproduz\u00edvel: Isto \u00e9 o que a s\u00e9rie XELERION KK670K oferece. Devido \u00e0 elevada remo\u00e7\u00e3o de material, as superf\u00edcies grosseiramente rugosas podem ser retificadas de forma fi\u00e1vel, pelo que as etapas de trabalho podem ser ignoradas. Este abrasivo fino \u00e9 utilizado em ind\u00fastrias [&hellip;]<\/p>\n","protected":false},"featured_media":38108,"comment_status":"open","ping_status":"closed","template":"","meta":{"_acf_changed":false,"content-type":""},"aplicaciones":[],"tipologia-de-grano":[4182],"product_brand":[],"product_cat":[4184],"product_tag":[],"class_list":{"0":"post-43591","1":"product","2":"type-product","3":"status-publish","4":"has-post-thumbnail","6":"tipologia-de-grano-vsm-xelerion-pt","7":"product_cat-vsm-xelerion-pt","8":"pa_flexibilidad-flexible-pt","10":"first","11":"instock","12":"shipping-taxable","13":"product-type-simple"},"acf":[],"yoast_head":"<!-- This site is optimized with the Yoast SEO plugin v26.2 - https:\/\/yoast.com\/wordpress\/plugins\/seo\/ -->\n<title>KK670K - VSM Abrasivos<\/title>\n<meta name=\"robots\" content=\"index, follow, max-snippet:-1, max-image-preview:large, max-video-preview:-1\" \/>\n<link rel=\"canonical\" href=\"https:\/\/vsmabrasivos.com\/pt\/wp-json\/wp\/v2\/product\/43591\" \/>\n<meta property=\"og:locale\" content=\"pt_PT\" \/>\n<meta property=\"og:type\" content=\"article\" \/>\n<meta property=\"og:title\" content=\"KK670K - VSM Abrasivos\" \/>\n<meta property=\"og:description\" content=\"Alta remo\u00e7\u00e3o de material sustentada e um padr\u00e3o de riscos perfeito, uniforme e reproduz\u00edvel: Isto \u00e9 o que a s\u00e9rie XELERION KK670K oferece. Devido \u00e0 elevada remo\u00e7\u00e3o de material, as superf\u00edcies grosseiramente rugosas podem ser retificadas de forma fi\u00e1vel, pelo que as etapas de trabalho podem ser ignoradas. Este abrasivo fino \u00e9 utilizado em ind\u00fastrias [&hellip;]\" \/>\n<meta property=\"og:url\" content=\"https:\/\/vsmabrasivos.com\/pt\/produtos\/kk670k\/\" \/>\n<meta property=\"og:site_name\" content=\"VSM Abrasivos\" \/>\n<meta property=\"article:modified_time\" content=\"2025-11-06T15:26:10+00:00\" \/>\n<meta property=\"og:image\" content=\"https:\/\/vsmabrasivos.com\/wp-content\/uploads\/2024\/10\/KK670J-disc.jpg\" \/>\n\t<meta property=\"og:image:width\" content=\"1140\" \/>\n\t<meta property=\"og:image:height\" content=\"1140\" \/>\n\t<meta property=\"og:image:type\" content=\"image\/jpeg\" \/>\n<meta name=\"twitter:card\" content=\"summary_large_image\" \/>\n<meta name=\"twitter:label1\" content=\"Est. reading time\" \/>\n\t<meta name=\"twitter:data1\" content=\"1 minute\" \/>\n<script type=\"application\/ld+json\" class=\"yoast-schema-graph\">{\"@context\":\"https:\/\/schema.org\",\"@graph\":[{\"@type\":\"WebPage\",\"@id\":\"https:\/\/vsmabrasivos.com\/pt\/produtos\/kk670k\/\",\"url\":\"https:\/\/vsmabrasivos.com\/pt\/produtos\/kk670k\/\",\"name\":\"KK670K - VSM Abrasivos\",\"isPartOf\":{\"@id\":\"https:\/\/vsmabrasivos.com\/pt\/#website\"},\"primaryImageOfPage\":{\"@id\":\"https:\/\/vsmabrasivos.com\/pt\/produtos\/kk670k\/#primaryimage\"},\"image\":{\"@id\":\"https:\/\/vsmabrasivos.com\/pt\/produtos\/kk670k\/#primaryimage\"},\"thumbnailUrl\":\"https:\/\/vsmabrasivos.com\/wp-content\/uploads\/2024\/10\/KK670J-disc.jpg\",\"datePublished\":\"2023-11-06T14:56:21+00:00\",\"dateModified\":\"2025-11-06T15:26:10+00:00\",\"breadcrumb\":{\"@id\":\"https:\/\/vsmabrasivos.com\/pt\/produtos\/kk670k\/#breadcrumb\"},\"inLanguage\":\"pt\",\"potentialAction\":[{\"@type\":\"ReadAction\",\"target\":[\"https:\/\/vsmabrasivos.com\/pt\/produtos\/kk670k\/\"]}]},{\"@type\":\"ImageObject\",\"inLanguage\":\"pt\",\"@id\":\"https:\/\/vsmabrasivos.com\/pt\/produtos\/kk670k\/#primaryimage\",\"url\":\"https:\/\/vsmabrasivos.com\/wp-content\/uploads\/2024\/10\/KK670J-disc.jpg\",\"contentUrl\":\"https:\/\/vsmabrasivos.com\/wp-content\/uploads\/2024\/10\/KK670J-disc.jpg\",\"width\":1140,\"height\":1140},{\"@type\":\"BreadcrumbList\",\"@id\":\"https:\/\/vsmabrasivos.com\/pt\/produtos\/kk670k\/#breadcrumb\",\"itemListElement\":[{\"@type\":\"ListItem\",\"position\":1,\"name\":\"Portada\",\"item\":\"https:\/\/vsmabrasivos.com\/pt\/home\/\"},{\"@type\":\"ListItem\",\"position\":2,\"name\":\"Products\",\"item\":\"https:\/\/vsmabrasivos.com\/pt\/shop\/\"},{\"@type\":\"ListItem\",\"position\":3,\"name\":\"KK670K\"}]},{\"@type\":\"WebSite\",\"@id\":\"https:\/\/vsmabrasivos.com\/pt\/#website\",\"url\":\"https:\/\/vsmabrasivos.com\/pt\/\",\"name\":\"VSM Abrasivos\",\"description\":\"\",\"potentialAction\":[{\"@type\":\"SearchAction\",\"target\":{\"@type\":\"EntryPoint\",\"urlTemplate\":\"https:\/\/vsmabrasivos.com\/pt\/?s={search_term_string}\"},\"query-input\":{\"@type\":\"PropertyValueSpecification\",\"valueRequired\":true,\"valueName\":\"search_term_string\"}}],\"inLanguage\":\"pt\"}]}<\/script>\n<!-- \/ Yoast SEO plugin. -->","yoast_head_json":{"title":"KK670K - VSM Abrasivos","robots":{"index":"index","follow":"follow","max-snippet":"max-snippet:-1","max-image-preview":"max-image-preview:large","max-video-preview":"max-video-preview:-1"},"canonical":"https:\/\/vsmabrasivos.com\/pt\/wp-json\/wp\/v2\/product\/43591","og_locale":"pt_PT","og_type":"article","og_title":"KK670K - VSM Abrasivos","og_description":"Alta remo\u00e7\u00e3o de material sustentada e um padr\u00e3o de riscos perfeito, uniforme e reproduz\u00edvel: Isto \u00e9 o que a s\u00e9rie XELERION KK670K oferece. Devido \u00e0 elevada remo\u00e7\u00e3o de material, as superf\u00edcies grosseiramente rugosas podem ser retificadas de forma fi\u00e1vel, pelo que as etapas de trabalho podem ser ignoradas. Este abrasivo fino \u00e9 utilizado em ind\u00fastrias [&hellip;]","og_url":"https:\/\/vsmabrasivos.com\/pt\/produtos\/kk670k\/","og_site_name":"VSM Abrasivos","article_modified_time":"2025-11-06T15:26:10+00:00","og_image":[{"width":1140,"height":1140,"url":"https:\/\/vsmabrasivos.com\/wp-content\/uploads\/2024\/10\/KK670J-disc.jpg","type":"image\/jpeg"}],"twitter_card":"summary_large_image","twitter_misc":{"Est. reading time":"1 minute"},"schema":{"@context":"https:\/\/schema.org","@graph":[{"@type":"WebPage","@id":"https:\/\/vsmabrasivos.com\/pt\/produtos\/kk670k\/","url":"https:\/\/vsmabrasivos.com\/pt\/produtos\/kk670k\/","name":"KK670K - VSM Abrasivos","isPartOf":{"@id":"https:\/\/vsmabrasivos.com\/pt\/#website"},"primaryImageOfPage":{"@id":"https:\/\/vsmabrasivos.com\/pt\/produtos\/kk670k\/#primaryimage"},"image":{"@id":"https:\/\/vsmabrasivos.com\/pt\/produtos\/kk670k\/#primaryimage"},"thumbnailUrl":"https:\/\/vsmabrasivos.com\/wp-content\/uploads\/2024\/10\/KK670J-disc.jpg","datePublished":"2023-11-06T14:56:21+00:00","dateModified":"2025-11-06T15:26:10+00:00","breadcrumb":{"@id":"https:\/\/vsmabrasivos.com\/pt\/produtos\/kk670k\/#breadcrumb"},"inLanguage":"pt","potentialAction":[{"@type":"ReadAction","target":["https:\/\/vsmabrasivos.com\/pt\/produtos\/kk670k\/"]}]},{"@type":"ImageObject","inLanguage":"pt","@id":"https:\/\/vsmabrasivos.com\/pt\/produtos\/kk670k\/#primaryimage","url":"https:\/\/vsmabrasivos.com\/wp-content\/uploads\/2024\/10\/KK670J-disc.jpg","contentUrl":"https:\/\/vsmabrasivos.com\/wp-content\/uploads\/2024\/10\/KK670J-disc.jpg","width":1140,"height":1140},{"@type":"BreadcrumbList","@id":"https:\/\/vsmabrasivos.com\/pt\/produtos\/kk670k\/#breadcrumb","itemListElement":[{"@type":"ListItem","position":1,"name":"Portada","item":"https:\/\/vsmabrasivos.com\/pt\/home\/"},{"@type":"ListItem","position":2,"name":"Products","item":"https:\/\/vsmabrasivos.com\/pt\/shop\/"},{"@type":"ListItem","position":3,"name":"KK670K"}]},{"@type":"WebSite","@id":"https:\/\/vsmabrasivos.com\/pt\/#website","url":"https:\/\/vsmabrasivos.com\/pt\/","name":"VSM Abrasivos","description":"","potentialAction":[{"@type":"SearchAction","target":{"@type":"EntryPoint","urlTemplate":"https:\/\/vsmabrasivos.com\/pt\/?s={search_term_string}"},"query-input":{"@type":"PropertyValueSpecification","valueRequired":true,"valueName":"search_term_string"}}],"inLanguage":"pt"}]}},"_links":{"self":[{"href":"https:\/\/vsmabrasivos.com\/pt\/wp-json\/wp\/v2\/product\/43591","targetHints":{"allow":["GET"]}}],"collection":[{"href":"https:\/\/vsmabrasivos.com\/pt\/wp-json\/wp\/v2\/product"}],"about":[{"href":"https:\/\/vsmabrasivos.com\/pt\/wp-json\/wp\/v2\/types\/product"}],"replies":[{"embeddable":true,"href":"https:\/\/vsmabrasivos.com\/pt\/wp-json\/wp\/v2\/comments?post=43591"}],"wp:featuredmedia":[{"embeddable":true,"href":"https:\/\/vsmabrasivos.com\/pt\/wp-json\/wp\/v2\/media\/38108"}],"wp:attachment":[{"href":"https:\/\/vsmabrasivos.com\/pt\/wp-json\/wp\/v2\/media?parent=43591"}],"wp:term":[{"taxonomy":"aplicaciones","embeddable":true,"href":"https:\/\/vsmabrasivos.com\/pt\/wp-json\/wp\/v2\/aplicaciones?post=43591"},{"taxonomy":"tipologia-de-grano","embeddable":true,"href":"https:\/\/vsmabrasivos.com\/pt\/wp-json\/wp\/v2\/tipologia-de-grano?post=43591"},{"taxonomy":"product_brand","embeddable":true,"href":"https:\/\/vsmabrasivos.com\/pt\/wp-json\/wp\/v2\/product_brand?post=43591"},{"taxonomy":"product_cat","embeddable":true,"href":"https:\/\/vsmabrasivos.com\/pt\/wp-json\/wp\/v2\/product_cat?post=43591"},{"taxonomy":"product_tag","embeddable":true,"href":"https:\/\/vsmabrasivos.com\/pt\/wp-json\/wp\/v2\/product_tag?post=43591"}],"curies":[{"name":"wp","href":"https:\/\/api.w.org\/{rel}","templated":true}]}}