{"id":41594,"date":"2023-08-26T11:24:09","date_gmt":"2023-08-26T09:24:09","guid":{"rendered":"https:\/\/vsmabrasivos.com\/productos\/zfl\/"},"modified":"2025-08-26T11:25:23","modified_gmt":"2025-08-26T09:25:23","slug":"zfl","status":"publish","type":"product","link":"https:\/\/vsmabrasivos.com\/pt\/produtos\/zfl\/","title":{"rendered":"Suporte para discos de fibra"},"content":{"rendered":"<p>Para o armazenamento adequado de discos de fibra at\u00e9 \u00f8 235 mm, com um furo central de \u00f8 22 mm. Para manter no local de trabalho. Fixados firmemente para evitar distor\u00e7\u00f5es.<\/p>\n","protected":false},"excerpt":{"rendered":"<p>Para o armazenamento adequado de discos de fibra at\u00e9 \u00f8 235 mm, com um furo central de \u00f8 22 mm. Para manter no local de trabalho. Fixados firmemente para evitar distor\u00e7\u00f5es.<\/p>\n","protected":false},"featured_media":41590,"comment_status":"open","ping_status":"closed","template":"","meta":{"_acf_changed":false,"content-type":""},"aplicaciones":[],"tipologia-de-grano":[],"product_brand":[],"product_cat":[2321],"product_tag":[],"class_list":{"0":"post-41594","1":"product","2":"type-product","3":"status-publish","4":"has-post-thumbnail","6":"product_cat-acessorios-pt","8":"first","9":"instock","10":"shipping-taxable","11":"product-type-simple"},"acf":[],"yoast_head":"<!-- This site is optimized with the Yoast SEO plugin v26.2 - https:\/\/yoast.com\/wordpress\/plugins\/seo\/ -->\n<title>Suporte para discos de fibra - VSM Abrasivos<\/title>\n<meta name=\"robots\" content=\"index, follow, max-snippet:-1, max-image-preview:large, max-video-preview:-1\" \/>\n<link rel=\"canonical\" href=\"https:\/\/vsmabrasivos.com\/pt\/wp-json\/wp\/v2\/product\/41594\" \/>\n<meta property=\"og:locale\" content=\"pt_PT\" \/>\n<meta property=\"og:type\" content=\"article\" \/>\n<meta property=\"og:title\" content=\"Suporte para discos de fibra - VSM Abrasivos\" \/>\n<meta property=\"og:description\" content=\"Para o armazenamento adequado de discos de fibra at\u00e9 \u00f8 235 mm, com um furo central de \u00f8 22 mm. Para manter no local de trabalho. Fixados firmemente para evitar distor\u00e7\u00f5es.\" \/>\n<meta property=\"og:url\" content=\"https:\/\/vsmabrasivos.com\/pt\/produtos\/zfl\/\" \/>\n<meta property=\"og:site_name\" content=\"VSM Abrasivos\" \/>\n<meta property=\"article:modified_time\" content=\"2025-08-26T09:25:23+00:00\" \/>\n<meta property=\"og:image\" content=\"https:\/\/vsmabrasivos.com\/wp-content\/uploads\/2025\/08\/Fibre-disc-holder-ZFI.jpg\" \/>\n\t<meta property=\"og:image:width\" content=\"1440\" \/>\n\t<meta property=\"og:image:height\" content=\"1440\" \/>\n\t<meta property=\"og:image:type\" content=\"image\/jpeg\" \/>\n<meta name=\"twitter:card\" content=\"summary_large_image\" \/>\n<meta name=\"twitter:label1\" content=\"Est. reading time\" \/>\n\t<meta name=\"twitter:data1\" content=\"1 minute\" \/>\n<script type=\"application\/ld+json\" class=\"yoast-schema-graph\">{\"@context\":\"https:\/\/schema.org\",\"@graph\":[{\"@type\":\"WebPage\",\"@id\":\"https:\/\/vsmabrasivos.com\/pt\/produtos\/zfl\/\",\"url\":\"https:\/\/vsmabrasivos.com\/pt\/produtos\/zfl\/\",\"name\":\"Suporte para discos de fibra - VSM Abrasivos\",\"isPartOf\":{\"@id\":\"https:\/\/vsmabrasivos.com\/pt\/#website\"},\"primaryImageOfPage\":{\"@id\":\"https:\/\/vsmabrasivos.com\/pt\/produtos\/zfl\/#primaryimage\"},\"image\":{\"@id\":\"https:\/\/vsmabrasivos.com\/pt\/produtos\/zfl\/#primaryimage\"},\"thumbnailUrl\":\"https:\/\/vsmabrasivos.com\/wp-content\/uploads\/2025\/08\/Fibre-disc-holder-ZFI.jpg\",\"datePublished\":\"2023-08-26T09:24:09+00:00\",\"dateModified\":\"2025-08-26T09:25:23+00:00\",\"breadcrumb\":{\"@id\":\"https:\/\/vsmabrasivos.com\/pt\/produtos\/zfl\/#breadcrumb\"},\"inLanguage\":\"pt\",\"potentialAction\":[{\"@type\":\"ReadAction\",\"target\":[\"https:\/\/vsmabrasivos.com\/pt\/produtos\/zfl\/\"]}]},{\"@type\":\"ImageObject\",\"inLanguage\":\"pt\",\"@id\":\"https:\/\/vsmabrasivos.com\/pt\/produtos\/zfl\/#primaryimage\",\"url\":\"https:\/\/vsmabrasivos.com\/wp-content\/uploads\/2025\/08\/Fibre-disc-holder-ZFI.jpg\",\"contentUrl\":\"https:\/\/vsmabrasivos.com\/wp-content\/uploads\/2025\/08\/Fibre-disc-holder-ZFI.jpg\",\"width\":1440,\"height\":1440,\"caption\":\"Fibre Disc Holder Zfi. VSM Abrasivos\"},{\"@type\":\"BreadcrumbList\",\"@id\":\"https:\/\/vsmabrasivos.com\/pt\/produtos\/zfl\/#breadcrumb\",\"itemListElement\":[{\"@type\":\"ListItem\",\"position\":1,\"name\":\"Portada\",\"item\":\"https:\/\/vsmabrasivos.com\/pt\/home\/\"},{\"@type\":\"ListItem\",\"position\":2,\"name\":\"Products\",\"item\":\"https:\/\/vsmabrasivos.com\/pt\/shop\/\"},{\"@type\":\"ListItem\",\"position\":3,\"name\":\"Suporte para discos de fibra\"}]},{\"@type\":\"WebSite\",\"@id\":\"https:\/\/vsmabrasivos.com\/pt\/#website\",\"url\":\"https:\/\/vsmabrasivos.com\/pt\/\",\"name\":\"VSM Abrasivos\",\"description\":\"\",\"potentialAction\":[{\"@type\":\"SearchAction\",\"target\":{\"@type\":\"EntryPoint\",\"urlTemplate\":\"https:\/\/vsmabrasivos.com\/pt\/?s={search_term_string}\"},\"query-input\":{\"@type\":\"PropertyValueSpecification\",\"valueRequired\":true,\"valueName\":\"search_term_string\"}}],\"inLanguage\":\"pt\"}]}<\/script>\n<!-- \/ Yoast SEO plugin. -->","yoast_head_json":{"title":"Suporte para discos de fibra - VSM Abrasivos","robots":{"index":"index","follow":"follow","max-snippet":"max-snippet:-1","max-image-preview":"max-image-preview:large","max-video-preview":"max-video-preview:-1"},"canonical":"https:\/\/vsmabrasivos.com\/pt\/wp-json\/wp\/v2\/product\/41594","og_locale":"pt_PT","og_type":"article","og_title":"Suporte para discos de fibra - VSM Abrasivos","og_description":"Para o armazenamento adequado de discos de fibra at\u00e9 \u00f8 235 mm, com um furo central de \u00f8 22 mm. Para manter no local de trabalho. Fixados firmemente para evitar distor\u00e7\u00f5es.","og_url":"https:\/\/vsmabrasivos.com\/pt\/produtos\/zfl\/","og_site_name":"VSM Abrasivos","article_modified_time":"2025-08-26T09:25:23+00:00","og_image":[{"width":1440,"height":1440,"url":"https:\/\/vsmabrasivos.com\/wp-content\/uploads\/2025\/08\/Fibre-disc-holder-ZFI.jpg","type":"image\/jpeg"}],"twitter_card":"summary_large_image","twitter_misc":{"Est. reading time":"1 minute"},"schema":{"@context":"https:\/\/schema.org","@graph":[{"@type":"WebPage","@id":"https:\/\/vsmabrasivos.com\/pt\/produtos\/zfl\/","url":"https:\/\/vsmabrasivos.com\/pt\/produtos\/zfl\/","name":"Suporte para discos de fibra - VSM Abrasivos","isPartOf":{"@id":"https:\/\/vsmabrasivos.com\/pt\/#website"},"primaryImageOfPage":{"@id":"https:\/\/vsmabrasivos.com\/pt\/produtos\/zfl\/#primaryimage"},"image":{"@id":"https:\/\/vsmabrasivos.com\/pt\/produtos\/zfl\/#primaryimage"},"thumbnailUrl":"https:\/\/vsmabrasivos.com\/wp-content\/uploads\/2025\/08\/Fibre-disc-holder-ZFI.jpg","datePublished":"2023-08-26T09:24:09+00:00","dateModified":"2025-08-26T09:25:23+00:00","breadcrumb":{"@id":"https:\/\/vsmabrasivos.com\/pt\/produtos\/zfl\/#breadcrumb"},"inLanguage":"pt","potentialAction":[{"@type":"ReadAction","target":["https:\/\/vsmabrasivos.com\/pt\/produtos\/zfl\/"]}]},{"@type":"ImageObject","inLanguage":"pt","@id":"https:\/\/vsmabrasivos.com\/pt\/produtos\/zfl\/#primaryimage","url":"https:\/\/vsmabrasivos.com\/wp-content\/uploads\/2025\/08\/Fibre-disc-holder-ZFI.jpg","contentUrl":"https:\/\/vsmabrasivos.com\/wp-content\/uploads\/2025\/08\/Fibre-disc-holder-ZFI.jpg","width":1440,"height":1440,"caption":"Fibre Disc Holder Zfi. VSM Abrasivos"},{"@type":"BreadcrumbList","@id":"https:\/\/vsmabrasivos.com\/pt\/produtos\/zfl\/#breadcrumb","itemListElement":[{"@type":"ListItem","position":1,"name":"Portada","item":"https:\/\/vsmabrasivos.com\/pt\/home\/"},{"@type":"ListItem","position":2,"name":"Products","item":"https:\/\/vsmabrasivos.com\/pt\/shop\/"},{"@type":"ListItem","position":3,"name":"Suporte para discos de fibra"}]},{"@type":"WebSite","@id":"https:\/\/vsmabrasivos.com\/pt\/#website","url":"https:\/\/vsmabrasivos.com\/pt\/","name":"VSM Abrasivos","description":"","potentialAction":[{"@type":"SearchAction","target":{"@type":"EntryPoint","urlTemplate":"https:\/\/vsmabrasivos.com\/pt\/?s={search_term_string}"},"query-input":{"@type":"PropertyValueSpecification","valueRequired":true,"valueName":"search_term_string"}}],"inLanguage":"pt"}]}},"_links":{"self":[{"href":"https:\/\/vsmabrasivos.com\/pt\/wp-json\/wp\/v2\/product\/41594","targetHints":{"allow":["GET"]}}],"collection":[{"href":"https:\/\/vsmabrasivos.com\/pt\/wp-json\/wp\/v2\/product"}],"about":[{"href":"https:\/\/vsmabrasivos.com\/pt\/wp-json\/wp\/v2\/types\/product"}],"replies":[{"embeddable":true,"href":"https:\/\/vsmabrasivos.com\/pt\/wp-json\/wp\/v2\/comments?post=41594"}],"wp:featuredmedia":[{"embeddable":true,"href":"https:\/\/vsmabrasivos.com\/pt\/wp-json\/wp\/v2\/media\/41590"}],"wp:attachment":[{"href":"https:\/\/vsmabrasivos.com\/pt\/wp-json\/wp\/v2\/media?parent=41594"}],"wp:term":[{"taxonomy":"aplicaciones","embeddable":true,"href":"https:\/\/vsmabrasivos.com\/pt\/wp-json\/wp\/v2\/aplicaciones?post=41594"},{"taxonomy":"tipologia-de-grano","embeddable":true,"href":"https:\/\/vsmabrasivos.com\/pt\/wp-json\/wp\/v2\/tipologia-de-grano?post=41594"},{"taxonomy":"product_brand","embeddable":true,"href":"https:\/\/vsmabrasivos.com\/pt\/wp-json\/wp\/v2\/product_brand?post=41594"},{"taxonomy":"product_cat","embeddable":true,"href":"https:\/\/vsmabrasivos.com\/pt\/wp-json\/wp\/v2\/product_cat?post=41594"},{"taxonomy":"product_tag","embeddable":true,"href":"https:\/\/vsmabrasivos.com\/pt\/wp-json\/wp\/v2\/product_tag?post=41594"}],"curies":[{"name":"wp","href":"https:\/\/api.w.org\/{rel}","templated":true}]}}