{"id":41545,"date":"2023-08-26T10:54:25","date_gmt":"2023-08-26T08:54:25","guid":{"rendered":"https:\/\/vsmabrasivos.com\/productos\/zklf\/"},"modified":"2025-08-26T10:55:26","modified_gmt":"2025-08-26T08:55:26","slug":"zklf","status":"publish","type":"product","link":"https:\/\/vsmabrasivos.com\/pt\/produtos\/zklf\/","title":{"rendered":"ALMOFADA ESPUMA \u2014 Suporte de disco com fixa\u00e7\u00e3o de veludo, macia, com borracha celular"},"content":{"rendered":"<p>Almofada de apoio com revestimento em veludo e camada de borracha celular de 12 mm. Para utiliza\u00e7\u00e3o em rebarbadoras angulares de baixa e m\u00e9dia velocidade.<\/p>\n","protected":false},"excerpt":{"rendered":"<p>Almofada de apoio com revestimento em veludo e camada de borracha celular de 12 mm. Para utiliza\u00e7\u00e3o em rebarbadoras angulares de baixa e m\u00e9dia velocidade.<\/p>\n","protected":false},"featured_media":41541,"comment_status":"open","ping_status":"closed","template":"","meta":{"_acf_changed":false,"content-type":""},"aplicaciones":[],"tipologia-de-grano":[],"product_brand":[],"product_cat":[2321],"product_tag":[],"class_list":{"0":"post-41545","1":"product","2":"type-product","3":"status-publish","4":"has-post-thumbnail","6":"product_cat-acessorios-pt","8":"first","9":"instock","10":"shipping-taxable","11":"product-type-simple"},"acf":[],"yoast_head":"<!-- This site is optimized with the Yoast SEO plugin v26.2 - https:\/\/yoast.com\/wordpress\/plugins\/seo\/ -->\n<title>ALMOFADA ESPUMA \u2014 Suporte de disco com fixa\u00e7\u00e3o de veludo, macia, com borracha celular - VSM Abrasivos<\/title>\n<meta name=\"robots\" content=\"index, follow, max-snippet:-1, max-image-preview:large, max-video-preview:-1\" \/>\n<link rel=\"canonical\" href=\"https:\/\/vsmabrasivos.com\/pt\/wp-json\/wp\/v2\/product\/41545\" \/>\n<meta property=\"og:locale\" content=\"pt_PT\" \/>\n<meta property=\"og:type\" content=\"article\" \/>\n<meta property=\"og:title\" content=\"ALMOFADA ESPUMA \u2014 Suporte de disco com fixa\u00e7\u00e3o de veludo, macia, com borracha celular - VSM Abrasivos\" \/>\n<meta property=\"og:description\" content=\"Almofada de apoio com revestimento em veludo e camada de borracha celular de 12 mm. Para utiliza\u00e7\u00e3o em rebarbadoras angulares de baixa e m\u00e9dia velocidade.\" \/>\n<meta property=\"og:url\" content=\"https:\/\/vsmabrasivos.com\/pt\/produtos\/zklf\/\" \/>\n<meta property=\"og:site_name\" content=\"VSM Abrasivos\" \/>\n<meta property=\"article:modified_time\" content=\"2025-08-26T08:55:26+00:00\" \/>\n<meta property=\"og:image\" content=\"https:\/\/vsmabrasivos.com\/wp-content\/uploads\/2025\/08\/Back-up-pad-ZKLF.jpg\" \/>\n\t<meta property=\"og:image:width\" content=\"1440\" \/>\n\t<meta property=\"og:image:height\" content=\"1440\" \/>\n\t<meta property=\"og:image:type\" content=\"image\/jpeg\" \/>\n<meta name=\"twitter:card\" content=\"summary_large_image\" \/>\n<meta name=\"twitter:label1\" content=\"Est. reading time\" \/>\n\t<meta name=\"twitter:data1\" content=\"1 minute\" \/>\n<script type=\"application\/ld+json\" class=\"yoast-schema-graph\">{\"@context\":\"https:\/\/schema.org\",\"@graph\":[{\"@type\":\"WebPage\",\"@id\":\"https:\/\/vsmabrasivos.com\/pt\/produtos\/zklf\/\",\"url\":\"https:\/\/vsmabrasivos.com\/pt\/produtos\/zklf\/\",\"name\":\"ALMOFADA ESPUMA \u2014 Suporte de disco com fixa\u00e7\u00e3o de veludo, macia, com borracha celular - VSM Abrasivos\",\"isPartOf\":{\"@id\":\"https:\/\/vsmabrasivos.com\/pt\/#website\"},\"primaryImageOfPage\":{\"@id\":\"https:\/\/vsmabrasivos.com\/pt\/produtos\/zklf\/#primaryimage\"},\"image\":{\"@id\":\"https:\/\/vsmabrasivos.com\/pt\/produtos\/zklf\/#primaryimage\"},\"thumbnailUrl\":\"https:\/\/vsmabrasivos.com\/wp-content\/uploads\/2025\/08\/Back-up-pad-ZKLF.jpg\",\"datePublished\":\"2023-08-26T08:54:25+00:00\",\"dateModified\":\"2025-08-26T08:55:26+00:00\",\"breadcrumb\":{\"@id\":\"https:\/\/vsmabrasivos.com\/pt\/produtos\/zklf\/#breadcrumb\"},\"inLanguage\":\"pt\",\"potentialAction\":[{\"@type\":\"ReadAction\",\"target\":[\"https:\/\/vsmabrasivos.com\/pt\/produtos\/zklf\/\"]}]},{\"@type\":\"ImageObject\",\"inLanguage\":\"pt\",\"@id\":\"https:\/\/vsmabrasivos.com\/pt\/produtos\/zklf\/#primaryimage\",\"url\":\"https:\/\/vsmabrasivos.com\/wp-content\/uploads\/2025\/08\/Back-up-pad-ZKLF.jpg\",\"contentUrl\":\"https:\/\/vsmabrasivos.com\/wp-content\/uploads\/2025\/08\/Back-up-pad-ZKLF.jpg\",\"width\":1440,\"height\":1440,\"caption\":\"Back-Up-Pad-Zkl-VSM-Abrasivos\"},{\"@type\":\"BreadcrumbList\",\"@id\":\"https:\/\/vsmabrasivos.com\/pt\/produtos\/zklf\/#breadcrumb\",\"itemListElement\":[{\"@type\":\"ListItem\",\"position\":1,\"name\":\"Portada\",\"item\":\"https:\/\/vsmabrasivos.com\/pt\/home\/\"},{\"@type\":\"ListItem\",\"position\":2,\"name\":\"Products\",\"item\":\"https:\/\/vsmabrasivos.com\/pt\/shop\/\"},{\"@type\":\"ListItem\",\"position\":3,\"name\":\"ALMOFADA ESPUMA \u2014 Suporte de disco com fixa\u00e7\u00e3o de veludo, macia, com borracha celular\"}]},{\"@type\":\"WebSite\",\"@id\":\"https:\/\/vsmabrasivos.com\/pt\/#website\",\"url\":\"https:\/\/vsmabrasivos.com\/pt\/\",\"name\":\"VSM Abrasivos\",\"description\":\"\",\"potentialAction\":[{\"@type\":\"SearchAction\",\"target\":{\"@type\":\"EntryPoint\",\"urlTemplate\":\"https:\/\/vsmabrasivos.com\/pt\/?s={search_term_string}\"},\"query-input\":{\"@type\":\"PropertyValueSpecification\",\"valueRequired\":true,\"valueName\":\"search_term_string\"}}],\"inLanguage\":\"pt\"}]}<\/script>\n<!-- \/ Yoast SEO plugin. -->","yoast_head_json":{"title":"ALMOFADA ESPUMA \u2014 Suporte de disco com fixa\u00e7\u00e3o de veludo, macia, com borracha celular - VSM Abrasivos","robots":{"index":"index","follow":"follow","max-snippet":"max-snippet:-1","max-image-preview":"max-image-preview:large","max-video-preview":"max-video-preview:-1"},"canonical":"https:\/\/vsmabrasivos.com\/pt\/wp-json\/wp\/v2\/product\/41545","og_locale":"pt_PT","og_type":"article","og_title":"ALMOFADA ESPUMA \u2014 Suporte de disco com fixa\u00e7\u00e3o de veludo, macia, com borracha celular - VSM Abrasivos","og_description":"Almofada de apoio com revestimento em veludo e camada de borracha celular de 12 mm. Para utiliza\u00e7\u00e3o em rebarbadoras angulares de baixa e m\u00e9dia velocidade.","og_url":"https:\/\/vsmabrasivos.com\/pt\/produtos\/zklf\/","og_site_name":"VSM Abrasivos","article_modified_time":"2025-08-26T08:55:26+00:00","og_image":[{"width":1440,"height":1440,"url":"https:\/\/vsmabrasivos.com\/wp-content\/uploads\/2025\/08\/Back-up-pad-ZKLF.jpg","type":"image\/jpeg"}],"twitter_card":"summary_large_image","twitter_misc":{"Est. reading time":"1 minute"},"schema":{"@context":"https:\/\/schema.org","@graph":[{"@type":"WebPage","@id":"https:\/\/vsmabrasivos.com\/pt\/produtos\/zklf\/","url":"https:\/\/vsmabrasivos.com\/pt\/produtos\/zklf\/","name":"ALMOFADA ESPUMA \u2014 Suporte de disco com fixa\u00e7\u00e3o de veludo, macia, com borracha celular - VSM Abrasivos","isPartOf":{"@id":"https:\/\/vsmabrasivos.com\/pt\/#website"},"primaryImageOfPage":{"@id":"https:\/\/vsmabrasivos.com\/pt\/produtos\/zklf\/#primaryimage"},"image":{"@id":"https:\/\/vsmabrasivos.com\/pt\/produtos\/zklf\/#primaryimage"},"thumbnailUrl":"https:\/\/vsmabrasivos.com\/wp-content\/uploads\/2025\/08\/Back-up-pad-ZKLF.jpg","datePublished":"2023-08-26T08:54:25+00:00","dateModified":"2025-08-26T08:55:26+00:00","breadcrumb":{"@id":"https:\/\/vsmabrasivos.com\/pt\/produtos\/zklf\/#breadcrumb"},"inLanguage":"pt","potentialAction":[{"@type":"ReadAction","target":["https:\/\/vsmabrasivos.com\/pt\/produtos\/zklf\/"]}]},{"@type":"ImageObject","inLanguage":"pt","@id":"https:\/\/vsmabrasivos.com\/pt\/produtos\/zklf\/#primaryimage","url":"https:\/\/vsmabrasivos.com\/wp-content\/uploads\/2025\/08\/Back-up-pad-ZKLF.jpg","contentUrl":"https:\/\/vsmabrasivos.com\/wp-content\/uploads\/2025\/08\/Back-up-pad-ZKLF.jpg","width":1440,"height":1440,"caption":"Back-Up-Pad-Zkl-VSM-Abrasivos"},{"@type":"BreadcrumbList","@id":"https:\/\/vsmabrasivos.com\/pt\/produtos\/zklf\/#breadcrumb","itemListElement":[{"@type":"ListItem","position":1,"name":"Portada","item":"https:\/\/vsmabrasivos.com\/pt\/home\/"},{"@type":"ListItem","position":2,"name":"Products","item":"https:\/\/vsmabrasivos.com\/pt\/shop\/"},{"@type":"ListItem","position":3,"name":"ALMOFADA ESPUMA \u2014 Suporte de disco com fixa\u00e7\u00e3o de veludo, macia, com borracha celular"}]},{"@type":"WebSite","@id":"https:\/\/vsmabrasivos.com\/pt\/#website","url":"https:\/\/vsmabrasivos.com\/pt\/","name":"VSM Abrasivos","description":"","potentialAction":[{"@type":"SearchAction","target":{"@type":"EntryPoint","urlTemplate":"https:\/\/vsmabrasivos.com\/pt\/?s={search_term_string}"},"query-input":{"@type":"PropertyValueSpecification","valueRequired":true,"valueName":"search_term_string"}}],"inLanguage":"pt"}]}},"_links":{"self":[{"href":"https:\/\/vsmabrasivos.com\/pt\/wp-json\/wp\/v2\/product\/41545","targetHints":{"allow":["GET"]}}],"collection":[{"href":"https:\/\/vsmabrasivos.com\/pt\/wp-json\/wp\/v2\/product"}],"about":[{"href":"https:\/\/vsmabrasivos.com\/pt\/wp-json\/wp\/v2\/types\/product"}],"replies":[{"embeddable":true,"href":"https:\/\/vsmabrasivos.com\/pt\/wp-json\/wp\/v2\/comments?post=41545"}],"wp:featuredmedia":[{"embeddable":true,"href":"https:\/\/vsmabrasivos.com\/pt\/wp-json\/wp\/v2\/media\/41541"}],"wp:attachment":[{"href":"https:\/\/vsmabrasivos.com\/pt\/wp-json\/wp\/v2\/media?parent=41545"}],"wp:term":[{"taxonomy":"aplicaciones","embeddable":true,"href":"https:\/\/vsmabrasivos.com\/pt\/wp-json\/wp\/v2\/aplicaciones?post=41545"},{"taxonomy":"tipologia-de-grano","embeddable":true,"href":"https:\/\/vsmabrasivos.com\/pt\/wp-json\/wp\/v2\/tipologia-de-grano?post=41545"},{"taxonomy":"product_brand","embeddable":true,"href":"https:\/\/vsmabrasivos.com\/pt\/wp-json\/wp\/v2\/product_brand?post=41545"},{"taxonomy":"product_cat","embeddable":true,"href":"https:\/\/vsmabrasivos.com\/pt\/wp-json\/wp\/v2\/product_cat?post=41545"},{"taxonomy":"product_tag","embeddable":true,"href":"https:\/\/vsmabrasivos.com\/pt\/wp-json\/wp\/v2\/product_tag?post=41545"}],"curies":[{"name":"wp","href":"https:\/\/api.w.org\/{rel}","templated":true}]}}