{"id":38422,"date":"2024-11-06T10:39:06","date_gmt":"2024-11-06T09:39:06","guid":{"rendered":"https:\/\/vsmabrasivos.com\/?post_type=product&#038;p=38422"},"modified":"2025-09-15T12:30:00","modified_gmt":"2025-09-15T10:30:00","slug":"da930k","status":"publish","type":"product","link":"https:\/\/vsmabrasivos.com\/pt\/produtos\/da930k\/","title":{"rendered":"DA930K"},"content":{"rendered":"<p>Abrasivo diamantado com revestimento aveludado parcial. Adequado para utiliza\u00e7\u00e3o com materiais como metais n\u00e3o ferrosos muito duros ou metais com superf\u00edcie endurecida. O DA930K caracteriza-se pela sua longa vida \u00fatil, elevada taxa de remo\u00e7\u00e3o de material, qualidade de superf\u00edcie consistente e resist\u00eancia a altas temperaturas.<\/p>\n","protected":false},"excerpt":{"rendered":"<p>Abrasivo diamantado com revestimento aveludado parcial. Adequado para utiliza\u00e7\u00e3o com materiais como metais n\u00e3o ferrosos muito duros ou metais com superf\u00edcie endurecida. O DA930K caracteriza-se pela sua longa vida \u00fatil, elevada taxa de remo\u00e7\u00e3o de material, qualidade de superf\u00edcie consistente e resist\u00eancia a altas temperaturas.<\/p>\n","protected":false},"featured_media":40385,"comment_status":"open","ping_status":"closed","template":"","meta":{"_acf_changed":false,"content-type":""},"aplicaciones":[],"tipologia-de-grano":[4056],"product_brand":[],"product_cat":[3807],"product_tag":[],"class_list":{"0":"post-38422","1":"product","2":"type-product","3":"status-publish","4":"has-post-thumbnail","6":"tipologia-de-grano-vsm-diamond-cbn-pt","7":"product_cat-vsm-diamond-pt","8":"pa_flexibilidad-robusto-pt","10":"first","11":"instock","12":"shipping-taxable","13":"product-type-simple"},"acf":[],"yoast_head":"<!-- This site is optimized with the Yoast SEO plugin v26.2 - https:\/\/yoast.com\/wordpress\/plugins\/seo\/ -->\n<title>DA930K - VSM Abrasivos<\/title>\n<meta name=\"robots\" content=\"index, follow, max-snippet:-1, max-image-preview:large, max-video-preview:-1\" \/>\n<link rel=\"canonical\" href=\"https:\/\/vsmabrasivos.com\/pt\/wp-json\/wp\/v2\/product\/38422\" \/>\n<meta property=\"og:locale\" content=\"pt_PT\" \/>\n<meta property=\"og:type\" content=\"article\" \/>\n<meta property=\"og:title\" content=\"DA930K - VSM Abrasivos\" \/>\n<meta property=\"og:description\" content=\"Abrasivo diamantado com revestimento aveludado parcial. Adequado para utiliza\u00e7\u00e3o com materiais como metais n\u00e3o ferrosos muito duros ou metais com superf\u00edcie endurecida. O DA930K caracteriza-se pela sua longa vida \u00fatil, elevada taxa de remo\u00e7\u00e3o de material, qualidade de superf\u00edcie consistente e resist\u00eancia a altas temperaturas.\" \/>\n<meta property=\"og:url\" content=\"https:\/\/vsmabrasivos.com\/pt\/produtos\/da930k\/\" \/>\n<meta property=\"og:site_name\" content=\"VSM Abrasivos\" \/>\n<meta property=\"article:modified_time\" content=\"2025-09-15T10:30:00+00:00\" \/>\n<meta property=\"og:image\" content=\"https:\/\/vsmabrasivos.com\/wp-content\/uploads\/2025\/05\/da930k-01_web.jpg\" \/>\n\t<meta property=\"og:image:width\" content=\"800\" \/>\n\t<meta property=\"og:image:height\" content=\"800\" \/>\n\t<meta property=\"og:image:type\" content=\"image\/jpeg\" \/>\n<meta name=\"twitter:card\" content=\"summary_large_image\" \/>\n<meta name=\"twitter:label1\" content=\"Est. reading time\" \/>\n\t<meta name=\"twitter:data1\" content=\"1 minute\" \/>\n<script type=\"application\/ld+json\" class=\"yoast-schema-graph\">{\"@context\":\"https:\/\/schema.org\",\"@graph\":[{\"@type\":\"WebPage\",\"@id\":\"https:\/\/vsmabrasivos.com\/pt\/produtos\/da930k\/\",\"url\":\"https:\/\/vsmabrasivos.com\/pt\/produtos\/da930k\/\",\"name\":\"DA930K - VSM Abrasivos\",\"isPartOf\":{\"@id\":\"https:\/\/vsmabrasivos.com\/pt\/#website\"},\"primaryImageOfPage\":{\"@id\":\"https:\/\/vsmabrasivos.com\/pt\/produtos\/da930k\/#primaryimage\"},\"image\":{\"@id\":\"https:\/\/vsmabrasivos.com\/pt\/produtos\/da930k\/#primaryimage\"},\"thumbnailUrl\":\"https:\/\/vsmabrasivos.com\/wp-content\/uploads\/2025\/05\/da930k-01_web.jpg\",\"datePublished\":\"2024-11-06T09:39:06+00:00\",\"dateModified\":\"2025-09-15T10:30:00+00:00\",\"breadcrumb\":{\"@id\":\"https:\/\/vsmabrasivos.com\/pt\/produtos\/da930k\/#breadcrumb\"},\"inLanguage\":\"pt\",\"potentialAction\":[{\"@type\":\"ReadAction\",\"target\":[\"https:\/\/vsmabrasivos.com\/pt\/produtos\/da930k\/\"]}]},{\"@type\":\"ImageObject\",\"inLanguage\":\"pt\",\"@id\":\"https:\/\/vsmabrasivos.com\/pt\/produtos\/da930k\/#primaryimage\",\"url\":\"https:\/\/vsmabrasivos.com\/wp-content\/uploads\/2025\/05\/da930k-01_web.jpg\",\"contentUrl\":\"https:\/\/vsmabrasivos.com\/wp-content\/uploads\/2025\/05\/da930k-01_web.jpg\",\"width\":800,\"height\":800},{\"@type\":\"BreadcrumbList\",\"@id\":\"https:\/\/vsmabrasivos.com\/pt\/produtos\/da930k\/#breadcrumb\",\"itemListElement\":[{\"@type\":\"ListItem\",\"position\":1,\"name\":\"Portada\",\"item\":\"https:\/\/vsmabrasivos.com\/pt\/home\/\"},{\"@type\":\"ListItem\",\"position\":2,\"name\":\"Products\",\"item\":\"https:\/\/vsmabrasivos.com\/pt\/shop\/\"},{\"@type\":\"ListItem\",\"position\":3,\"name\":\"DA930K\"}]},{\"@type\":\"WebSite\",\"@id\":\"https:\/\/vsmabrasivos.com\/pt\/#website\",\"url\":\"https:\/\/vsmabrasivos.com\/pt\/\",\"name\":\"VSM Abrasivos\",\"description\":\"\",\"potentialAction\":[{\"@type\":\"SearchAction\",\"target\":{\"@type\":\"EntryPoint\",\"urlTemplate\":\"https:\/\/vsmabrasivos.com\/pt\/?s={search_term_string}\"},\"query-input\":{\"@type\":\"PropertyValueSpecification\",\"valueRequired\":true,\"valueName\":\"search_term_string\"}}],\"inLanguage\":\"pt\"}]}<\/script>\n<!-- \/ Yoast SEO plugin. -->","yoast_head_json":{"title":"DA930K - VSM Abrasivos","robots":{"index":"index","follow":"follow","max-snippet":"max-snippet:-1","max-image-preview":"max-image-preview:large","max-video-preview":"max-video-preview:-1"},"canonical":"https:\/\/vsmabrasivos.com\/pt\/wp-json\/wp\/v2\/product\/38422","og_locale":"pt_PT","og_type":"article","og_title":"DA930K - VSM Abrasivos","og_description":"Abrasivo diamantado com revestimento aveludado parcial. Adequado para utiliza\u00e7\u00e3o com materiais como metais n\u00e3o ferrosos muito duros ou metais com superf\u00edcie endurecida. O DA930K caracteriza-se pela sua longa vida \u00fatil, elevada taxa de remo\u00e7\u00e3o de material, qualidade de superf\u00edcie consistente e resist\u00eancia a altas temperaturas.","og_url":"https:\/\/vsmabrasivos.com\/pt\/produtos\/da930k\/","og_site_name":"VSM Abrasivos","article_modified_time":"2025-09-15T10:30:00+00:00","og_image":[{"width":800,"height":800,"url":"https:\/\/vsmabrasivos.com\/wp-content\/uploads\/2025\/05\/da930k-01_web.jpg","type":"image\/jpeg"}],"twitter_card":"summary_large_image","twitter_misc":{"Est. reading time":"1 minute"},"schema":{"@context":"https:\/\/schema.org","@graph":[{"@type":"WebPage","@id":"https:\/\/vsmabrasivos.com\/pt\/produtos\/da930k\/","url":"https:\/\/vsmabrasivos.com\/pt\/produtos\/da930k\/","name":"DA930K - VSM Abrasivos","isPartOf":{"@id":"https:\/\/vsmabrasivos.com\/pt\/#website"},"primaryImageOfPage":{"@id":"https:\/\/vsmabrasivos.com\/pt\/produtos\/da930k\/#primaryimage"},"image":{"@id":"https:\/\/vsmabrasivos.com\/pt\/produtos\/da930k\/#primaryimage"},"thumbnailUrl":"https:\/\/vsmabrasivos.com\/wp-content\/uploads\/2025\/05\/da930k-01_web.jpg","datePublished":"2024-11-06T09:39:06+00:00","dateModified":"2025-09-15T10:30:00+00:00","breadcrumb":{"@id":"https:\/\/vsmabrasivos.com\/pt\/produtos\/da930k\/#breadcrumb"},"inLanguage":"pt","potentialAction":[{"@type":"ReadAction","target":["https:\/\/vsmabrasivos.com\/pt\/produtos\/da930k\/"]}]},{"@type":"ImageObject","inLanguage":"pt","@id":"https:\/\/vsmabrasivos.com\/pt\/produtos\/da930k\/#primaryimage","url":"https:\/\/vsmabrasivos.com\/wp-content\/uploads\/2025\/05\/da930k-01_web.jpg","contentUrl":"https:\/\/vsmabrasivos.com\/wp-content\/uploads\/2025\/05\/da930k-01_web.jpg","width":800,"height":800},{"@type":"BreadcrumbList","@id":"https:\/\/vsmabrasivos.com\/pt\/produtos\/da930k\/#breadcrumb","itemListElement":[{"@type":"ListItem","position":1,"name":"Portada","item":"https:\/\/vsmabrasivos.com\/pt\/home\/"},{"@type":"ListItem","position":2,"name":"Products","item":"https:\/\/vsmabrasivos.com\/pt\/shop\/"},{"@type":"ListItem","position":3,"name":"DA930K"}]},{"@type":"WebSite","@id":"https:\/\/vsmabrasivos.com\/pt\/#website","url":"https:\/\/vsmabrasivos.com\/pt\/","name":"VSM Abrasivos","description":"","potentialAction":[{"@type":"SearchAction","target":{"@type":"EntryPoint","urlTemplate":"https:\/\/vsmabrasivos.com\/pt\/?s={search_term_string}"},"query-input":{"@type":"PropertyValueSpecification","valueRequired":true,"valueName":"search_term_string"}}],"inLanguage":"pt"}]}},"_links":{"self":[{"href":"https:\/\/vsmabrasivos.com\/pt\/wp-json\/wp\/v2\/product\/38422","targetHints":{"allow":["GET"]}}],"collection":[{"href":"https:\/\/vsmabrasivos.com\/pt\/wp-json\/wp\/v2\/product"}],"about":[{"href":"https:\/\/vsmabrasivos.com\/pt\/wp-json\/wp\/v2\/types\/product"}],"replies":[{"embeddable":true,"href":"https:\/\/vsmabrasivos.com\/pt\/wp-json\/wp\/v2\/comments?post=38422"}],"wp:featuredmedia":[{"embeddable":true,"href":"https:\/\/vsmabrasivos.com\/pt\/wp-json\/wp\/v2\/media\/40385"}],"wp:attachment":[{"href":"https:\/\/vsmabrasivos.com\/pt\/wp-json\/wp\/v2\/media?parent=38422"}],"wp:term":[{"taxonomy":"aplicaciones","embeddable":true,"href":"https:\/\/vsmabrasivos.com\/pt\/wp-json\/wp\/v2\/aplicaciones?post=38422"},{"taxonomy":"tipologia-de-grano","embeddable":true,"href":"https:\/\/vsmabrasivos.com\/pt\/wp-json\/wp\/v2\/tipologia-de-grano?post=38422"},{"taxonomy":"product_brand","embeddable":true,"href":"https:\/\/vsmabrasivos.com\/pt\/wp-json\/wp\/v2\/product_brand?post=38422"},{"taxonomy":"product_cat","embeddable":true,"href":"https:\/\/vsmabrasivos.com\/pt\/wp-json\/wp\/v2\/product_cat?post=38422"},{"taxonomy":"product_tag","embeddable":true,"href":"https:\/\/vsmabrasivos.com\/pt\/wp-json\/wp\/v2\/product_tag?post=38422"}],"curies":[{"name":"wp","href":"https:\/\/api.w.org\/{rel}","templated":true}]}}