{"id":29486,"date":"2025-01-18T19:55:34","date_gmt":"2025-01-18T18:55:34","guid":{"rendered":"https:\/\/vsmabrasivos.com\/productos\/af890\/"},"modified":"2025-01-14T10:55:18","modified_gmt":"2025-01-14T09:55:18","slug":"af890-d","status":"publish","type":"product","link":"https:\/\/vsmabrasivos.com\/pt\/produtos\/af890-d\/","title":{"rendered":"AF890"},"content":{"rendered":"<p>M\u00e1ximo desempenho de arranque e elevada agressividade inicial gra\u00e7as ao gr\u00e3o cer\u00e2mico de formato geom\u00e9trico. Ideal para a maquina\u00e7\u00e3o de a\u00e7os inoxid\u00e1veis \u200b\u200be superligas com corte a frio e sem descolora\u00e7\u00e3o gra\u00e7as \u00e0 camada ativa de lixagem adicional TOP SIZE. A AF890 atinge o seu desempenho m\u00e1ximo quando utilizada com rebarbadoras angulares de alta pot\u00eancia.<\/p>\n<h3>A vantagem no desempenho de lixagem<\/h3>\n<p>A pr\u00e1tica tem demonstrado que os abrasivos ACTIROX apresentam um desempenho abrasivo superior aos abrasivos convencionais compar\u00e1veis, com um acabamento superficial uniforme. Obt\u00e9m-se uma maior remo\u00e7\u00e3o de material do que seria de esperar com o tamanho de gr\u00e3o especificado, mas n\u00e3o se obt\u00e9m uma superf\u00edcie mais rugosa. Uma verdadeira vantagem para o seu processo de lixagem.<\/p>\n<p><iframe loading=\"lazy\" title=\"YouTube video player\" src=\"https:\/\/www.youtube.com\/embed\/qvj1n4JNFpw?si=0y20TIppocvzxDBM\" width=\"560\" height=\"315\" frameborder=\"0\" allowfullscreen=\"allowfullscreen\"><\/iframe><\/p>\n","protected":false},"excerpt":{"rendered":"<p>M\u00e1ximo desempenho de arranque e elevada agressividade inicial gra\u00e7as ao gr\u00e3o cer\u00e2mico de formato geom\u00e9trico. Ideal para a maquina\u00e7\u00e3o de a\u00e7os inoxid\u00e1veis \u200b\u200be superligas com corte a frio e sem descolora\u00e7\u00e3o gra\u00e7as \u00e0 camada ativa de lixagem adicional TOP SIZE. A AF890 atinge o seu desempenho m\u00e1ximo quando utilizada com rebarbadoras angulares de alta pot\u00eancia. [&hellip;]<\/p>\n","protected":false},"featured_media":39249,"comment_status":"closed","ping_status":"closed","template":"","meta":{"_acf_changed":false,"content-type":""},"aplicaciones":[],"tipologia-de-grano":[1957],"product_brand":[],"product_cat":[1755],"product_tag":[],"class_list":{"0":"post-29486","1":"product","2":"type-product","3":"status-publish","4":"has-post-thumbnail","6":"tipologia-de-grano-vsm-actirox-pt","7":"product_cat-vsm-actirox-pt","8":"pa_flexibilidad-muy-basto-pt","10":"first","11":"instock","12":"product-type-simple"},"acf":[],"yoast_head":"<!-- This site is optimized with the Yoast SEO plugin v26.2 - https:\/\/yoast.com\/wordpress\/plugins\/seo\/ -->\n<title>AF890 Disco Abrasivo Top Size | VSM Portugal<\/title>\n<meta name=\"robots\" content=\"index, follow, max-snippet:-1, max-image-preview:large, max-video-preview:-1\" \/>\n<link rel=\"canonical\" href=\"https:\/\/vsmabrasivos.com\/pt\/wp-json\/wp\/v2\/product\/29486\" \/>\n<meta property=\"og:locale\" content=\"pt_PT\" \/>\n<meta property=\"og:type\" content=\"article\" \/>\n<meta property=\"og:title\" content=\"AF890 Disco Abrasivo Top Size | VSM Portugal\" \/>\n<meta property=\"og:description\" content=\"M\u00e1ximo desempenho de arranque e elevada agressividade inicial gra\u00e7as ao gr\u00e3o cer\u00e2mico de formato geom\u00e9trico. Ideal para a maquina\u00e7\u00e3o de a\u00e7os inoxid\u00e1veis \u200b\u200be superligas com corte a frio e sem descolora\u00e7\u00e3o gra\u00e7as \u00e0 camada ativa de lixagem adicional TOP SIZE. A AF890 atinge o seu desempenho m\u00e1ximo quando utilizada com rebarbadoras angulares de alta pot\u00eancia. [&hellip;]\" \/>\n<meta property=\"og:url\" content=\"https:\/\/vsmabrasivos.com\/pt\/produtos\/af890-d\/\" \/>\n<meta property=\"og:site_name\" content=\"VSM Abrasivos\" \/>\n<meta property=\"og:image\" content=\"https:\/\/vsmabrasivos.com\/wp-content\/uploads\/2024\/06\/csm_af890-02_f6d0b971a5.jpg\" \/>\n\t<meta property=\"og:image:width\" content=\"380\" \/>\n\t<meta property=\"og:image:height\" content=\"380\" \/>\n\t<meta property=\"og:image:type\" content=\"image\/jpeg\" \/>\n<meta name=\"twitter:card\" content=\"summary_large_image\" \/>\n<meta name=\"twitter:label1\" content=\"Est. reading time\" \/>\n\t<meta name=\"twitter:data1\" content=\"1 minute\" \/>\n<script type=\"application\/ld+json\" class=\"yoast-schema-graph\">{\"@context\":\"https:\/\/schema.org\",\"@graph\":[{\"@type\":\"WebPage\",\"@id\":\"https:\/\/vsmabrasivos.com\/pt\/produtos\/af890-d\/\",\"url\":\"https:\/\/vsmabrasivos.com\/pt\/produtos\/af890-d\/\",\"name\":\"AF890 Disco Abrasivo Top Size | VSM Portugal\",\"isPartOf\":{\"@id\":\"https:\/\/vsmabrasivos.com\/pt\/#website\"},\"primaryImageOfPage\":{\"@id\":\"https:\/\/vsmabrasivos.com\/pt\/produtos\/af890-d\/#primaryimage\"},\"image\":{\"@id\":\"https:\/\/vsmabrasivos.com\/pt\/produtos\/af890-d\/#primaryimage\"},\"thumbnailUrl\":\"https:\/\/vsmabrasivos.com\/wp-content\/uploads\/2024\/07\/csm_af890-02_f6d0b971a5-2.jpg\",\"datePublished\":\"2025-01-18T18:55:34+00:00\",\"breadcrumb\":{\"@id\":\"https:\/\/vsmabrasivos.com\/pt\/produtos\/af890-d\/#breadcrumb\"},\"inLanguage\":\"pt\",\"potentialAction\":[{\"@type\":\"ReadAction\",\"target\":[\"https:\/\/vsmabrasivos.com\/pt\/produtos\/af890-d\/\"]}]},{\"@type\":\"ImageObject\",\"inLanguage\":\"pt\",\"@id\":\"https:\/\/vsmabrasivos.com\/pt\/produtos\/af890-d\/#primaryimage\",\"url\":\"https:\/\/vsmabrasivos.com\/wp-content\/uploads\/2024\/07\/csm_af890-02_f6d0b971a5-2.jpg\",\"contentUrl\":\"https:\/\/vsmabrasivos.com\/wp-content\/uploads\/2024\/07\/csm_af890-02_f6d0b971a5-2.jpg\",\"width\":1440,\"height\":1440},{\"@type\":\"BreadcrumbList\",\"@id\":\"https:\/\/vsmabrasivos.com\/pt\/produtos\/af890-d\/#breadcrumb\",\"itemListElement\":[{\"@type\":\"ListItem\",\"position\":1,\"name\":\"Portada\",\"item\":\"https:\/\/vsmabrasivos.com\/pt\/home\/\"},{\"@type\":\"ListItem\",\"position\":2,\"name\":\"Products\",\"item\":\"https:\/\/vsmabrasivos.com\/pt\/shop\/\"},{\"@type\":\"ListItem\",\"position\":3,\"name\":\"AF890\"}]},{\"@type\":\"WebSite\",\"@id\":\"https:\/\/vsmabrasivos.com\/pt\/#website\",\"url\":\"https:\/\/vsmabrasivos.com\/pt\/\",\"name\":\"VSM Abrasivos\",\"description\":\"\",\"potentialAction\":[{\"@type\":\"SearchAction\",\"target\":{\"@type\":\"EntryPoint\",\"urlTemplate\":\"https:\/\/vsmabrasivos.com\/pt\/?s={search_term_string}\"},\"query-input\":{\"@type\":\"PropertyValueSpecification\",\"valueRequired\":true,\"valueName\":\"search_term_string\"}}],\"inLanguage\":\"pt\"}]}<\/script>\n<!-- \/ Yoast SEO plugin. -->","yoast_head_json":{"title":"AF890 Disco Abrasivo Top Size | VSM Portugal","robots":{"index":"index","follow":"follow","max-snippet":"max-snippet:-1","max-image-preview":"max-image-preview:large","max-video-preview":"max-video-preview:-1"},"canonical":"https:\/\/vsmabrasivos.com\/pt\/wp-json\/wp\/v2\/product\/29486","og_locale":"pt_PT","og_type":"article","og_title":"AF890 Disco Abrasivo Top Size | VSM Portugal","og_description":"M\u00e1ximo desempenho de arranque e elevada agressividade inicial gra\u00e7as ao gr\u00e3o cer\u00e2mico de formato geom\u00e9trico. Ideal para a maquina\u00e7\u00e3o de a\u00e7os inoxid\u00e1veis \u200b\u200be superligas com corte a frio e sem descolora\u00e7\u00e3o gra\u00e7as \u00e0 camada ativa de lixagem adicional TOP SIZE. A AF890 atinge o seu desempenho m\u00e1ximo quando utilizada com rebarbadoras angulares de alta pot\u00eancia. [&hellip;]","og_url":"https:\/\/vsmabrasivos.com\/pt\/produtos\/af890-d\/","og_site_name":"VSM Abrasivos","og_image":[{"width":380,"height":380,"url":"https:\/\/vsmabrasivos.com\/wp-content\/uploads\/2024\/06\/csm_af890-02_f6d0b971a5.jpg","type":"image\/jpeg"}],"twitter_card":"summary_large_image","twitter_misc":{"Est. reading time":"1 minute"},"schema":{"@context":"https:\/\/schema.org","@graph":[{"@type":"WebPage","@id":"https:\/\/vsmabrasivos.com\/pt\/produtos\/af890-d\/","url":"https:\/\/vsmabrasivos.com\/pt\/produtos\/af890-d\/","name":"AF890 Disco Abrasivo Top Size | VSM Portugal","isPartOf":{"@id":"https:\/\/vsmabrasivos.com\/pt\/#website"},"primaryImageOfPage":{"@id":"https:\/\/vsmabrasivos.com\/pt\/produtos\/af890-d\/#primaryimage"},"image":{"@id":"https:\/\/vsmabrasivos.com\/pt\/produtos\/af890-d\/#primaryimage"},"thumbnailUrl":"https:\/\/vsmabrasivos.com\/wp-content\/uploads\/2024\/07\/csm_af890-02_f6d0b971a5-2.jpg","datePublished":"2025-01-18T18:55:34+00:00","breadcrumb":{"@id":"https:\/\/vsmabrasivos.com\/pt\/produtos\/af890-d\/#breadcrumb"},"inLanguage":"pt","potentialAction":[{"@type":"ReadAction","target":["https:\/\/vsmabrasivos.com\/pt\/produtos\/af890-d\/"]}]},{"@type":"ImageObject","inLanguage":"pt","@id":"https:\/\/vsmabrasivos.com\/pt\/produtos\/af890-d\/#primaryimage","url":"https:\/\/vsmabrasivos.com\/wp-content\/uploads\/2024\/07\/csm_af890-02_f6d0b971a5-2.jpg","contentUrl":"https:\/\/vsmabrasivos.com\/wp-content\/uploads\/2024\/07\/csm_af890-02_f6d0b971a5-2.jpg","width":1440,"height":1440},{"@type":"BreadcrumbList","@id":"https:\/\/vsmabrasivos.com\/pt\/produtos\/af890-d\/#breadcrumb","itemListElement":[{"@type":"ListItem","position":1,"name":"Portada","item":"https:\/\/vsmabrasivos.com\/pt\/home\/"},{"@type":"ListItem","position":2,"name":"Products","item":"https:\/\/vsmabrasivos.com\/pt\/shop\/"},{"@type":"ListItem","position":3,"name":"AF890"}]},{"@type":"WebSite","@id":"https:\/\/vsmabrasivos.com\/pt\/#website","url":"https:\/\/vsmabrasivos.com\/pt\/","name":"VSM Abrasivos","description":"","potentialAction":[{"@type":"SearchAction","target":{"@type":"EntryPoint","urlTemplate":"https:\/\/vsmabrasivos.com\/pt\/?s={search_term_string}"},"query-input":{"@type":"PropertyValueSpecification","valueRequired":true,"valueName":"search_term_string"}}],"inLanguage":"pt"}]}},"_links":{"self":[{"href":"https:\/\/vsmabrasivos.com\/pt\/wp-json\/wp\/v2\/product\/29486","targetHints":{"allow":["GET"]}}],"collection":[{"href":"https:\/\/vsmabrasivos.com\/pt\/wp-json\/wp\/v2\/product"}],"about":[{"href":"https:\/\/vsmabrasivos.com\/pt\/wp-json\/wp\/v2\/types\/product"}],"replies":[{"embeddable":true,"href":"https:\/\/vsmabrasivos.com\/pt\/wp-json\/wp\/v2\/comments?post=29486"}],"wp:featuredmedia":[{"embeddable":true,"href":"https:\/\/vsmabrasivos.com\/pt\/wp-json\/wp\/v2\/media\/39249"}],"wp:attachment":[{"href":"https:\/\/vsmabrasivos.com\/pt\/wp-json\/wp\/v2\/media?parent=29486"}],"wp:term":[{"taxonomy":"aplicaciones","embeddable":true,"href":"https:\/\/vsmabrasivos.com\/pt\/wp-json\/wp\/v2\/aplicaciones?post=29486"},{"taxonomy":"tipologia-de-grano","embeddable":true,"href":"https:\/\/vsmabrasivos.com\/pt\/wp-json\/wp\/v2\/tipologia-de-grano?post=29486"},{"taxonomy":"product_brand","embeddable":true,"href":"https:\/\/vsmabrasivos.com\/pt\/wp-json\/wp\/v2\/product_brand?post=29486"},{"taxonomy":"product_cat","embeddable":true,"href":"https:\/\/vsmabrasivos.com\/pt\/wp-json\/wp\/v2\/product_cat?post=29486"},{"taxonomy":"product_tag","embeddable":true,"href":"https:\/\/vsmabrasivos.com\/pt\/wp-json\/wp\/v2\/product_tag?post=29486"}],"curies":[{"name":"wp","href":"https:\/\/api.w.org\/{rel}","templated":true}]}}