{"id":29471,"date":"2025-01-18T19:48:15","date_gmt":"2025-01-18T18:48:15","guid":{"rendered":"https:\/\/vsmabrasivos.com\/productos\/cp918a\/"},"modified":"2025-01-16T13:27:14","modified_gmt":"2025-01-16T12:27:14","slug":"cp918a-f","status":"publish","type":"product","link":"https:\/\/vsmabrasivos.com\/pt\/produtos\/cp918a-f\/","title":{"rendered":"CP918A"},"content":{"rendered":"<p>O produto especializado para lixagem e lixagem interm\u00e9dia de revestimentos de pintura: o carboneto de sil\u00edcio sobre papel de l\u00e1tex leve garante uma boa adaptabilidade aos contornos da pe\u00e7a de trabalho, mesmo na lixagem h\u00famida.<\/p>\n","protected":false},"excerpt":{"rendered":"<p>O produto especializado para lixagem e lixagem interm\u00e9dia de revestimentos de pintura: o carboneto de sil\u00edcio sobre papel de l\u00e1tex leve garante uma boa adaptabilidade aos contornos da pe\u00e7a de trabalho, mesmo na lixagem h\u00famida.<\/p>\n","protected":false},"featured_media":29474,"comment_status":"closed","ping_status":"closed","template":"","meta":{"_acf_changed":false,"content-type":""},"aplicaciones":[],"tipologia-de-grano":[],"product_brand":[],"product_cat":[1743],"product_tag":[],"class_list":{"0":"post-29471","1":"product","2":"type-product","3":"status-publish","4":"has-post-thumbnail","6":"product_cat-vsm-silicon-carbide-pt","8":"first","9":"instock","10":"product-type-simple"},"acf":[],"yoast_head":"<!-- This site is optimized with the Yoast SEO plugin v26.2 - https:\/\/yoast.com\/wordpress\/plugins\/seo\/ -->\n<title>CP918A Para lixamento manual | VSM Portugal<\/title>\n<meta name=\"robots\" content=\"index, follow, max-snippet:-1, max-image-preview:large, max-video-preview:-1\" \/>\n<link rel=\"canonical\" href=\"https:\/\/vsmabrasivos.com\/pt\/wp-json\/wp\/v2\/product\/29471\" \/>\n<meta property=\"og:locale\" content=\"pt_PT\" \/>\n<meta property=\"og:type\" content=\"article\" \/>\n<meta property=\"og:title\" content=\"CP918A Para lixamento manual | VSM Portugal\" \/>\n<meta property=\"og:description\" content=\"O produto especializado para lixagem e lixagem interm\u00e9dia de revestimentos de pintura: o carboneto de sil\u00edcio sobre papel de l\u00e1tex leve garante uma boa adaptabilidade aos contornos da pe\u00e7a de trabalho, mesmo na lixagem h\u00famida.\" \/>\n<meta property=\"og:url\" content=\"https:\/\/vsmabrasivos.com\/pt\/produtos\/cp918a-f\/\" \/>\n<meta property=\"og:site_name\" content=\"VSM Abrasivos\" \/>\n<meta property=\"og:image\" content=\"https:\/\/vsmabrasivos.com\/wp-content\/uploads\/2024\/06\/CP918A.jpg\" \/>\n\t<meta property=\"og:image:width\" content=\"800\" \/>\n\t<meta property=\"og:image:height\" content=\"800\" \/>\n\t<meta property=\"og:image:type\" content=\"image\/jpeg\" \/>\n<meta name=\"twitter:card\" content=\"summary_large_image\" \/>\n<meta name=\"twitter:label1\" content=\"Est. reading time\" \/>\n\t<meta name=\"twitter:data1\" content=\"1 minute\" \/>\n<script type=\"application\/ld+json\" class=\"yoast-schema-graph\">{\"@context\":\"https:\/\/schema.org\",\"@graph\":[{\"@type\":\"WebPage\",\"@id\":\"https:\/\/vsmabrasivos.com\/pt\/produtos\/cp918a-f\/\",\"url\":\"https:\/\/vsmabrasivos.com\/pt\/produtos\/cp918a-f\/\",\"name\":\"CP918A Para lixamento manual | VSM Portugal\",\"isPartOf\":{\"@id\":\"https:\/\/vsmabrasivos.com\/pt\/#website\"},\"primaryImageOfPage\":{\"@id\":\"https:\/\/vsmabrasivos.com\/pt\/produtos\/cp918a-f\/#primaryimage\"},\"image\":{\"@id\":\"https:\/\/vsmabrasivos.com\/pt\/produtos\/cp918a-f\/#primaryimage\"},\"thumbnailUrl\":\"https:\/\/vsmabrasivos.com\/wp-content\/uploads\/2024\/06\/CP918A.jpg\",\"datePublished\":\"2025-01-18T18:48:15+00:00\",\"breadcrumb\":{\"@id\":\"https:\/\/vsmabrasivos.com\/pt\/produtos\/cp918a-f\/#breadcrumb\"},\"inLanguage\":\"pt\",\"potentialAction\":[{\"@type\":\"ReadAction\",\"target\":[\"https:\/\/vsmabrasivos.com\/pt\/produtos\/cp918a-f\/\"]}]},{\"@type\":\"ImageObject\",\"inLanguage\":\"pt\",\"@id\":\"https:\/\/vsmabrasivos.com\/pt\/produtos\/cp918a-f\/#primaryimage\",\"url\":\"https:\/\/vsmabrasivos.com\/wp-content\/uploads\/2024\/06\/CP918A.jpg\",\"contentUrl\":\"https:\/\/vsmabrasivos.com\/wp-content\/uploads\/2024\/06\/CP918A.jpg\",\"width\":800,\"height\":800},{\"@type\":\"BreadcrumbList\",\"@id\":\"https:\/\/vsmabrasivos.com\/pt\/produtos\/cp918a-f\/#breadcrumb\",\"itemListElement\":[{\"@type\":\"ListItem\",\"position\":1,\"name\":\"Portada\",\"item\":\"https:\/\/vsmabrasivos.com\/pt\/home\/\"},{\"@type\":\"ListItem\",\"position\":2,\"name\":\"Products\",\"item\":\"https:\/\/vsmabrasivos.com\/pt\/shop\/\"},{\"@type\":\"ListItem\",\"position\":3,\"name\":\"CP918A\"}]},{\"@type\":\"WebSite\",\"@id\":\"https:\/\/vsmabrasivos.com\/pt\/#website\",\"url\":\"https:\/\/vsmabrasivos.com\/pt\/\",\"name\":\"VSM Abrasivos\",\"description\":\"\",\"potentialAction\":[{\"@type\":\"SearchAction\",\"target\":{\"@type\":\"EntryPoint\",\"urlTemplate\":\"https:\/\/vsmabrasivos.com\/pt\/?s={search_term_string}\"},\"query-input\":{\"@type\":\"PropertyValueSpecification\",\"valueRequired\":true,\"valueName\":\"search_term_string\"}}],\"inLanguage\":\"pt\"}]}<\/script>\n<!-- \/ Yoast SEO plugin. -->","yoast_head_json":{"title":"CP918A Para lixamento manual | VSM Portugal","robots":{"index":"index","follow":"follow","max-snippet":"max-snippet:-1","max-image-preview":"max-image-preview:large","max-video-preview":"max-video-preview:-1"},"canonical":"https:\/\/vsmabrasivos.com\/pt\/wp-json\/wp\/v2\/product\/29471","og_locale":"pt_PT","og_type":"article","og_title":"CP918A Para lixamento manual | VSM Portugal","og_description":"O produto especializado para lixagem e lixagem interm\u00e9dia de revestimentos de pintura: o carboneto de sil\u00edcio sobre papel de l\u00e1tex leve garante uma boa adaptabilidade aos contornos da pe\u00e7a de trabalho, mesmo na lixagem h\u00famida.","og_url":"https:\/\/vsmabrasivos.com\/pt\/produtos\/cp918a-f\/","og_site_name":"VSM Abrasivos","og_image":[{"width":800,"height":800,"url":"https:\/\/vsmabrasivos.com\/wp-content\/uploads\/2024\/06\/CP918A.jpg","type":"image\/jpeg"}],"twitter_card":"summary_large_image","twitter_misc":{"Est. reading time":"1 minute"},"schema":{"@context":"https:\/\/schema.org","@graph":[{"@type":"WebPage","@id":"https:\/\/vsmabrasivos.com\/pt\/produtos\/cp918a-f\/","url":"https:\/\/vsmabrasivos.com\/pt\/produtos\/cp918a-f\/","name":"CP918A Para lixamento manual | VSM Portugal","isPartOf":{"@id":"https:\/\/vsmabrasivos.com\/pt\/#website"},"primaryImageOfPage":{"@id":"https:\/\/vsmabrasivos.com\/pt\/produtos\/cp918a-f\/#primaryimage"},"image":{"@id":"https:\/\/vsmabrasivos.com\/pt\/produtos\/cp918a-f\/#primaryimage"},"thumbnailUrl":"https:\/\/vsmabrasivos.com\/wp-content\/uploads\/2024\/06\/CP918A.jpg","datePublished":"2025-01-18T18:48:15+00:00","breadcrumb":{"@id":"https:\/\/vsmabrasivos.com\/pt\/produtos\/cp918a-f\/#breadcrumb"},"inLanguage":"pt","potentialAction":[{"@type":"ReadAction","target":["https:\/\/vsmabrasivos.com\/pt\/produtos\/cp918a-f\/"]}]},{"@type":"ImageObject","inLanguage":"pt","@id":"https:\/\/vsmabrasivos.com\/pt\/produtos\/cp918a-f\/#primaryimage","url":"https:\/\/vsmabrasivos.com\/wp-content\/uploads\/2024\/06\/CP918A.jpg","contentUrl":"https:\/\/vsmabrasivos.com\/wp-content\/uploads\/2024\/06\/CP918A.jpg","width":800,"height":800},{"@type":"BreadcrumbList","@id":"https:\/\/vsmabrasivos.com\/pt\/produtos\/cp918a-f\/#breadcrumb","itemListElement":[{"@type":"ListItem","position":1,"name":"Portada","item":"https:\/\/vsmabrasivos.com\/pt\/home\/"},{"@type":"ListItem","position":2,"name":"Products","item":"https:\/\/vsmabrasivos.com\/pt\/shop\/"},{"@type":"ListItem","position":3,"name":"CP918A"}]},{"@type":"WebSite","@id":"https:\/\/vsmabrasivos.com\/pt\/#website","url":"https:\/\/vsmabrasivos.com\/pt\/","name":"VSM Abrasivos","description":"","potentialAction":[{"@type":"SearchAction","target":{"@type":"EntryPoint","urlTemplate":"https:\/\/vsmabrasivos.com\/pt\/?s={search_term_string}"},"query-input":{"@type":"PropertyValueSpecification","valueRequired":true,"valueName":"search_term_string"}}],"inLanguage":"pt"}]}},"_links":{"self":[{"href":"https:\/\/vsmabrasivos.com\/pt\/wp-json\/wp\/v2\/product\/29471","targetHints":{"allow":["GET"]}}],"collection":[{"href":"https:\/\/vsmabrasivos.com\/pt\/wp-json\/wp\/v2\/product"}],"about":[{"href":"https:\/\/vsmabrasivos.com\/pt\/wp-json\/wp\/v2\/types\/product"}],"replies":[{"embeddable":true,"href":"https:\/\/vsmabrasivos.com\/pt\/wp-json\/wp\/v2\/comments?post=29471"}],"wp:featuredmedia":[{"embeddable":true,"href":"https:\/\/vsmabrasivos.com\/pt\/wp-json\/wp\/v2\/media\/29474"}],"wp:attachment":[{"href":"https:\/\/vsmabrasivos.com\/pt\/wp-json\/wp\/v2\/media?parent=29471"}],"wp:term":[{"taxonomy":"aplicaciones","embeddable":true,"href":"https:\/\/vsmabrasivos.com\/pt\/wp-json\/wp\/v2\/aplicaciones?post=29471"},{"taxonomy":"tipologia-de-grano","embeddable":true,"href":"https:\/\/vsmabrasivos.com\/pt\/wp-json\/wp\/v2\/tipologia-de-grano?post=29471"},{"taxonomy":"product_brand","embeddable":true,"href":"https:\/\/vsmabrasivos.com\/pt\/wp-json\/wp\/v2\/product_brand?post=29471"},{"taxonomy":"product_cat","embeddable":true,"href":"https:\/\/vsmabrasivos.com\/pt\/wp-json\/wp\/v2\/product_cat?post=29471"},{"taxonomy":"product_tag","embeddable":true,"href":"https:\/\/vsmabrasivos.com\/pt\/wp-json\/wp\/v2\/product_tag?post=29471"}],"curies":[{"name":"wp","href":"https:\/\/api.w.org\/{rel}","templated":true}]}}