{"id":29439,"date":"2025-01-18T19:36:15","date_gmt":"2025-01-18T18:36:15","guid":{"rendered":"https:\/\/vsmabrasivos.com\/productos\/kk711x\/"},"modified":"2024-08-01T18:07:39","modified_gmt":"2024-08-01T16:07:39","slug":"kk711x-c","status":"publish","type":"product","link":"https:\/\/vsmabrasivos.com\/pt\/produtos\/kk711x-c\/","title":{"rendered":"KK711X"},"content":{"rendered":"<p>O abrasivo universal de \u00f3xido de alum\u00ednio KK711X de alto desempenho com uma camada fechada sobre um suporte resistente de poli\u00e9ster ou algod\u00e3o \u2014 ideal para aplica\u00e7\u00f5es em que as pe\u00e7as t\u00eam de ser preparadas para polimento ou desbaste ap\u00f3s o corte a laser ou a jato de \u00e1gua. Caracteriza-se pela sua longa vida \u00fatil.<\/p>\n","protected":false},"excerpt":{"rendered":"<p>O abrasivo universal de \u00f3xido de alum\u00ednio KK711X de alto desempenho com uma camada fechada sobre um suporte resistente de poli\u00e9ster ou algod\u00e3o \u2014 ideal para aplica\u00e7\u00f5es em que as pe\u00e7as t\u00eam de ser preparadas para polimento ou desbaste ap\u00f3s o corte a laser ou a jato de \u00e1gua. Caracteriza-se pela sua longa vida \u00fatil.<\/p>\n","protected":false},"featured_media":35297,"comment_status":"closed","ping_status":"closed","template":"","meta":{"_acf_changed":false,"content-type":""},"aplicaciones":[],"tipologia-de-grano":[1960],"product_brand":[],"product_cat":[1702],"product_tag":[],"class_list":{"0":"post-29439","1":"product","2":"type-product","3":"status-publish","4":"has-post-thumbnail","6":"tipologia-de-grano-vsm-aluminium-oxide-pt","7":"product_cat-vsm-aluminium-oxide-pt","8":"pa_flexibilidad-robusto-pt","10":"first","11":"instock","12":"product-type-simple"},"acf":[],"yoast_head":"<!-- This site is optimized with the Yoast SEO plugin v26.2 - https:\/\/yoast.com\/wordpress\/plugins\/seo\/ -->\n<title>KK711X - VSM Abrasivos<\/title>\n<meta name=\"robots\" content=\"index, follow, max-snippet:-1, max-image-preview:large, max-video-preview:-1\" \/>\n<link rel=\"canonical\" href=\"https:\/\/vsmabrasivos.com\/pt\/wp-json\/wp\/v2\/product\/29439\" \/>\n<meta property=\"og:locale\" content=\"pt_PT\" \/>\n<meta property=\"og:type\" content=\"article\" \/>\n<meta property=\"og:title\" content=\"KK711X - VSM Abrasivos\" \/>\n<meta property=\"og:description\" content=\"O abrasivo universal de \u00f3xido de alum\u00ednio KK711X de alto desempenho com uma camada fechada sobre um suporte resistente de poli\u00e9ster ou algod\u00e3o \u2014 ideal para aplica\u00e7\u00f5es em que as pe\u00e7as t\u00eam de ser preparadas para polimento ou desbaste ap\u00f3s o corte a laser ou a jato de \u00e1gua. Caracteriza-se pela sua longa vida \u00fatil.\" \/>\n<meta property=\"og:url\" content=\"https:\/\/vsmabrasivos.com\/pt\/produtos\/kk711x-c\/\" \/>\n<meta property=\"og:site_name\" content=\"VSM Abrasivos\" \/>\n<meta property=\"og:image\" content=\"https:\/\/vsmabrasivos.com\/wp-content\/uploads\/2024\/06\/KK711X.jpg\" \/>\n\t<meta property=\"og:image:width\" content=\"800\" \/>\n\t<meta property=\"og:image:height\" content=\"800\" \/>\n\t<meta property=\"og:image:type\" content=\"image\/jpeg\" \/>\n<meta name=\"twitter:card\" content=\"summary_large_image\" \/>\n<meta name=\"twitter:label1\" content=\"Est. reading time\" \/>\n\t<meta name=\"twitter:data1\" content=\"1 minute\" \/>\n<script type=\"application\/ld+json\" class=\"yoast-schema-graph\">{\"@context\":\"https:\/\/schema.org\",\"@graph\":[{\"@type\":\"WebPage\",\"@id\":\"https:\/\/vsmabrasivos.com\/pt\/produtos\/kk711x-c\/\",\"url\":\"https:\/\/vsmabrasivos.com\/pt\/produtos\/kk711x-c\/\",\"name\":\"KK711X - VSM Abrasivos\",\"isPartOf\":{\"@id\":\"https:\/\/vsmabrasivos.com\/pt\/#website\"},\"primaryImageOfPage\":{\"@id\":\"https:\/\/vsmabrasivos.com\/pt\/produtos\/kk711x-c\/#primaryimage\"},\"image\":{\"@id\":\"https:\/\/vsmabrasivos.com\/pt\/produtos\/kk711x-c\/#primaryimage\"},\"thumbnailUrl\":\"https:\/\/vsmabrasivos.com\/wp-content\/uploads\/2024\/07\/KK711X-belt.jpg\",\"datePublished\":\"2025-01-18T18:36:15+00:00\",\"breadcrumb\":{\"@id\":\"https:\/\/vsmabrasivos.com\/pt\/produtos\/kk711x-c\/#breadcrumb\"},\"inLanguage\":\"pt\",\"potentialAction\":[{\"@type\":\"ReadAction\",\"target\":[\"https:\/\/vsmabrasivos.com\/pt\/produtos\/kk711x-c\/\"]}]},{\"@type\":\"ImageObject\",\"inLanguage\":\"pt\",\"@id\":\"https:\/\/vsmabrasivos.com\/pt\/produtos\/kk711x-c\/#primaryimage\",\"url\":\"https:\/\/vsmabrasivos.com\/wp-content\/uploads\/2024\/07\/KK711X-belt.jpg\",\"contentUrl\":\"https:\/\/vsmabrasivos.com\/wp-content\/uploads\/2024\/07\/KK711X-belt.jpg\",\"width\":1440,\"height\":1440},{\"@type\":\"BreadcrumbList\",\"@id\":\"https:\/\/vsmabrasivos.com\/pt\/produtos\/kk711x-c\/#breadcrumb\",\"itemListElement\":[{\"@type\":\"ListItem\",\"position\":1,\"name\":\"Portada\",\"item\":\"https:\/\/vsmabrasivos.com\/pt\/home\/\"},{\"@type\":\"ListItem\",\"position\":2,\"name\":\"Products\",\"item\":\"https:\/\/vsmabrasivos.com\/pt\/shop\/\"},{\"@type\":\"ListItem\",\"position\":3,\"name\":\"KK711X\"}]},{\"@type\":\"WebSite\",\"@id\":\"https:\/\/vsmabrasivos.com\/pt\/#website\",\"url\":\"https:\/\/vsmabrasivos.com\/pt\/\",\"name\":\"VSM Abrasivos\",\"description\":\"\",\"potentialAction\":[{\"@type\":\"SearchAction\",\"target\":{\"@type\":\"EntryPoint\",\"urlTemplate\":\"https:\/\/vsmabrasivos.com\/pt\/?s={search_term_string}\"},\"query-input\":{\"@type\":\"PropertyValueSpecification\",\"valueRequired\":true,\"valueName\":\"search_term_string\"}}],\"inLanguage\":\"pt\"}]}<\/script>\n<!-- \/ Yoast SEO plugin. -->","yoast_head_json":{"title":"KK711X - VSM Abrasivos","robots":{"index":"index","follow":"follow","max-snippet":"max-snippet:-1","max-image-preview":"max-image-preview:large","max-video-preview":"max-video-preview:-1"},"canonical":"https:\/\/vsmabrasivos.com\/pt\/wp-json\/wp\/v2\/product\/29439","og_locale":"pt_PT","og_type":"article","og_title":"KK711X - VSM Abrasivos","og_description":"O abrasivo universal de \u00f3xido de alum\u00ednio KK711X de alto desempenho com uma camada fechada sobre um suporte resistente de poli\u00e9ster ou algod\u00e3o \u2014 ideal para aplica\u00e7\u00f5es em que as pe\u00e7as t\u00eam de ser preparadas para polimento ou desbaste ap\u00f3s o corte a laser ou a jato de \u00e1gua. Caracteriza-se pela sua longa vida \u00fatil.","og_url":"https:\/\/vsmabrasivos.com\/pt\/produtos\/kk711x-c\/","og_site_name":"VSM Abrasivos","og_image":[{"width":800,"height":800,"url":"https:\/\/vsmabrasivos.com\/wp-content\/uploads\/2024\/06\/KK711X.jpg","type":"image\/jpeg"}],"twitter_card":"summary_large_image","twitter_misc":{"Est. reading time":"1 minute"},"schema":{"@context":"https:\/\/schema.org","@graph":[{"@type":"WebPage","@id":"https:\/\/vsmabrasivos.com\/pt\/produtos\/kk711x-c\/","url":"https:\/\/vsmabrasivos.com\/pt\/produtos\/kk711x-c\/","name":"KK711X - VSM Abrasivos","isPartOf":{"@id":"https:\/\/vsmabrasivos.com\/pt\/#website"},"primaryImageOfPage":{"@id":"https:\/\/vsmabrasivos.com\/pt\/produtos\/kk711x-c\/#primaryimage"},"image":{"@id":"https:\/\/vsmabrasivos.com\/pt\/produtos\/kk711x-c\/#primaryimage"},"thumbnailUrl":"https:\/\/vsmabrasivos.com\/wp-content\/uploads\/2024\/07\/KK711X-belt.jpg","datePublished":"2025-01-18T18:36:15+00:00","breadcrumb":{"@id":"https:\/\/vsmabrasivos.com\/pt\/produtos\/kk711x-c\/#breadcrumb"},"inLanguage":"pt","potentialAction":[{"@type":"ReadAction","target":["https:\/\/vsmabrasivos.com\/pt\/produtos\/kk711x-c\/"]}]},{"@type":"ImageObject","inLanguage":"pt","@id":"https:\/\/vsmabrasivos.com\/pt\/produtos\/kk711x-c\/#primaryimage","url":"https:\/\/vsmabrasivos.com\/wp-content\/uploads\/2024\/07\/KK711X-belt.jpg","contentUrl":"https:\/\/vsmabrasivos.com\/wp-content\/uploads\/2024\/07\/KK711X-belt.jpg","width":1440,"height":1440},{"@type":"BreadcrumbList","@id":"https:\/\/vsmabrasivos.com\/pt\/produtos\/kk711x-c\/#breadcrumb","itemListElement":[{"@type":"ListItem","position":1,"name":"Portada","item":"https:\/\/vsmabrasivos.com\/pt\/home\/"},{"@type":"ListItem","position":2,"name":"Products","item":"https:\/\/vsmabrasivos.com\/pt\/shop\/"},{"@type":"ListItem","position":3,"name":"KK711X"}]},{"@type":"WebSite","@id":"https:\/\/vsmabrasivos.com\/pt\/#website","url":"https:\/\/vsmabrasivos.com\/pt\/","name":"VSM Abrasivos","description":"","potentialAction":[{"@type":"SearchAction","target":{"@type":"EntryPoint","urlTemplate":"https:\/\/vsmabrasivos.com\/pt\/?s={search_term_string}"},"query-input":{"@type":"PropertyValueSpecification","valueRequired":true,"valueName":"search_term_string"}}],"inLanguage":"pt"}]}},"_links":{"self":[{"href":"https:\/\/vsmabrasivos.com\/pt\/wp-json\/wp\/v2\/product\/29439","targetHints":{"allow":["GET"]}}],"collection":[{"href":"https:\/\/vsmabrasivos.com\/pt\/wp-json\/wp\/v2\/product"}],"about":[{"href":"https:\/\/vsmabrasivos.com\/pt\/wp-json\/wp\/v2\/types\/product"}],"replies":[{"embeddable":true,"href":"https:\/\/vsmabrasivos.com\/pt\/wp-json\/wp\/v2\/comments?post=29439"}],"wp:featuredmedia":[{"embeddable":true,"href":"https:\/\/vsmabrasivos.com\/pt\/wp-json\/wp\/v2\/media\/35297"}],"wp:attachment":[{"href":"https:\/\/vsmabrasivos.com\/pt\/wp-json\/wp\/v2\/media?parent=29439"}],"wp:term":[{"taxonomy":"aplicaciones","embeddable":true,"href":"https:\/\/vsmabrasivos.com\/pt\/wp-json\/wp\/v2\/aplicaciones?post=29439"},{"taxonomy":"tipologia-de-grano","embeddable":true,"href":"https:\/\/vsmabrasivos.com\/pt\/wp-json\/wp\/v2\/tipologia-de-grano?post=29439"},{"taxonomy":"product_brand","embeddable":true,"href":"https:\/\/vsmabrasivos.com\/pt\/wp-json\/wp\/v2\/product_brand?post=29439"},{"taxonomy":"product_cat","embeddable":true,"href":"https:\/\/vsmabrasivos.com\/pt\/wp-json\/wp\/v2\/product_cat?post=29439"},{"taxonomy":"product_tag","embeddable":true,"href":"https:\/\/vsmabrasivos.com\/pt\/wp-json\/wp\/v2\/product_tag?post=29439"}],"curies":[{"name":"wp","href":"https:\/\/api.w.org\/{rel}","templated":true}]}}