{"id":29408,"date":"2025-01-18T19:32:22","date_gmt":"2025-01-18T18:32:22","guid":{"rendered":"https:\/\/vsmabrasivos.com\/productos\/kk732x\/"},"modified":"2024-08-02T10:00:29","modified_gmt":"2024-08-02T08:00:29","slug":"kk732x-c","status":"publish","type":"product","link":"https:\/\/vsmabrasivos.com\/pt\/produtos\/kk732x-c\/","title":{"rendered":"KK732X"},"content":{"rendered":"<p><span style=\"font-weight: 400;\">A cinta abrasiva de \u00f3xido de alum\u00ednio KK732X de alto desempenho com suporte de poli\u00e9ster dur\u00e1vel para uso universal. A KK732X caracteriza-se por uma longa vida \u00fatil e um baixo risco de acumula\u00e7\u00e3o de material.<\/span><\/p>\n","protected":false},"excerpt":{"rendered":"<p>A cinta abrasiva de \u00f3xido de alum\u00ednio KK732X de alto desempenho com suporte de poli\u00e9ster dur\u00e1vel para uso universal. A KK732X caracteriza-se por uma longa vida \u00fatil e um baixo risco de acumula\u00e7\u00e3o de material.<\/p>\n","protected":false},"featured_media":35325,"comment_status":"closed","ping_status":"closed","template":"","meta":{"_acf_changed":false,"content-type":""},"aplicaciones":[],"tipologia-de-grano":[1960],"product_brand":[],"product_cat":[1702],"product_tag":[],"class_list":{"0":"post-29408","1":"product","2":"type-product","3":"status-publish","4":"has-post-thumbnail","6":"tipologia-de-grano-vsm-aluminium-oxide-pt","7":"product_cat-vsm-aluminium-oxide-pt","8":"pa_flexibilidad-robusto-pt","10":"first","11":"instock","12":"product-type-simple"},"acf":[],"yoast_head":"<!-- This site is optimized with the Yoast SEO plugin v26.2 - https:\/\/yoast.com\/wordpress\/plugins\/seo\/ -->\n<title>KK732X - VSM Abrasivos<\/title>\n<meta name=\"robots\" content=\"index, follow, max-snippet:-1, max-image-preview:large, max-video-preview:-1\" \/>\n<link rel=\"canonical\" href=\"https:\/\/vsmabrasivos.com\/pt\/wp-json\/wp\/v2\/product\/29408\" \/>\n<meta property=\"og:locale\" content=\"pt_PT\" \/>\n<meta property=\"og:type\" content=\"article\" \/>\n<meta property=\"og:title\" content=\"KK732X - VSM Abrasivos\" \/>\n<meta property=\"og:description\" content=\"A cinta abrasiva de \u00f3xido de alum\u00ednio KK732X de alto desempenho com suporte de poli\u00e9ster dur\u00e1vel para uso universal. A KK732X caracteriza-se por uma longa vida \u00fatil e um baixo risco de acumula\u00e7\u00e3o de material.\" \/>\n<meta property=\"og:url\" content=\"https:\/\/vsmabrasivos.com\/pt\/produtos\/kk732x-c\/\" \/>\n<meta property=\"og:site_name\" content=\"VSM Abrasivos\" \/>\n<meta property=\"og:image\" content=\"https:\/\/vsmabrasivos.com\/wp-content\/uploads\/2024\/06\/csm_kk732x-01_2416e4083f.jpg\" \/>\n\t<meta property=\"og:image:width\" content=\"425\" \/>\n\t<meta property=\"og:image:height\" content=\"425\" \/>\n\t<meta property=\"og:image:type\" content=\"image\/jpeg\" \/>\n<meta name=\"twitter:card\" content=\"summary_large_image\" \/>\n<meta name=\"twitter:label1\" content=\"Est. reading time\" \/>\n\t<meta name=\"twitter:data1\" content=\"1 minute\" \/>\n<script type=\"application\/ld+json\" class=\"yoast-schema-graph\">{\"@context\":\"https:\/\/schema.org\",\"@graph\":[{\"@type\":\"WebPage\",\"@id\":\"https:\/\/vsmabrasivos.com\/pt\/produtos\/kk732x-c\/\",\"url\":\"https:\/\/vsmabrasivos.com\/pt\/produtos\/kk732x-c\/\",\"name\":\"KK732X - VSM Abrasivos\",\"isPartOf\":{\"@id\":\"https:\/\/vsmabrasivos.com\/pt\/#website\"},\"primaryImageOfPage\":{\"@id\":\"https:\/\/vsmabrasivos.com\/pt\/produtos\/kk732x-c\/#primaryimage\"},\"image\":{\"@id\":\"https:\/\/vsmabrasivos.com\/pt\/produtos\/kk732x-c\/#primaryimage\"},\"thumbnailUrl\":\"https:\/\/vsmabrasivos.com\/wp-content\/uploads\/2024\/07\/KK732X.jpg\",\"datePublished\":\"2025-01-18T18:32:22+00:00\",\"breadcrumb\":{\"@id\":\"https:\/\/vsmabrasivos.com\/pt\/produtos\/kk732x-c\/#breadcrumb\"},\"inLanguage\":\"pt\",\"potentialAction\":[{\"@type\":\"ReadAction\",\"target\":[\"https:\/\/vsmabrasivos.com\/pt\/produtos\/kk732x-c\/\"]}]},{\"@type\":\"ImageObject\",\"inLanguage\":\"pt\",\"@id\":\"https:\/\/vsmabrasivos.com\/pt\/produtos\/kk732x-c\/#primaryimage\",\"url\":\"https:\/\/vsmabrasivos.com\/wp-content\/uploads\/2024\/07\/KK732X.jpg\",\"contentUrl\":\"https:\/\/vsmabrasivos.com\/wp-content\/uploads\/2024\/07\/KK732X.jpg\",\"width\":1440,\"height\":1440},{\"@type\":\"BreadcrumbList\",\"@id\":\"https:\/\/vsmabrasivos.com\/pt\/produtos\/kk732x-c\/#breadcrumb\",\"itemListElement\":[{\"@type\":\"ListItem\",\"position\":1,\"name\":\"Portada\",\"item\":\"https:\/\/vsmabrasivos.com\/pt\/home\/\"},{\"@type\":\"ListItem\",\"position\":2,\"name\":\"Products\",\"item\":\"https:\/\/vsmabrasivos.com\/pt\/shop\/\"},{\"@type\":\"ListItem\",\"position\":3,\"name\":\"KK732X\"}]},{\"@type\":\"WebSite\",\"@id\":\"https:\/\/vsmabrasivos.com\/pt\/#website\",\"url\":\"https:\/\/vsmabrasivos.com\/pt\/\",\"name\":\"VSM Abrasivos\",\"description\":\"\",\"potentialAction\":[{\"@type\":\"SearchAction\",\"target\":{\"@type\":\"EntryPoint\",\"urlTemplate\":\"https:\/\/vsmabrasivos.com\/pt\/?s={search_term_string}\"},\"query-input\":{\"@type\":\"PropertyValueSpecification\",\"valueRequired\":true,\"valueName\":\"search_term_string\"}}],\"inLanguage\":\"pt\"}]}<\/script>\n<!-- \/ Yoast SEO plugin. -->","yoast_head_json":{"title":"KK732X - VSM Abrasivos","robots":{"index":"index","follow":"follow","max-snippet":"max-snippet:-1","max-image-preview":"max-image-preview:large","max-video-preview":"max-video-preview:-1"},"canonical":"https:\/\/vsmabrasivos.com\/pt\/wp-json\/wp\/v2\/product\/29408","og_locale":"pt_PT","og_type":"article","og_title":"KK732X - VSM Abrasivos","og_description":"A cinta abrasiva de \u00f3xido de alum\u00ednio KK732X de alto desempenho com suporte de poli\u00e9ster dur\u00e1vel para uso universal. A KK732X caracteriza-se por uma longa vida \u00fatil e um baixo risco de acumula\u00e7\u00e3o de material.","og_url":"https:\/\/vsmabrasivos.com\/pt\/produtos\/kk732x-c\/","og_site_name":"VSM Abrasivos","og_image":[{"width":425,"height":425,"url":"https:\/\/vsmabrasivos.com\/wp-content\/uploads\/2024\/06\/csm_kk732x-01_2416e4083f.jpg","type":"image\/jpeg"}],"twitter_card":"summary_large_image","twitter_misc":{"Est. reading time":"1 minute"},"schema":{"@context":"https:\/\/schema.org","@graph":[{"@type":"WebPage","@id":"https:\/\/vsmabrasivos.com\/pt\/produtos\/kk732x-c\/","url":"https:\/\/vsmabrasivos.com\/pt\/produtos\/kk732x-c\/","name":"KK732X - VSM Abrasivos","isPartOf":{"@id":"https:\/\/vsmabrasivos.com\/pt\/#website"},"primaryImageOfPage":{"@id":"https:\/\/vsmabrasivos.com\/pt\/produtos\/kk732x-c\/#primaryimage"},"image":{"@id":"https:\/\/vsmabrasivos.com\/pt\/produtos\/kk732x-c\/#primaryimage"},"thumbnailUrl":"https:\/\/vsmabrasivos.com\/wp-content\/uploads\/2024\/07\/KK732X.jpg","datePublished":"2025-01-18T18:32:22+00:00","breadcrumb":{"@id":"https:\/\/vsmabrasivos.com\/pt\/produtos\/kk732x-c\/#breadcrumb"},"inLanguage":"pt","potentialAction":[{"@type":"ReadAction","target":["https:\/\/vsmabrasivos.com\/pt\/produtos\/kk732x-c\/"]}]},{"@type":"ImageObject","inLanguage":"pt","@id":"https:\/\/vsmabrasivos.com\/pt\/produtos\/kk732x-c\/#primaryimage","url":"https:\/\/vsmabrasivos.com\/wp-content\/uploads\/2024\/07\/KK732X.jpg","contentUrl":"https:\/\/vsmabrasivos.com\/wp-content\/uploads\/2024\/07\/KK732X.jpg","width":1440,"height":1440},{"@type":"BreadcrumbList","@id":"https:\/\/vsmabrasivos.com\/pt\/produtos\/kk732x-c\/#breadcrumb","itemListElement":[{"@type":"ListItem","position":1,"name":"Portada","item":"https:\/\/vsmabrasivos.com\/pt\/home\/"},{"@type":"ListItem","position":2,"name":"Products","item":"https:\/\/vsmabrasivos.com\/pt\/shop\/"},{"@type":"ListItem","position":3,"name":"KK732X"}]},{"@type":"WebSite","@id":"https:\/\/vsmabrasivos.com\/pt\/#website","url":"https:\/\/vsmabrasivos.com\/pt\/","name":"VSM Abrasivos","description":"","potentialAction":[{"@type":"SearchAction","target":{"@type":"EntryPoint","urlTemplate":"https:\/\/vsmabrasivos.com\/pt\/?s={search_term_string}"},"query-input":{"@type":"PropertyValueSpecification","valueRequired":true,"valueName":"search_term_string"}}],"inLanguage":"pt"}]}},"_links":{"self":[{"href":"https:\/\/vsmabrasivos.com\/pt\/wp-json\/wp\/v2\/product\/29408","targetHints":{"allow":["GET"]}}],"collection":[{"href":"https:\/\/vsmabrasivos.com\/pt\/wp-json\/wp\/v2\/product"}],"about":[{"href":"https:\/\/vsmabrasivos.com\/pt\/wp-json\/wp\/v2\/types\/product"}],"replies":[{"embeddable":true,"href":"https:\/\/vsmabrasivos.com\/pt\/wp-json\/wp\/v2\/comments?post=29408"}],"wp:featuredmedia":[{"embeddable":true,"href":"https:\/\/vsmabrasivos.com\/pt\/wp-json\/wp\/v2\/media\/35325"}],"wp:attachment":[{"href":"https:\/\/vsmabrasivos.com\/pt\/wp-json\/wp\/v2\/media?parent=29408"}],"wp:term":[{"taxonomy":"aplicaciones","embeddable":true,"href":"https:\/\/vsmabrasivos.com\/pt\/wp-json\/wp\/v2\/aplicaciones?post=29408"},{"taxonomy":"tipologia-de-grano","embeddable":true,"href":"https:\/\/vsmabrasivos.com\/pt\/wp-json\/wp\/v2\/tipologia-de-grano?post=29408"},{"taxonomy":"product_brand","embeddable":true,"href":"https:\/\/vsmabrasivos.com\/pt\/wp-json\/wp\/v2\/product_brand?post=29408"},{"taxonomy":"product_cat","embeddable":true,"href":"https:\/\/vsmabrasivos.com\/pt\/wp-json\/wp\/v2\/product_cat?post=29408"},{"taxonomy":"product_tag","embeddable":true,"href":"https:\/\/vsmabrasivos.com\/pt\/wp-json\/wp\/v2\/product_tag?post=29408"}],"curies":[{"name":"wp","href":"https:\/\/api.w.org\/{rel}","templated":true}]}}