{"id":29330,"date":"2025-01-18T19:12:27","date_gmt":"2025-01-18T18:12:27","guid":{"rendered":"https:\/\/vsmabrasivos.com\/productos\/xf850\/"},"modified":"2024-08-07T14:08:26","modified_gmt":"2024-08-07T12:08:26","slug":"xf850-d","status":"publish","type":"product","link":"https:\/\/vsmabrasivos.com\/pt\/produtos\/xf850-d\/","title":{"rendered":"XF850"},"content":{"rendered":"<p><span style=\"font-weight: 400;\">Disco abrasivo de gr\u00e3o cer\u00e2mico XF850 com revestimento semifechado e efeito de autoafia\u00e7\u00e3o para press\u00e3o de contacto m\u00e9dia a elevada: proporciona resultados impressionantes ao trabalhar em a\u00e7o inoxid\u00e1vel, alum\u00ednio ou a\u00e7o n\u00e3o ligado, com um corte agressivo e uma vida \u00fatil muito longa \u2014 apesar da rela\u00e7\u00e3o pre\u00e7o\/desempenho otimizada do produto. O revestimento adicional TOP SIZE melhora a remo\u00e7\u00e3o de material e reduz a temperatura na zona de lixagem.<\/span><\/p>\n","protected":false},"excerpt":{"rendered":"<p>Disco abrasivo de gr\u00e3o cer\u00e2mico XF850 com revestimento semifechado e efeito de autoafia\u00e7\u00e3o para press\u00e3o de contacto m\u00e9dia a elevada: proporciona resultados impressionantes ao trabalhar em a\u00e7o inoxid\u00e1vel, alum\u00ednio ou a\u00e7o n\u00e3o ligado, com um corte agressivo e uma vida \u00fatil muito longa \u2014 apesar da rela\u00e7\u00e3o pre\u00e7o\/desempenho otimizada do produto. O revestimento adicional TOP [&hellip;]<\/p>\n","protected":false},"featured_media":29334,"comment_status":"closed","ping_status":"closed","template":"","meta":{"_acf_changed":false,"content-type":""},"aplicaciones":[],"tipologia-de-grano":[1961],"product_brand":[],"product_cat":[1665],"product_tag":[],"class_list":{"0":"post-29330","1":"product","2":"type-product","3":"status-publish","4":"has-post-thumbnail","6":"tipologia-de-grano-vsm-ceramics-pt","7":"product_cat-vsm-ceramics-pt","9":"first","10":"instock","11":"product-type-simple"},"acf":[],"yoast_head":"<!-- This site is optimized with the Yoast SEO plugin v26.2 - https:\/\/yoast.com\/wordpress\/plugins\/seo\/ -->\n<title>XF850 - VSM Abrasivos<\/title>\n<meta name=\"robots\" content=\"index, follow, max-snippet:-1, max-image-preview:large, max-video-preview:-1\" \/>\n<link rel=\"canonical\" href=\"https:\/\/vsmabrasivos.com\/pt\/wp-json\/wp\/v2\/product\/29330\" \/>\n<meta property=\"og:locale\" content=\"pt_PT\" \/>\n<meta property=\"og:type\" content=\"article\" \/>\n<meta property=\"og:title\" content=\"XF850 - VSM Abrasivos\" \/>\n<meta property=\"og:description\" content=\"Disco abrasivo de gr\u00e3o cer\u00e2mico XF850 com revestimento semifechado e efeito de autoafia\u00e7\u00e3o para press\u00e3o de contacto m\u00e9dia a elevada: proporciona resultados impressionantes ao trabalhar em a\u00e7o inoxid\u00e1vel, alum\u00ednio ou a\u00e7o n\u00e3o ligado, com um corte agressivo e uma vida \u00fatil muito longa \u2014 apesar da rela\u00e7\u00e3o pre\u00e7o\/desempenho otimizada do produto. O revestimento adicional TOP [&hellip;]\" \/>\n<meta property=\"og:url\" content=\"https:\/\/vsmabrasivos.com\/pt\/produtos\/xf850-d\/\" \/>\n<meta property=\"og:site_name\" content=\"VSM Abrasivos\" \/>\n<meta property=\"og:image\" content=\"https:\/\/vsmabrasivos.com\/wp-content\/uploads\/2024\/06\/XF850-VSM.jpg\" \/>\n\t<meta property=\"og:image:width\" content=\"800\" \/>\n\t<meta property=\"og:image:height\" content=\"800\" \/>\n\t<meta property=\"og:image:type\" content=\"image\/jpeg\" \/>\n<meta name=\"twitter:card\" content=\"summary_large_image\" \/>\n<meta name=\"twitter:label1\" content=\"Est. reading time\" \/>\n\t<meta name=\"twitter:data1\" content=\"1 minute\" \/>\n<script type=\"application\/ld+json\" class=\"yoast-schema-graph\">{\"@context\":\"https:\/\/schema.org\",\"@graph\":[{\"@type\":\"WebPage\",\"@id\":\"https:\/\/vsmabrasivos.com\/pt\/produtos\/xf850-d\/\",\"url\":\"https:\/\/vsmabrasivos.com\/pt\/produtos\/xf850-d\/\",\"name\":\"XF850 - VSM Abrasivos\",\"isPartOf\":{\"@id\":\"https:\/\/vsmabrasivos.com\/pt\/#website\"},\"primaryImageOfPage\":{\"@id\":\"https:\/\/vsmabrasivos.com\/pt\/produtos\/xf850-d\/#primaryimage\"},\"image\":{\"@id\":\"https:\/\/vsmabrasivos.com\/pt\/produtos\/xf850-d\/#primaryimage\"},\"thumbnailUrl\":\"https:\/\/vsmabrasivos.com\/wp-content\/uploads\/2024\/06\/XF850-VSM.jpg\",\"datePublished\":\"2025-01-18T18:12:27+00:00\",\"breadcrumb\":{\"@id\":\"https:\/\/vsmabrasivos.com\/pt\/produtos\/xf850-d\/#breadcrumb\"},\"inLanguage\":\"pt\",\"potentialAction\":[{\"@type\":\"ReadAction\",\"target\":[\"https:\/\/vsmabrasivos.com\/pt\/produtos\/xf850-d\/\"]}]},{\"@type\":\"ImageObject\",\"inLanguage\":\"pt\",\"@id\":\"https:\/\/vsmabrasivos.com\/pt\/produtos\/xf850-d\/#primaryimage\",\"url\":\"https:\/\/vsmabrasivos.com\/wp-content\/uploads\/2024\/06\/XF850-VSM.jpg\",\"contentUrl\":\"https:\/\/vsmabrasivos.com\/wp-content\/uploads\/2024\/06\/XF850-VSM.jpg\",\"width\":800,\"height\":800},{\"@type\":\"BreadcrumbList\",\"@id\":\"https:\/\/vsmabrasivos.com\/pt\/produtos\/xf850-d\/#breadcrumb\",\"itemListElement\":[{\"@type\":\"ListItem\",\"position\":1,\"name\":\"Portada\",\"item\":\"https:\/\/vsmabrasivos.com\/pt\/home\/\"},{\"@type\":\"ListItem\",\"position\":2,\"name\":\"Products\",\"item\":\"https:\/\/vsmabrasivos.com\/pt\/shop\/\"},{\"@type\":\"ListItem\",\"position\":3,\"name\":\"XF850\"}]},{\"@type\":\"WebSite\",\"@id\":\"https:\/\/vsmabrasivos.com\/pt\/#website\",\"url\":\"https:\/\/vsmabrasivos.com\/pt\/\",\"name\":\"VSM Abrasivos\",\"description\":\"\",\"potentialAction\":[{\"@type\":\"SearchAction\",\"target\":{\"@type\":\"EntryPoint\",\"urlTemplate\":\"https:\/\/vsmabrasivos.com\/pt\/?s={search_term_string}\"},\"query-input\":{\"@type\":\"PropertyValueSpecification\",\"valueRequired\":true,\"valueName\":\"search_term_string\"}}],\"inLanguage\":\"pt\"}]}<\/script>\n<!-- \/ Yoast SEO plugin. -->","yoast_head_json":{"title":"XF850 - VSM Abrasivos","robots":{"index":"index","follow":"follow","max-snippet":"max-snippet:-1","max-image-preview":"max-image-preview:large","max-video-preview":"max-video-preview:-1"},"canonical":"https:\/\/vsmabrasivos.com\/pt\/wp-json\/wp\/v2\/product\/29330","og_locale":"pt_PT","og_type":"article","og_title":"XF850 - VSM Abrasivos","og_description":"Disco abrasivo de gr\u00e3o cer\u00e2mico XF850 com revestimento semifechado e efeito de autoafia\u00e7\u00e3o para press\u00e3o de contacto m\u00e9dia a elevada: proporciona resultados impressionantes ao trabalhar em a\u00e7o inoxid\u00e1vel, alum\u00ednio ou a\u00e7o n\u00e3o ligado, com um corte agressivo e uma vida \u00fatil muito longa \u2014 apesar da rela\u00e7\u00e3o pre\u00e7o\/desempenho otimizada do produto. O revestimento adicional TOP [&hellip;]","og_url":"https:\/\/vsmabrasivos.com\/pt\/produtos\/xf850-d\/","og_site_name":"VSM Abrasivos","og_image":[{"width":800,"height":800,"url":"https:\/\/vsmabrasivos.com\/wp-content\/uploads\/2024\/06\/XF850-VSM.jpg","type":"image\/jpeg"}],"twitter_card":"summary_large_image","twitter_misc":{"Est. reading time":"1 minute"},"schema":{"@context":"https:\/\/schema.org","@graph":[{"@type":"WebPage","@id":"https:\/\/vsmabrasivos.com\/pt\/produtos\/xf850-d\/","url":"https:\/\/vsmabrasivos.com\/pt\/produtos\/xf850-d\/","name":"XF850 - VSM Abrasivos","isPartOf":{"@id":"https:\/\/vsmabrasivos.com\/pt\/#website"},"primaryImageOfPage":{"@id":"https:\/\/vsmabrasivos.com\/pt\/produtos\/xf850-d\/#primaryimage"},"image":{"@id":"https:\/\/vsmabrasivos.com\/pt\/produtos\/xf850-d\/#primaryimage"},"thumbnailUrl":"https:\/\/vsmabrasivos.com\/wp-content\/uploads\/2024\/06\/XF850-VSM.jpg","datePublished":"2025-01-18T18:12:27+00:00","breadcrumb":{"@id":"https:\/\/vsmabrasivos.com\/pt\/produtos\/xf850-d\/#breadcrumb"},"inLanguage":"pt","potentialAction":[{"@type":"ReadAction","target":["https:\/\/vsmabrasivos.com\/pt\/produtos\/xf850-d\/"]}]},{"@type":"ImageObject","inLanguage":"pt","@id":"https:\/\/vsmabrasivos.com\/pt\/produtos\/xf850-d\/#primaryimage","url":"https:\/\/vsmabrasivos.com\/wp-content\/uploads\/2024\/06\/XF850-VSM.jpg","contentUrl":"https:\/\/vsmabrasivos.com\/wp-content\/uploads\/2024\/06\/XF850-VSM.jpg","width":800,"height":800},{"@type":"BreadcrumbList","@id":"https:\/\/vsmabrasivos.com\/pt\/produtos\/xf850-d\/#breadcrumb","itemListElement":[{"@type":"ListItem","position":1,"name":"Portada","item":"https:\/\/vsmabrasivos.com\/pt\/home\/"},{"@type":"ListItem","position":2,"name":"Products","item":"https:\/\/vsmabrasivos.com\/pt\/shop\/"},{"@type":"ListItem","position":3,"name":"XF850"}]},{"@type":"WebSite","@id":"https:\/\/vsmabrasivos.com\/pt\/#website","url":"https:\/\/vsmabrasivos.com\/pt\/","name":"VSM Abrasivos","description":"","potentialAction":[{"@type":"SearchAction","target":{"@type":"EntryPoint","urlTemplate":"https:\/\/vsmabrasivos.com\/pt\/?s={search_term_string}"},"query-input":{"@type":"PropertyValueSpecification","valueRequired":true,"valueName":"search_term_string"}}],"inLanguage":"pt"}]}},"_links":{"self":[{"href":"https:\/\/vsmabrasivos.com\/pt\/wp-json\/wp\/v2\/product\/29330","targetHints":{"allow":["GET"]}}],"collection":[{"href":"https:\/\/vsmabrasivos.com\/pt\/wp-json\/wp\/v2\/product"}],"about":[{"href":"https:\/\/vsmabrasivos.com\/pt\/wp-json\/wp\/v2\/types\/product"}],"replies":[{"embeddable":true,"href":"https:\/\/vsmabrasivos.com\/pt\/wp-json\/wp\/v2\/comments?post=29330"}],"wp:featuredmedia":[{"embeddable":true,"href":"https:\/\/vsmabrasivos.com\/pt\/wp-json\/wp\/v2\/media\/29334"}],"wp:attachment":[{"href":"https:\/\/vsmabrasivos.com\/pt\/wp-json\/wp\/v2\/media?parent=29330"}],"wp:term":[{"taxonomy":"aplicaciones","embeddable":true,"href":"https:\/\/vsmabrasivos.com\/pt\/wp-json\/wp\/v2\/aplicaciones?post=29330"},{"taxonomy":"tipologia-de-grano","embeddable":true,"href":"https:\/\/vsmabrasivos.com\/pt\/wp-json\/wp\/v2\/tipologia-de-grano?post=29330"},{"taxonomy":"product_brand","embeddable":true,"href":"https:\/\/vsmabrasivos.com\/pt\/wp-json\/wp\/v2\/product_brand?post=29330"},{"taxonomy":"product_cat","embeddable":true,"href":"https:\/\/vsmabrasivos.com\/pt\/wp-json\/wp\/v2\/product_cat?post=29330"},{"taxonomy":"product_tag","embeddable":true,"href":"https:\/\/vsmabrasivos.com\/pt\/wp-json\/wp\/v2\/product_tag?post=29330"}],"curies":[{"name":"wp","href":"https:\/\/api.w.org\/{rel}","templated":true}]}}