{"id":34445,"date":"2024-07-24T13:37:40","date_gmt":"2024-07-24T11:37:40","guid":{"rendered":"https:\/\/vsmabrasivos.com\/formacao\/distribuidores-abrasivos-basicos\/"},"modified":"2025-02-10T11:40:27","modified_gmt":"2025-02-10T10:40:27","slug":"distribuidores-abrasivos-basicos","status":"publish","type":"page","link":"https:\/\/vsmabrasivos.com\/pt\/formacao\/distribuidores-abrasivos-basicos\/","title":{"rendered":"DISTRIBUIDORES \u2013 ABRASIVOS B\u00c1SICOS"},"content":{"rendered":"\t\t<div data-elementor-type=\"wp-page\" data-elementor-id=\"34445\" class=\"elementor elementor-34445 elementor-31866\" data-elementor-post-type=\"page\">\n\t\t\t\t<div class=\"elementor-element elementor-element-5ad5d82 e-flex e-con-boxed e-con e-parent\" data-id=\"5ad5d82\" data-element_type=\"container\" data-settings=\"{&quot;background_background&quot;:&quot;classic&quot;}\">\n\t\t\t\t\t<div class=\"e-con-inner\">\n\t\t<div class=\"elementor-element elementor-element-1bf6260 e-con-full e-grid e-con e-child\" data-id=\"1bf6260\" data-element_type=\"container\">\n\t\t<div class=\"elementor-element elementor-element-d924365 e-con-full e-flex e-con e-child\" data-id=\"d924365\" data-element_type=\"container\">\n\t\t<div class=\"elementor-element elementor-element-c68619e e-con-full e-flex e-con e-child\" data-id=\"c68619e\" data-element_type=\"container\">\n\t\t\t\t<div class=\"elementor-element elementor-element-bb28fcf elementor-widget elementor-widget-heading\" data-id=\"bb28fcf\" data-element_type=\"widget\" data-widget_type=\"heading.default\">\n\t\t\t\t<div class=\"elementor-widget-container\">\n\t\t\t\t\t<p class=\"elementor-heading-title elementor-size-default\"><a href=\"https:\/\/vsmabrasivos.com\/pt\/\">Home<\/a><\/p>\t\t\t\t<\/div>\n\t\t\t\t<\/div>\n\t\t\t\t<div class=\"elementor-element elementor-element-f95ebde elementor-widget elementor-widget-heading\" data-id=\"f95ebde\" data-element_type=\"widget\" data-widget_type=\"heading.default\">\n\t\t\t\t<div class=\"elementor-widget-container\">\n\t\t\t\t\t<p class=\"elementor-heading-title elementor-size-default\"><a href=\"https:\/\/vsmabrasivos.com\/formacion\/\"> &gt; FORMA\u00c7\u00c3O VIRTUAL<\/a><\/p>\t\t\t\t<\/div>\n\t\t\t\t<\/div>\n\t\t\t\t<div class=\"elementor-element elementor-element-b9d978a elementor-widget elementor-widget-heading\" data-id=\"b9d978a\" data-element_type=\"widget\" data-widget_type=\"heading.default\">\n\t\t\t\t<div class=\"elementor-widget-container\">\n\t\t\t\t\t<p class=\"elementor-heading-title elementor-size-default\"> &gt; DISTRIBUIDORES \u2013 ABRASIVOS B\u00c1SICOS <\/p>\t\t\t\t<\/div>\n\t\t\t\t<\/div>\n\t\t\t\t<\/div>\n\t\t\t\t<div class=\"elementor-element elementor-element-4d70fbd elementor-widget elementor-widget-heading\" data-id=\"4d70fbd\" data-element_type=\"widget\" data-widget_type=\"heading.default\">\n\t\t\t\t<div class=\"elementor-widget-container\">\n\t\t\t\t\t<h1 class=\"elementor-heading-title elementor-size-default\"> DISTRIBUIDORES \u2013 ABRASIVOS B\u00c1SICOS <\/h1>\t\t\t\t<\/div>\n\t\t\t\t<\/div>\n\t\t\t\t<div class=\"elementor-element elementor-element-5ce40f0 elementor-widget elementor-widget-text-editor\" data-id=\"5ce40f0\" data-element_type=\"widget\" data-widget_type=\"text-editor.default\">\n\t\t\t\t<div class=\"elementor-widget-container\">\n\t\t\t\t\t\t\t\t\t<div class=\"vc_row wpb_row vc_inner vc_row-fluid descripcion-form-vir mostrar\">\n<div class=\"wpb_column vc_column_container vc_col-sm-12\">\n<div class=\"vc_column-inner\">\n<div class=\"wpb_wrapper\">\n<div class=\"wpb_text_column wpb_content_element \">\n<div class=\"wpb_wrapper\">\n<div class=\"vc_row wpb_row vc_inner vc_row-fluid descripcion-form-vir mostrar\">\n<div class=\"wpb_column vc_column_container vc_col-sm-12\">\n<div class=\"vc_column-inner\">\n<div class=\"wpb_wrapper\">\n<div class=\"wpb_text_column wpb_content_element \">\n<div class=\"wpb_wrapper\">\n<p>Neste curso centrar-nos-emos na origem dos abrasivos, o seu fabrico, as partes de um abrasivo, as fam\u00edlias de gr\u00e3os e a sua constru\u00e7\u00e3o. Se estiver interessado em entrar no mundo desconhecido dos abrasivos, este \u00e9 o curso para si. <\/p>\n<\/div>\n<\/div>\n<\/div>\n<\/div>\n<\/div>\n<\/div>\n<\/div>\n<\/div>\n<\/div>\n<\/div>\n<\/div>\n<\/div>\n\t\t\t\t\t\t\t\t<\/div>\n\t\t\t\t<\/div>\n\t\t\t\t<\/div>\n\t\t\t\t<div class=\"elementor-element elementor-element-e418381 cutimage elementor-widget elementor-widget-image\" data-id=\"e418381\" data-element_type=\"widget\" data-widget_type=\"image.default\">\n\t\t\t\t<div class=\"elementor-widget-container\">\n\t\t\t\t\t\t\t\t\t\t\t\t\t\t\t<img loading=\"lazy\" decoding=\"async\" width=\"434\" height=\"297\" src=\"https:\/\/vsmabrasivos.com\/wp-content\/uploads\/2024\/07\/distribudores-abrasivo-basico.jpg\" class=\"attachment-full size-full wp-image-31870\" alt=\"\" srcset=\"https:\/\/vsmabrasivos.com\/wp-content\/uploads\/2024\/07\/distribudores-abrasivo-basico.jpg 434w, https:\/\/vsmabrasivos.com\/wp-content\/uploads\/2024\/07\/distribudores-abrasivo-basico-300x205.jpg 300w\" sizes=\"auto, (max-width: 434px) 100vw, 434px\" \/>\t\t\t\t\t\t\t\t\t\t\t\t\t\t\t<\/div>\n\t\t\t\t<\/div>\n\t\t\t\t<\/div>\n\t\t<div class=\"elementor-element elementor-element-0de8a51 e-con-full e-flex e-con e-child\" data-id=\"0de8a51\" data-element_type=\"container\">\n\t\t<div class=\"elementor-element elementor-element-3760372 e-con-full e-flex e-con e-child\" data-id=\"3760372\" data-element_type=\"container\">\n\t\t\t\t<div class=\"elementor-element elementor-element-ad94131 elementor-widget elementor-widget-heading\" data-id=\"ad94131\" data-element_type=\"widget\" data-widget_type=\"heading.default\">\n\t\t\t\t<div class=\"elementor-widget-container\">\n\t\t\t\t\t<h2 class=\"elementor-heading-title elementor-size-default\">TEMARY<\/h2>\t\t\t\t<\/div>\n\t\t\t\t<\/div>\n\t\t\t\t<div class=\"elementor-element elementor-element-1cfed63 elementor-widget elementor-widget-text-editor\" data-id=\"1cfed63\" data-element_type=\"widget\" data-widget_type=\"text-editor.default\">\n\t\t\t\t<div class=\"elementor-widget-container\">\n\t\t\t\t\t\t\t\t\t<p>1. Introdu\u00e7\u00e3o<\/p>\n<p>2. Apoio<\/p>\n<p>3. Obriga\u00e7\u00f5es<\/p>\n<p>4. Gr\u00e3o Abrasivo<\/p>\n<p>5. Abrasivos Universais<\/p>\n\t\t\t\t\t\t\t\t<\/div>\n\t\t\t\t<\/div>\n\t\t\t\t<\/div>\n\t\t<div class=\"elementor-element elementor-element-235c4ae e-con-full e-flex e-con e-child\" data-id=\"235c4ae\" data-element_type=\"container\" data-settings=\"{&quot;background_background&quot;:&quot;classic&quot;}\">\n\t\t\t\t<div class=\"elementor-element elementor-element-2af8b9b elementor-widget elementor-widget-heading\" data-id=\"2af8b9b\" data-element_type=\"widget\" data-widget_type=\"heading.default\">\n\t\t\t\t<div class=\"elementor-widget-container\">\n\t\t\t\t\t<h2 class=\"elementor-heading-title elementor-size-default\"><strong>ABRASIVES <\/strong> ACADEMY<\/h2>\t\t\t\t<\/div>\n\t\t\t\t<\/div>\n\t\t\t\t<div class=\"elementor-element elementor-element-7c0be9f elementor-align-center corte-derecha blanco elementor-widget elementor-widget-button\" data-id=\"7c0be9f\" data-element_type=\"widget\" data-widget_type=\"button.default\">\n\t\t\t\t<div class=\"elementor-widget-container\">\n\t\t\t\t\t\t\t\t\t<div class=\"elementor-button-wrapper\">\n\t\t\t\t\t<a class=\"elementor-button elementor-button-link elementor-size-sm\" href=\"https:\/\/abrasivesacademy.vsmabrasivos.com\/pt\/inicio-portugues\/\" target=\"_blank\">\n\t\t\t\t\t\t<span class=\"elementor-button-content-wrapper\">\n\t\t\t\t\t\t<span class=\"elementor-button-icon\">\n\t\t\t\t<svg xmlns=\"http:\/\/www.w3.org\/2000\/svg\" width=\"25\" height=\"25\" viewBox=\"0 0 25 25\" fill=\"none\"><path d=\"M15.1016 3.5H19.1016C19.632 3.5 20.1407 3.71071 20.5158 4.08579C20.8908 4.46086 21.1016 4.96957 21.1016 5.5V19.5C21.1016 20.0304 20.8908 20.5391 20.5158 20.9142C20.1407 21.2893 19.632 21.5 19.1016 21.5H15.1016\" stroke=\"white\" stroke-width=\"2\" stroke-linecap=\"square\" stroke-linejoin=\"round\"><\/path><path d=\"M10.1016 17.5L15.1016 12.5L10.1016 7.5\" stroke=\"white\" stroke-width=\"2\" stroke-linecap=\"square\" stroke-linejoin=\"round\"><\/path><path d=\"M15.1016 12.5H3.10156\" stroke=\"white\" stroke-width=\"2\" stroke-linecap=\"round\" stroke-linejoin=\"round\"><\/path><\/svg>\t\t\t<\/span>\n\t\t\t\t\t\t\t\t\t<span class=\"elementor-button-text\">INICIAR SESS\u00c3O<\/span>\n\t\t\t\t\t<\/span>\n\t\t\t\t\t<\/a>\n\t\t\t\t<\/div>\n\t\t\t\t\t\t\t\t<\/div>\n\t\t\t\t<\/div>\n\t\t\t\t<\/div>\n\t\t\t\t<\/div>\n\t\t<div class=\"elementor-element elementor-element-e8cae2d e-con-full e-flex e-con e-child\" data-id=\"e8cae2d\" data-element_type=\"container\">\n\t\t<div class=\"elementor-element elementor-element-d07ab09 e-con-full e-flex e-con e-child\" data-id=\"d07ab09\" data-element_type=\"container\" data-settings=\"{&quot;background_background&quot;:&quot;classic&quot;}\">\n\t\t\t\t<div class=\"elementor-element elementor-element-16fd544 elementor-widget elementor-widget-heading\" data-id=\"16fd544\" data-element_type=\"widget\" data-widget_type=\"heading.default\">\n\t\t\t\t<div class=\"elementor-widget-container\">\n\t\t\t\t\t<h2 class=\"elementor-heading-title elementor-size-default\">SOLICITAR ACESSO<\/h2>\t\t\t\t<\/div>\n\t\t\t\t<\/div>\n\t\t\t\t<div class=\"elementor-element elementor-element-0fb7897 elementor-widget elementor-widget-html\" data-id=\"0fb7897\" data-element_type=\"widget\" data-widget_type=\"html.default\">\n\t\t\t\t<div class=\"elementor-widget-container\">\n\t\t\t\t\t<script charset=\"utf-8\" type=\"text\/javascript\" src=\"\/\/js-eu1.hsforms.net\/forms\/embed\/v2.js\"><\/script><script>\n  hbspt.forms.create({\n    region: \"eu1\",\n    portalId: \"26724961\",\n    formId: \"ec74c5ef-f05f-46d4-9a3d-59e1881faf7e\"\n  });\n\n<\/script>\t\t\t\t<\/div>\n\t\t\t\t<\/div>\n\t\t\t\t<\/div>\n\t\t<div class=\"elementor-element elementor-element-d6ee81d e-con-full e-flex e-con e-child\" data-id=\"d6ee81d\" data-element_type=\"container\">\n\t\t\t\t<\/div>\n\t\t\t\t<\/div>\n\t\t\t\t\t<\/div>\n\t\t\t\t<\/div>\n\t\t\t\t<\/div>\n\t\t","protected":false},"excerpt":{"rendered":"<p>Home &gt; FORMA\u00c7\u00c3O VIRTUAL &gt; DISTRIBUIDORES \u2013 ABRASIVOS B\u00c1SICOS DISTRIBUIDORES \u2013 ABRASIVOS B\u00c1SICOS Neste curso centrar-nos-emos na origem dos abrasivos, o seu fabrico, as partes de um abrasivo, as fam\u00edlias de gr\u00e3os e a sua constru\u00e7\u00e3o. Se estiver interessado em entrar no mundo desconhecido dos abrasivos, este \u00e9 o curso para si. TEMARY 1. Introdu\u00e7\u00e3o [&hellip;]<\/p>\n","protected":false},"author":1,"featured_media":0,"parent":30102,"menu_order":0,"comment_status":"closed","ping_status":"closed","template":"","meta":{"_acf_changed":false,"content-type":"","footnotes":""},"class_list":["post-34445","page","type-page","status-publish","hentry"],"acf":[],"yoast_head":"<!-- This site is optimized with the Yoast SEO plugin v26.2 - https:\/\/yoast.com\/wordpress\/plugins\/seo\/ -->\n<title>Forma\u00e7\u00e3o para Distribuidores: Abrasivos B\u00e1sico | VSM Portugal<\/title>\n<meta name=\"robots\" content=\"index, follow, max-snippet:-1, max-image-preview:large, max-video-preview:-1\" \/>\n<link rel=\"canonical\" href=\"https:\/\/vsmabrasivos.com\/pt\/wp-json\/wp\/v2\/pages\/34445\" \/>\n<meta property=\"og:locale\" content=\"pt_PT\" \/>\n<meta property=\"og:type\" content=\"article\" \/>\n<meta property=\"og:title\" content=\"Forma\u00e7\u00e3o para Distribuidores: Abrasivos B\u00e1sico | VSM Portugal\" \/>\n<meta property=\"og:description\" content=\"Home &gt; FORMA\u00c7\u00c3O VIRTUAL &gt; DISTRIBUIDORES \u2013 ABRASIVOS B\u00c1SICOS DISTRIBUIDORES \u2013 ABRASIVOS B\u00c1SICOS Neste curso centrar-nos-emos na origem dos abrasivos, o seu fabrico, as partes de um abrasivo, as fam\u00edlias de gr\u00e3os e a sua constru\u00e7\u00e3o. Se estiver interessado em entrar no mundo desconhecido dos abrasivos, este \u00e9 o curso para si. TEMARY 1. Introdu\u00e7\u00e3o [&hellip;]\" \/>\n<meta property=\"og:url\" content=\"https:\/\/vsmabrasivos.com\/pt\/formacao\/distribuidores-abrasivos-basicos\/\" \/>\n<meta property=\"og:site_name\" content=\"VSM Abrasivos\" \/>\n<meta property=\"article:modified_time\" content=\"2025-02-10T10:40:27+00:00\" \/>\n<meta property=\"og:image\" content=\"https:\/\/vsmabrasivos.com\/wp-content\/uploads\/2024\/07\/distribudores-abrasivo-basico.jpg\" \/>\n<meta name=\"twitter:card\" content=\"summary_large_image\" \/>\n<meta name=\"twitter:label1\" content=\"Est. reading time\" \/>\n\t<meta name=\"twitter:data1\" content=\"1 minute\" \/>\n<script type=\"application\/ld+json\" class=\"yoast-schema-graph\">{\"@context\":\"https:\/\/schema.org\",\"@graph\":[{\"@type\":\"WebPage\",\"@id\":\"https:\/\/vsmabrasivos.com\/pt\/formacao\/distribuidores-abrasivos-basicos\/\",\"url\":\"https:\/\/vsmabrasivos.com\/pt\/formacao\/distribuidores-abrasivos-basicos\/\",\"name\":\"Forma\u00e7\u00e3o para Distribuidores: Abrasivos B\u00e1sico | VSM Portugal\",\"isPartOf\":{\"@id\":\"https:\/\/vsmabrasivos.com\/pt\/#website\"},\"primaryImageOfPage\":{\"@id\":\"https:\/\/vsmabrasivos.com\/pt\/formacao\/distribuidores-abrasivos-basicos\/#primaryimage\"},\"image\":{\"@id\":\"https:\/\/vsmabrasivos.com\/pt\/formacao\/distribuidores-abrasivos-basicos\/#primaryimage\"},\"thumbnailUrl\":\"https:\/\/vsmabrasivos.com\/wp-content\/uploads\/2024\/07\/distribudores-abrasivo-basico.jpg\",\"datePublished\":\"2024-07-24T11:37:40+00:00\",\"dateModified\":\"2025-02-10T10:40:27+00:00\",\"breadcrumb\":{\"@id\":\"https:\/\/vsmabrasivos.com\/pt\/formacao\/distribuidores-abrasivos-basicos\/#breadcrumb\"},\"inLanguage\":\"pt\",\"potentialAction\":[{\"@type\":\"ReadAction\",\"target\":[\"https:\/\/vsmabrasivos.com\/pt\/formacao\/distribuidores-abrasivos-basicos\/\"]}]},{\"@type\":\"ImageObject\",\"inLanguage\":\"pt\",\"@id\":\"https:\/\/vsmabrasivos.com\/pt\/formacao\/distribuidores-abrasivos-basicos\/#primaryimage\",\"url\":\"https:\/\/vsmabrasivos.com\/wp-content\/uploads\/2024\/07\/distribudores-abrasivo-basico.jpg\",\"contentUrl\":\"https:\/\/vsmabrasivos.com\/wp-content\/uploads\/2024\/07\/distribudores-abrasivo-basico.jpg\"},{\"@type\":\"BreadcrumbList\",\"@id\":\"https:\/\/vsmabrasivos.com\/pt\/formacao\/distribuidores-abrasivos-basicos\/#breadcrumb\",\"itemListElement\":[{\"@type\":\"ListItem\",\"position\":1,\"name\":\"Portada\",\"item\":\"https:\/\/vsmabrasivos.com\/pt\/home\/\"},{\"@type\":\"ListItem\",\"position\":2,\"name\":\"FORMA\u00c7\u00c3O\",\"item\":\"https:\/\/vsmabrasivos.com\/pt\/formacao\/\"},{\"@type\":\"ListItem\",\"position\":3,\"name\":\"DISTRIBUIDORES \u2013 ABRASIVOS B\u00c1SICOS\"}]},{\"@type\":\"WebSite\",\"@id\":\"https:\/\/vsmabrasivos.com\/pt\/#website\",\"url\":\"https:\/\/vsmabrasivos.com\/pt\/\",\"name\":\"VSM Abrasivos\",\"description\":\"\",\"potentialAction\":[{\"@type\":\"SearchAction\",\"target\":{\"@type\":\"EntryPoint\",\"urlTemplate\":\"https:\/\/vsmabrasivos.com\/pt\/?s={search_term_string}\"},\"query-input\":{\"@type\":\"PropertyValueSpecification\",\"valueRequired\":true,\"valueName\":\"search_term_string\"}}],\"inLanguage\":\"pt\"}]}<\/script>\n<!-- \/ Yoast SEO plugin. -->","yoast_head_json":{"title":"Forma\u00e7\u00e3o para Distribuidores: Abrasivos B\u00e1sico | VSM Portugal","robots":{"index":"index","follow":"follow","max-snippet":"max-snippet:-1","max-image-preview":"max-image-preview:large","max-video-preview":"max-video-preview:-1"},"canonical":"https:\/\/vsmabrasivos.com\/pt\/wp-json\/wp\/v2\/pages\/34445","og_locale":"pt_PT","og_type":"article","og_title":"Forma\u00e7\u00e3o para Distribuidores: Abrasivos B\u00e1sico | VSM Portugal","og_description":"Home &gt; FORMA\u00c7\u00c3O VIRTUAL &gt; DISTRIBUIDORES \u2013 ABRASIVOS B\u00c1SICOS DISTRIBUIDORES \u2013 ABRASIVOS B\u00c1SICOS Neste curso centrar-nos-emos na origem dos abrasivos, o seu fabrico, as partes de um abrasivo, as fam\u00edlias de gr\u00e3os e a sua constru\u00e7\u00e3o. Se estiver interessado em entrar no mundo desconhecido dos abrasivos, este \u00e9 o curso para si. TEMARY 1. Introdu\u00e7\u00e3o [&hellip;]","og_url":"https:\/\/vsmabrasivos.com\/pt\/formacao\/distribuidores-abrasivos-basicos\/","og_site_name":"VSM Abrasivos","article_modified_time":"2025-02-10T10:40:27+00:00","og_image":[{"url":"https:\/\/vsmabrasivos.com\/wp-content\/uploads\/2024\/07\/distribudores-abrasivo-basico.jpg","type":"","width":"","height":""}],"twitter_card":"summary_large_image","twitter_misc":{"Est. reading time":"1 minute"},"schema":{"@context":"https:\/\/schema.org","@graph":[{"@type":"WebPage","@id":"https:\/\/vsmabrasivos.com\/pt\/formacao\/distribuidores-abrasivos-basicos\/","url":"https:\/\/vsmabrasivos.com\/pt\/formacao\/distribuidores-abrasivos-basicos\/","name":"Forma\u00e7\u00e3o para Distribuidores: Abrasivos B\u00e1sico | VSM Portugal","isPartOf":{"@id":"https:\/\/vsmabrasivos.com\/pt\/#website"},"primaryImageOfPage":{"@id":"https:\/\/vsmabrasivos.com\/pt\/formacao\/distribuidores-abrasivos-basicos\/#primaryimage"},"image":{"@id":"https:\/\/vsmabrasivos.com\/pt\/formacao\/distribuidores-abrasivos-basicos\/#primaryimage"},"thumbnailUrl":"https:\/\/vsmabrasivos.com\/wp-content\/uploads\/2024\/07\/distribudores-abrasivo-basico.jpg","datePublished":"2024-07-24T11:37:40+00:00","dateModified":"2025-02-10T10:40:27+00:00","breadcrumb":{"@id":"https:\/\/vsmabrasivos.com\/pt\/formacao\/distribuidores-abrasivos-basicos\/#breadcrumb"},"inLanguage":"pt","potentialAction":[{"@type":"ReadAction","target":["https:\/\/vsmabrasivos.com\/pt\/formacao\/distribuidores-abrasivos-basicos\/"]}]},{"@type":"ImageObject","inLanguage":"pt","@id":"https:\/\/vsmabrasivos.com\/pt\/formacao\/distribuidores-abrasivos-basicos\/#primaryimage","url":"https:\/\/vsmabrasivos.com\/wp-content\/uploads\/2024\/07\/distribudores-abrasivo-basico.jpg","contentUrl":"https:\/\/vsmabrasivos.com\/wp-content\/uploads\/2024\/07\/distribudores-abrasivo-basico.jpg"},{"@type":"BreadcrumbList","@id":"https:\/\/vsmabrasivos.com\/pt\/formacao\/distribuidores-abrasivos-basicos\/#breadcrumb","itemListElement":[{"@type":"ListItem","position":1,"name":"Portada","item":"https:\/\/vsmabrasivos.com\/pt\/home\/"},{"@type":"ListItem","position":2,"name":"FORMA\u00c7\u00c3O","item":"https:\/\/vsmabrasivos.com\/pt\/formacao\/"},{"@type":"ListItem","position":3,"name":"DISTRIBUIDORES \u2013 ABRASIVOS B\u00c1SICOS"}]},{"@type":"WebSite","@id":"https:\/\/vsmabrasivos.com\/pt\/#website","url":"https:\/\/vsmabrasivos.com\/pt\/","name":"VSM Abrasivos","description":"","potentialAction":[{"@type":"SearchAction","target":{"@type":"EntryPoint","urlTemplate":"https:\/\/vsmabrasivos.com\/pt\/?s={search_term_string}"},"query-input":{"@type":"PropertyValueSpecification","valueRequired":true,"valueName":"search_term_string"}}],"inLanguage":"pt"}]}},"_links":{"self":[{"href":"https:\/\/vsmabrasivos.com\/pt\/wp-json\/wp\/v2\/pages\/34445","targetHints":{"allow":["GET"]}}],"collection":[{"href":"https:\/\/vsmabrasivos.com\/pt\/wp-json\/wp\/v2\/pages"}],"about":[{"href":"https:\/\/vsmabrasivos.com\/pt\/wp-json\/wp\/v2\/types\/page"}],"author":[{"embeddable":true,"href":"https:\/\/vsmabrasivos.com\/pt\/wp-json\/wp\/v2\/users\/1"}],"replies":[{"embeddable":true,"href":"https:\/\/vsmabrasivos.com\/pt\/wp-json\/wp\/v2\/comments?post=34445"}],"version-history":[{"count":7,"href":"https:\/\/vsmabrasivos.com\/pt\/wp-json\/wp\/v2\/pages\/34445\/revisions"}],"predecessor-version":[{"id":34785,"href":"https:\/\/vsmabrasivos.com\/pt\/wp-json\/wp\/v2\/pages\/34445\/revisions\/34785"}],"up":[{"embeddable":true,"href":"https:\/\/vsmabrasivos.com\/pt\/wp-json\/wp\/v2\/pages\/30102"}],"wp:attachment":[{"href":"https:\/\/vsmabrasivos.com\/pt\/wp-json\/wp\/v2\/media?parent=34445"}],"curies":[{"name":"wp","href":"https:\/\/api.w.org\/{rel}","templated":true}]}}