{"id":32428,"date":"2024-07-28T16:52:39","date_gmt":"2024-07-28T14:52:39","guid":{"rendered":"https:\/\/vsmabrasivos.com\/seminarios\/forum-tecnico-de-abrasivos-para-distribuidores\/"},"modified":"2024-09-12T09:26:16","modified_gmt":"2024-09-12T07:26:16","slug":"forum-tecnico-de-abrasivos-para-distribuidores","status":"publish","type":"page","link":"https:\/\/vsmabrasivos.com\/pt\/seminarios\/forum-tecnico-de-abrasivos-para-distribuidores\/","title":{"rendered":"F\u00f3rum t\u00e9cnico de abrasivos para distribuidores"},"content":{"rendered":"\t\t<div data-elementor-type=\"wp-page\" data-elementor-id=\"32428\" class=\"elementor elementor-32428 elementor-32407\" data-elementor-post-type=\"page\">\n\t\t\t\t<div class=\"elementor-element elementor-element-a32f394 e-flex e-con-boxed e-con e-parent\" data-id=\"a32f394\" data-element_type=\"container\" data-settings=\"{&quot;background_background&quot;:&quot;classic&quot;}\">\n\t\t\t\t\t<div class=\"e-con-inner\">\n\t\t<div class=\"elementor-element elementor-element-08ca4f0 e-con-full e-flex e-con e-child\" data-id=\"08ca4f0\" data-element_type=\"container\">\n\t\t<div class=\"elementor-element elementor-element-ac0e5c7 e-con-full e-flex e-con e-child\" data-id=\"ac0e5c7\" data-element_type=\"container\">\n\t\t\t\t<div class=\"elementor-element elementor-element-3b774b7 elementor-widget elementor-widget-heading\" data-id=\"3b774b7\" data-element_type=\"widget\" data-widget_type=\"heading.default\">\n\t\t\t\t<div class=\"elementor-widget-container\">\n\t\t\t\t\t<p class=\"elementor-heading-title elementor-size-default\"><a href=\"https:\/\/vsmabrasivos.com\/pt\/\">Home<\/a><\/p>\t\t\t\t<\/div>\n\t\t\t\t<\/div>\n\t\t\t\t<div class=\"elementor-element elementor-element-da2e516 elementor-widget elementor-widget-heading\" data-id=\"da2e516\" data-element_type=\"widget\" data-widget_type=\"heading.default\">\n\t\t\t\t<div class=\"elementor-widget-container\">\n\t\t\t\t\t<p class=\"elementor-heading-title elementor-size-default\"><a href=\"https:\/\/vsmabrasivos.com\/pt\/\"> &gt; <\/a><\/p>\t\t\t\t<\/div>\n\t\t\t\t<\/div>\n\t\t\t\t<div class=\"elementor-element elementor-element-5307524 elementor-widget elementor-widget-heading\" data-id=\"5307524\" data-element_type=\"widget\" data-widget_type=\"heading.default\">\n\t\t\t\t<div class=\"elementor-widget-container\">\n\t\t\t\t\t<p class=\"elementor-heading-title elementor-size-default\"><a href=\"https:\/\/vsmabrasivos.com\/formacion\/\">FORMA\u00c7\u00c3O<\/a><\/p>\t\t\t\t<\/div>\n\t\t\t\t<\/div>\n\t\t\t\t<div class=\"elementor-element elementor-element-e6232c0 elementor-widget elementor-widget-heading\" data-id=\"e6232c0\" data-element_type=\"widget\" data-widget_type=\"heading.default\">\n\t\t\t\t<div class=\"elementor-widget-container\">\n\t\t\t\t\t<p class=\"elementor-heading-title elementor-size-default\"><a href=\"https:\/\/vsmabrasivos.com\/pt\/\"> &gt; <\/a><\/p>\t\t\t\t<\/div>\n\t\t\t\t<\/div>\n\t\t\t\t<div class=\"elementor-element elementor-element-bbc7d8f elementor-widget elementor-widget-heading\" data-id=\"bbc7d8f\" data-element_type=\"widget\" data-widget_type=\"heading.default\">\n\t\t\t\t<div class=\"elementor-widget-container\">\n\t\t\t\t\t<p class=\"elementor-heading-title elementor-size-default\"><a href=\"https:\/\/vsmabrasivos.com\/seminarios\/\">SEMIN\u00c1RIOS<\/a><\/p>\t\t\t\t<\/div>\n\t\t\t\t<\/div>\n\t\t\t\t<div class=\"elementor-element elementor-element-cd58b95 elementor-widget elementor-widget-heading\" data-id=\"cd58b95\" data-element_type=\"widget\" data-widget_type=\"heading.default\">\n\t\t\t\t<div class=\"elementor-widget-container\">\n\t\t\t\t\t<p class=\"elementor-heading-title elementor-size-default\">&gt; F\u00f3rum T\u00e9cnico de Abrasivos para Distribuidores  <\/p>\t\t\t\t<\/div>\n\t\t\t\t<\/div>\n\t\t\t\t<\/div>\n\t\t\t\t<div class=\"elementor-element elementor-element-7744716 elementor-widget elementor-widget-heading\" data-id=\"7744716\" data-element_type=\"widget\" data-widget_type=\"heading.default\">\n\t\t\t\t<div class=\"elementor-widget-container\">\n\t\t\t\t\t<h1 class=\"elementor-heading-title elementor-size-default\">  F\u00f3rum T\u00e9cnico de Abrasivos para Distribuidores  <\/h1>\t\t\t\t<\/div>\n\t\t\t\t<\/div>\n\t\t\t\t<div class=\"elementor-element elementor-element-101c4bf elementor-widget elementor-widget-text-editor\" data-id=\"101c4bf\" data-element_type=\"widget\" data-widget_type=\"text-editor.default\">\n\t\t\t\t<div class=\"elementor-widget-container\">\n\t\t\t\t\t\t\t\t\t<p><span class=\"HwtZe\" lang=\"es\"><span class=\"jCAhz ChMk0b\"><span class=\"ryNqvb\">O novo f\u00f3rum de concession\u00e1rios da VSM manter-te-\u00e1 atualizado!<\/span><\/span> <\/span><\/p>\n<p><span class=\"HwtZe\" lang=\"es\"><span class=\"jCAhz ChMk0b\"><span class=\"ryNqvb\">No nosso semin\u00e1rio de dois dias, damos-te uma vis\u00e3o geral das novas tecnologias de gr\u00e3os e das suas vantagens para o processo de moagem.<\/span><\/span> <span class=\"jCAhz ChMk0b\"><span class=\"ryNqvb\">Apresentamos-te a nossa gama de produtos especiais para OEM e empresas de montagem e mostramos-te como encontrar o abrasivo certo para os teus clientes de forma r\u00e1pida e fi\u00e1vel.<\/span><\/span> <span class=\"jCAhz ChMk0b\"><span class=\"ryNqvb\">Aprender\u00e1s tamb\u00e9m sobre a produ\u00e7\u00e3o de abrasivos VSM, enquanto a parte pr\u00e1tica integral te permitir\u00e1 experimentar em primeira m\u00e3o como funcionam os diferentes tipos de gr\u00e3os.<\/span><\/span> <\/span><\/p>\n<p><span class=\"HwtZe\" lang=\"es\"><span class=\"jCAhz ChMk0b\"><span class=\"ryNqvb\">Os nossos especialistas em abrasivos est\u00e3o ansiosos por uma animada troca de ideias!<\/span><\/span> <\/span><\/p>\n<p><span class=\"HwtZe\" lang=\"es\"><span class=\"jCAhz ChMk0b\"><span class=\"ryNqvb\">Depois do semin\u00e1rio&#8230;  <\/span><\/span><\/span><\/p>\n<p><span class=\"HwtZe\" lang=\"es\"><span class=\"jCAhz ChMk0b\"><span class=\"ryNqvb\">&#8230; aprende sobre o potencial oferecido pelas novas tecnologias de cereais.  <\/span><\/span><\/span><\/p>\n<p><span class=\"HwtZe\" lang=\"es\"><span class=\"jCAhz ChMk0b\"><span class=\"ryNqvb\">&#8230; encontra r\u00e1pida e facilmente a gama de produtos VSM e encontra o abrasivo certo para o seu cliente.  <\/span><\/span><\/span><\/p>\n<p><span class=\"HwtZe\" lang=\"es\"><span class=\"jCAhz ChMk0b\"><span class=\"ryNqvb\">&#8230; ficar\u00e1s a saber tudo sobre os produtos OEM VSM e as diferentes s\u00e9ries de transformadores.<\/span><\/span><\/span><\/p>\n<p><span class=\"HwtZe\" lang=\"es\"><span class=\"jCAhz ChMk0b\"><span class=\"ryNqvb\">  &#8230; compreende ainda melhor as aplica\u00e7\u00f5es dos teus clientes<\/span><\/span><\/span><\/p>\n<p><span class=\"HwtZe\" lang=\"es\"><span class=\"jCAhz ChMk0b\"><span class=\"ryNqvb\">  &#8230; ter\u00e1s melhorado a tua experi\u00eancia como consultor<\/span><\/span><\/span><\/p>\n<p><span class=\"HwtZe\" lang=\"es\"><span class=\"jCAhz ChMk0b\"><span class=\"ryNqvb\">&#8230; fala a mesma l\u00edngua que os seus clientes no que diz respeito aos requisitos t\u00e9cnicos dos processos de retifica\u00e7\u00e3o  <\/span><\/span><\/span><\/p>\n<p><span class=\"HwtZe\" lang=\"es\"><span class=\"jCAhz ChMk0b\"><span class=\"ryNqvb\"><br \/>L<strong>ocal<\/strong> VSM AG &#8211; Centro de Compet\u00eancias Siegmundstra\u00dfe 17 &#8211; 30165 Hannover &#8211; Alemanha<\/span><\/span><\/span><\/p>\n\t\t\t\t\t\t\t\t<\/div>\n\t\t\t\t<\/div>\n\t\t\t\t<\/div>\n\t\t<div class=\"elementor-element elementor-element-c238fd5 e-con-full e-flex e-con e-child\" data-id=\"c238fd5\" data-element_type=\"container\">\n\t\t\t\t<div class=\"elementor-element elementor-element-bb6cc4c elementor-widget elementor-widget-heading\" data-id=\"bb6cc4c\" data-element_type=\"widget\" data-widget_type=\"heading.default\">\n\t\t\t\t<div class=\"elementor-widget-container\">\n\t\t\t\t\t<h3 class=\"elementor-heading-title elementor-size-default\">Prazos de inscri\u00e7\u00e3o<\/h3>\t\t\t\t<\/div>\n\t\t\t\t<\/div>\n\t\t\t\t<div class=\"elementor-element elementor-element-e1e3b79 elementor-widget elementor-widget-text-editor\" data-id=\"e1e3b79\" data-element_type=\"widget\" data-widget_type=\"text-editor.default\">\n\t\t\t\t<div class=\"elementor-widget-container\">\n\t\t\t\t\t\t\t\t\t<p><span class=\"HwtZe\" lang=\"es\"><span class=\"jCAhz ChMk0b\"><span class=\"ryNqvb\"><br \/>Semin\u00e1rios em alem\u00e3o: 2 semanas de anteced\u00eancia.<\/span><\/span><\/span><\/p>\n<p><span class=\"HwtZe\" lang=\"es\"><span class=\"jCAhz\"><span class=\"ryNqvb\"> <br \/>Outros semin\u00e1rios: 6 semanas antes da data.<\/span><\/span><\/span><\/p>\n<p><span class=\"HwtZe\" lang=\"es\"><span class=\"jCAhz\"><span class=\"ryNqvb\">  Pre\u00e7o do semin\u00e1rio de dois dias: 380,00 EUR (mais IVA).<\/span><\/span><\/span><\/p>\n<p><span class=\"HwtZe\" lang=\"es\"><span class=\"jCAhz ChMk0b\"><span class=\"ryNqvb\">  O pre\u00e7o inclui: almo\u00e7o e jantar, servi\u00e7o de transfer (do hotel para o VSM e vice-versa), documenta\u00e7\u00e3o e material de forma\u00e7\u00e3o.<\/span><\/span><\/span><\/p>\n\t\t\t\t\t\t\t\t<\/div>\n\t\t\t\t<\/div>\n\t\t\t\t<\/div>\n\t\t\t\t\t<\/div>\n\t\t\t\t<\/div>\n\t\t\t\t<\/div>\n\t\t","protected":false},"excerpt":{"rendered":"<p>Home > FORMA\u00c7\u00c3O > SEMIN\u00c1RIOS &gt; F\u00f3rum T\u00e9cnico de Abrasivos para Distribuidores F\u00f3rum T\u00e9cnico de Abrasivos para Distribuidores O novo f\u00f3rum de concession\u00e1rios da VSM manter-te-\u00e1 atualizado! No nosso semin\u00e1rio de dois dias, damos-te uma vis\u00e3o geral das novas tecnologias de gr\u00e3os e das suas vantagens para o processo de moagem. Apresentamos-te a nossa gama [&hellip;]<\/p>\n","protected":false},"author":1,"featured_media":0,"parent":30082,"menu_order":0,"comment_status":"closed","ping_status":"closed","template":"","meta":{"_acf_changed":false,"content-type":"","footnotes":""},"class_list":["post-32428","page","type-page","status-publish","hentry"],"acf":[],"yoast_head":"<!-- This site is optimized with the Yoast SEO plugin v26.2 - https:\/\/yoast.com\/wordpress\/plugins\/seo\/ -->\n<title>F\u00f3rum t\u00e9cnico de abrasivos para distribuidores - VSM Abrasivos<\/title>\n<meta name=\"robots\" content=\"index, follow, max-snippet:-1, max-image-preview:large, max-video-preview:-1\" \/>\n<link rel=\"canonical\" href=\"https:\/\/vsmabrasivos.com\/pt\/wp-json\/wp\/v2\/pages\/32428\" \/>\n<meta property=\"og:locale\" content=\"pt_PT\" \/>\n<meta property=\"og:type\" content=\"article\" \/>\n<meta property=\"og:title\" content=\"F\u00f3rum t\u00e9cnico de abrasivos para distribuidores - VSM Abrasivos\" \/>\n<meta property=\"og:description\" content=\"Home &gt; FORMA\u00c7\u00c3O &gt; SEMIN\u00c1RIOS &gt; F\u00f3rum T\u00e9cnico de Abrasivos para Distribuidores F\u00f3rum T\u00e9cnico de Abrasivos para Distribuidores O novo f\u00f3rum de concession\u00e1rios da VSM manter-te-\u00e1 atualizado! No nosso semin\u00e1rio de dois dias, damos-te uma vis\u00e3o geral das novas tecnologias de gr\u00e3os e das suas vantagens para o processo de moagem. Apresentamos-te a nossa gama [&hellip;]\" \/>\n<meta property=\"og:url\" content=\"https:\/\/vsmabrasivos.com\/pt\/seminarios\/forum-tecnico-de-abrasivos-para-distribuidores\/\" \/>\n<meta property=\"og:site_name\" content=\"VSM Abrasivos\" \/>\n<meta property=\"article:modified_time\" content=\"2024-09-12T07:26:16+00:00\" \/>\n<meta name=\"twitter:card\" content=\"summary_large_image\" \/>\n<meta name=\"twitter:label1\" content=\"Est. reading time\" \/>\n\t<meta name=\"twitter:data1\" content=\"1 minute\" \/>\n<script type=\"application\/ld+json\" class=\"yoast-schema-graph\">{\"@context\":\"https:\/\/schema.org\",\"@graph\":[{\"@type\":\"WebPage\",\"@id\":\"https:\/\/vsmabrasivos.com\/pt\/seminarios\/forum-tecnico-de-abrasivos-para-distribuidores\/\",\"url\":\"https:\/\/vsmabrasivos.com\/pt\/seminarios\/forum-tecnico-de-abrasivos-para-distribuidores\/\",\"name\":\"F\u00f3rum t\u00e9cnico de abrasivos para distribuidores - VSM Abrasivos\",\"isPartOf\":{\"@id\":\"https:\/\/vsmabrasivos.com\/pt\/#website\"},\"datePublished\":\"2024-07-28T14:52:39+00:00\",\"dateModified\":\"2024-09-12T07:26:16+00:00\",\"breadcrumb\":{\"@id\":\"https:\/\/vsmabrasivos.com\/pt\/seminarios\/forum-tecnico-de-abrasivos-para-distribuidores\/#breadcrumb\"},\"inLanguage\":\"pt\",\"potentialAction\":[{\"@type\":\"ReadAction\",\"target\":[\"https:\/\/vsmabrasivos.com\/pt\/seminarios\/forum-tecnico-de-abrasivos-para-distribuidores\/\"]}]},{\"@type\":\"BreadcrumbList\",\"@id\":\"https:\/\/vsmabrasivos.com\/pt\/seminarios\/forum-tecnico-de-abrasivos-para-distribuidores\/#breadcrumb\",\"itemListElement\":[{\"@type\":\"ListItem\",\"position\":1,\"name\":\"Portada\",\"item\":\"https:\/\/vsmabrasivos.com\/pt\/home\/\"},{\"@type\":\"ListItem\",\"position\":2,\"name\":\"SEMIN\u00c1RIOS\",\"item\":\"https:\/\/vsmabrasivos.com\/pt\/seminarios\/\"},{\"@type\":\"ListItem\",\"position\":3,\"name\":\"F\u00f3rum t\u00e9cnico de abrasivos para distribuidores\"}]},{\"@type\":\"WebSite\",\"@id\":\"https:\/\/vsmabrasivos.com\/pt\/#website\",\"url\":\"https:\/\/vsmabrasivos.com\/pt\/\",\"name\":\"VSM Abrasivos\",\"description\":\"\",\"potentialAction\":[{\"@type\":\"SearchAction\",\"target\":{\"@type\":\"EntryPoint\",\"urlTemplate\":\"https:\/\/vsmabrasivos.com\/pt\/?s={search_term_string}\"},\"query-input\":{\"@type\":\"PropertyValueSpecification\",\"valueRequired\":true,\"valueName\":\"search_term_string\"}}],\"inLanguage\":\"pt\"}]}<\/script>\n<!-- \/ Yoast SEO plugin. -->","yoast_head_json":{"title":"F\u00f3rum t\u00e9cnico de abrasivos para distribuidores - VSM Abrasivos","robots":{"index":"index","follow":"follow","max-snippet":"max-snippet:-1","max-image-preview":"max-image-preview:large","max-video-preview":"max-video-preview:-1"},"canonical":"https:\/\/vsmabrasivos.com\/pt\/wp-json\/wp\/v2\/pages\/32428","og_locale":"pt_PT","og_type":"article","og_title":"F\u00f3rum t\u00e9cnico de abrasivos para distribuidores - VSM Abrasivos","og_description":"Home > FORMA\u00c7\u00c3O > SEMIN\u00c1RIOS &gt; F\u00f3rum T\u00e9cnico de Abrasivos para Distribuidores F\u00f3rum T\u00e9cnico de Abrasivos para Distribuidores O novo f\u00f3rum de concession\u00e1rios da VSM manter-te-\u00e1 atualizado! No nosso semin\u00e1rio de dois dias, damos-te uma vis\u00e3o geral das novas tecnologias de gr\u00e3os e das suas vantagens para o processo de moagem. Apresentamos-te a nossa gama [&hellip;]","og_url":"https:\/\/vsmabrasivos.com\/pt\/seminarios\/forum-tecnico-de-abrasivos-para-distribuidores\/","og_site_name":"VSM Abrasivos","article_modified_time":"2024-09-12T07:26:16+00:00","twitter_card":"summary_large_image","twitter_misc":{"Est. reading time":"1 minute"},"schema":{"@context":"https:\/\/schema.org","@graph":[{"@type":"WebPage","@id":"https:\/\/vsmabrasivos.com\/pt\/seminarios\/forum-tecnico-de-abrasivos-para-distribuidores\/","url":"https:\/\/vsmabrasivos.com\/pt\/seminarios\/forum-tecnico-de-abrasivos-para-distribuidores\/","name":"F\u00f3rum t\u00e9cnico de abrasivos para distribuidores - VSM Abrasivos","isPartOf":{"@id":"https:\/\/vsmabrasivos.com\/pt\/#website"},"datePublished":"2024-07-28T14:52:39+00:00","dateModified":"2024-09-12T07:26:16+00:00","breadcrumb":{"@id":"https:\/\/vsmabrasivos.com\/pt\/seminarios\/forum-tecnico-de-abrasivos-para-distribuidores\/#breadcrumb"},"inLanguage":"pt","potentialAction":[{"@type":"ReadAction","target":["https:\/\/vsmabrasivos.com\/pt\/seminarios\/forum-tecnico-de-abrasivos-para-distribuidores\/"]}]},{"@type":"BreadcrumbList","@id":"https:\/\/vsmabrasivos.com\/pt\/seminarios\/forum-tecnico-de-abrasivos-para-distribuidores\/#breadcrumb","itemListElement":[{"@type":"ListItem","position":1,"name":"Portada","item":"https:\/\/vsmabrasivos.com\/pt\/home\/"},{"@type":"ListItem","position":2,"name":"SEMIN\u00c1RIOS","item":"https:\/\/vsmabrasivos.com\/pt\/seminarios\/"},{"@type":"ListItem","position":3,"name":"F\u00f3rum t\u00e9cnico de abrasivos para distribuidores"}]},{"@type":"WebSite","@id":"https:\/\/vsmabrasivos.com\/pt\/#website","url":"https:\/\/vsmabrasivos.com\/pt\/","name":"VSM Abrasivos","description":"","potentialAction":[{"@type":"SearchAction","target":{"@type":"EntryPoint","urlTemplate":"https:\/\/vsmabrasivos.com\/pt\/?s={search_term_string}"},"query-input":{"@type":"PropertyValueSpecification","valueRequired":true,"valueName":"search_term_string"}}],"inLanguage":"pt"}]}},"_links":{"self":[{"href":"https:\/\/vsmabrasivos.com\/pt\/wp-json\/wp\/v2\/pages\/32428","targetHints":{"allow":["GET"]}}],"collection":[{"href":"https:\/\/vsmabrasivos.com\/pt\/wp-json\/wp\/v2\/pages"}],"about":[{"href":"https:\/\/vsmabrasivos.com\/pt\/wp-json\/wp\/v2\/types\/page"}],"author":[{"embeddable":true,"href":"https:\/\/vsmabrasivos.com\/pt\/wp-json\/wp\/v2\/users\/1"}],"replies":[{"embeddable":true,"href":"https:\/\/vsmabrasivos.com\/pt\/wp-json\/wp\/v2\/comments?post=32428"}],"version-history":[{"count":1,"href":"https:\/\/vsmabrasivos.com\/pt\/wp-json\/wp\/v2\/pages\/32428\/revisions"}],"predecessor-version":[{"id":32429,"href":"https:\/\/vsmabrasivos.com\/pt\/wp-json\/wp\/v2\/pages\/32428\/revisions\/32429"}],"up":[{"embeddable":true,"href":"https:\/\/vsmabrasivos.com\/pt\/wp-json\/wp\/v2\/pages\/30082"}],"wp:attachment":[{"href":"https:\/\/vsmabrasivos.com\/pt\/wp-json\/wp\/v2\/media?parent=32428"}],"curies":[{"name":"wp","href":"https:\/\/api.w.org\/{rel}","templated":true}]}}