{"id":31580,"date":"2024-07-18T10:04:03","date_gmt":"2024-07-18T08:04:03","guid":{"rendered":"https:\/\/vsmabrasivos.com\/pac\/"},"modified":"2024-07-25T10:59:35","modified_gmt":"2024-07-25T08:59:35","slug":"pac","status":"publish","type":"page","link":"https:\/\/vsmabrasivos.com\/pt\/pac\/","title":{"rendered":"PAC"},"content":{"rendered":"\t\t<div data-elementor-type=\"wp-page\" data-elementor-id=\"31580\" class=\"elementor elementor-31580 elementor-29224\" data-elementor-post-type=\"page\">\n\t\t\t\t<div class=\"elementor-element elementor-element-7cff420 e-flex e-con-boxed e-con e-parent\" data-id=\"7cff420\" data-element_type=\"container\" data-settings=\"{&quot;background_background&quot;:&quot;classic&quot;}\">\n\t\t\t\t\t<div class=\"e-con-inner\">\n\t\t<div class=\"elementor-element elementor-element-24ff305 e-con-full e-grid e-con e-child\" data-id=\"24ff305\" data-element_type=\"container\">\n\t\t<div class=\"elementor-element elementor-element-920c039 e-con-full e-flex e-con e-child\" data-id=\"920c039\" data-element_type=\"container\">\n\t\t<div class=\"elementor-element elementor-element-9f52fe7 e-con-full e-flex e-con e-child\" data-id=\"9f52fe7\" data-element_type=\"container\">\n\t\t\t\t<div class=\"elementor-element elementor-element-3d64490 elementor-widget elementor-widget-heading\" data-id=\"3d64490\" data-element_type=\"widget\" data-widget_type=\"heading.default\">\n\t\t\t\t<div class=\"elementor-widget-container\">\n\t\t\t\t\t<p class=\"elementor-heading-title elementor-size-default\"><a href=\"https:\/\/vsmabrasivos.com\/pt\/\">Home<\/a><\/p>\t\t\t\t<\/div>\n\t\t\t\t<\/div>\n\t\t\t\t<div class=\"elementor-element elementor-element-e2ae152 elementor-widget elementor-widget-heading\" data-id=\"e2ae152\" data-element_type=\"widget\" data-widget_type=\"heading.default\">\n\t\t\t\t<div class=\"elementor-widget-container\">\n\t\t\t\t\t<p class=\"elementor-heading-title elementor-size-default\"><a href=\"https:\/\/vsmabrasivos.com\/pt\/\">  &gt; CAP  <\/a><\/p>\t\t\t\t<\/div>\n\t\t\t\t<\/div>\n\t\t\t\t<\/div>\n\t\t\t\t<div class=\"elementor-element elementor-element-56f2f0e elementor-widget elementor-widget-heading\" data-id=\"56f2f0e\" data-element_type=\"widget\" data-widget_type=\"heading.default\">\n\t\t\t\t<div class=\"elementor-widget-container\">\n\t\t\t\t\t<h1 class=\"elementor-heading-title elementor-size-default\">POL\u00cdTICA DE LUTA CONTRA A CORRUP\u00c7\u00c3O E O TR\u00c1FICO DE INFLU\u00caNCIAS  <\/h1>\t\t\t\t<\/div>\n\t\t\t\t<\/div>\n\t\t\t\t<div class=\"elementor-element elementor-element-a7fa985 elementor-widget elementor-widget-text-editor\" data-id=\"a7fa985\" data-element_type=\"widget\" data-widget_type=\"text-editor.default\">\n\t\t\t\t<div class=\"elementor-widget-container\">\n\t\t\t\t\t\t\t\t\t<p><a href=\"https:\/\/vsmabrasivos.com\/wp-content\/uploads\/2024\/07\/Politica-de-Anticorrupcion-1.pdf\" target=\"_blank\" rel=\"noopener\">VER POL\u00cdTICA DE PREVEN\u00c7\u00c3O DA CORRUP\u00c7\u00c3O E DO TR\u00c1FICO DE INFLU\u00caNCIAS<\/a><\/p>\n\t\t\t\t\t\t\t\t<\/div>\n\t\t\t\t<\/div>\n\t\t\t\t<\/div>\n\t\t\t\t<\/div>\n\t\t\t\t\t<\/div>\n\t\t\t\t<\/div>\n\t\t\t\t<\/div>\n\t\t","protected":false},"excerpt":{"rendered":"<p>Home &gt; CAP POL\u00cdTICA DE LUTA CONTRA A CORRUP\u00c7\u00c3O E O TR\u00c1FICO DE INFLU\u00caNCIAS VER POL\u00cdTICA DE PREVEN\u00c7\u00c3O DA CORRUP\u00c7\u00c3O E DO TR\u00c1FICO DE INFLU\u00caNCIAS<\/p>\n","protected":false},"author":1,"featured_media":0,"parent":0,"menu_order":0,"comment_status":"closed","ping_status":"closed","template":"","meta":{"_acf_changed":false,"content-type":"","footnotes":""},"class_list":["post-31580","page","type-page","status-publish","hentry"],"acf":[],"yoast_head":"<!-- This site is optimized with the Yoast SEO plugin v26.2 - https:\/\/yoast.com\/wordpress\/plugins\/seo\/ -->\n<title>PAC - VSM Abrasivos<\/title>\n<meta name=\"robots\" content=\"index, follow, max-snippet:-1, max-image-preview:large, max-video-preview:-1\" \/>\n<link rel=\"canonical\" href=\"https:\/\/vsmabrasivos.com\/pt\/wp-json\/wp\/v2\/pages\/31580\" \/>\n<meta property=\"og:locale\" content=\"pt_PT\" \/>\n<meta property=\"og:type\" content=\"article\" \/>\n<meta property=\"og:title\" content=\"PAC - VSM Abrasivos\" \/>\n<meta property=\"og:description\" content=\"Home &gt; CAP POL\u00cdTICA DE LUTA CONTRA A CORRUP\u00c7\u00c3O E O TR\u00c1FICO DE INFLU\u00caNCIAS VER POL\u00cdTICA DE PREVEN\u00c7\u00c3O DA CORRUP\u00c7\u00c3O E DO TR\u00c1FICO DE INFLU\u00caNCIAS\" \/>\n<meta property=\"og:url\" content=\"https:\/\/vsmabrasivos.com\/pt\/pac\/\" \/>\n<meta property=\"og:site_name\" content=\"VSM Abrasivos\" \/>\n<meta property=\"article:modified_time\" content=\"2024-07-25T08:59:35+00:00\" \/>\n<meta name=\"twitter:card\" content=\"summary_large_image\" \/>\n<script type=\"application\/ld+json\" class=\"yoast-schema-graph\">{\"@context\":\"https:\/\/schema.org\",\"@graph\":[{\"@type\":\"WebPage\",\"@id\":\"https:\/\/vsmabrasivos.com\/pt\/pac\/\",\"url\":\"https:\/\/vsmabrasivos.com\/pt\/pac\/\",\"name\":\"PAC - VSM Abrasivos\",\"isPartOf\":{\"@id\":\"https:\/\/vsmabrasivos.com\/pt\/#website\"},\"datePublished\":\"2024-07-18T08:04:03+00:00\",\"dateModified\":\"2024-07-25T08:59:35+00:00\",\"breadcrumb\":{\"@id\":\"https:\/\/vsmabrasivos.com\/pt\/pac\/#breadcrumb\"},\"inLanguage\":\"pt\",\"potentialAction\":[{\"@type\":\"ReadAction\",\"target\":[\"https:\/\/vsmabrasivos.com\/pt\/pac\/\"]}]},{\"@type\":\"BreadcrumbList\",\"@id\":\"https:\/\/vsmabrasivos.com\/pt\/pac\/#breadcrumb\",\"itemListElement\":[{\"@type\":\"ListItem\",\"position\":1,\"name\":\"Portada\",\"item\":\"https:\/\/vsmabrasivos.com\/pt\/home\/\"},{\"@type\":\"ListItem\",\"position\":2,\"name\":\"PAC\"}]},{\"@type\":\"WebSite\",\"@id\":\"https:\/\/vsmabrasivos.com\/pt\/#website\",\"url\":\"https:\/\/vsmabrasivos.com\/pt\/\",\"name\":\"VSM Abrasivos\",\"description\":\"\",\"potentialAction\":[{\"@type\":\"SearchAction\",\"target\":{\"@type\":\"EntryPoint\",\"urlTemplate\":\"https:\/\/vsmabrasivos.com\/pt\/?s={search_term_string}\"},\"query-input\":{\"@type\":\"PropertyValueSpecification\",\"valueRequired\":true,\"valueName\":\"search_term_string\"}}],\"inLanguage\":\"pt\"}]}<\/script>\n<!-- \/ Yoast SEO plugin. -->","yoast_head_json":{"title":"PAC - VSM Abrasivos","robots":{"index":"index","follow":"follow","max-snippet":"max-snippet:-1","max-image-preview":"max-image-preview:large","max-video-preview":"max-video-preview:-1"},"canonical":"https:\/\/vsmabrasivos.com\/pt\/wp-json\/wp\/v2\/pages\/31580","og_locale":"pt_PT","og_type":"article","og_title":"PAC - VSM Abrasivos","og_description":"Home &gt; CAP POL\u00cdTICA DE LUTA CONTRA A CORRUP\u00c7\u00c3O E O TR\u00c1FICO DE INFLU\u00caNCIAS VER POL\u00cdTICA DE PREVEN\u00c7\u00c3O DA CORRUP\u00c7\u00c3O E DO TR\u00c1FICO DE INFLU\u00caNCIAS","og_url":"https:\/\/vsmabrasivos.com\/pt\/pac\/","og_site_name":"VSM Abrasivos","article_modified_time":"2024-07-25T08:59:35+00:00","twitter_card":"summary_large_image","schema":{"@context":"https:\/\/schema.org","@graph":[{"@type":"WebPage","@id":"https:\/\/vsmabrasivos.com\/pt\/pac\/","url":"https:\/\/vsmabrasivos.com\/pt\/pac\/","name":"PAC - VSM Abrasivos","isPartOf":{"@id":"https:\/\/vsmabrasivos.com\/pt\/#website"},"datePublished":"2024-07-18T08:04:03+00:00","dateModified":"2024-07-25T08:59:35+00:00","breadcrumb":{"@id":"https:\/\/vsmabrasivos.com\/pt\/pac\/#breadcrumb"},"inLanguage":"pt","potentialAction":[{"@type":"ReadAction","target":["https:\/\/vsmabrasivos.com\/pt\/pac\/"]}]},{"@type":"BreadcrumbList","@id":"https:\/\/vsmabrasivos.com\/pt\/pac\/#breadcrumb","itemListElement":[{"@type":"ListItem","position":1,"name":"Portada","item":"https:\/\/vsmabrasivos.com\/pt\/home\/"},{"@type":"ListItem","position":2,"name":"PAC"}]},{"@type":"WebSite","@id":"https:\/\/vsmabrasivos.com\/pt\/#website","url":"https:\/\/vsmabrasivos.com\/pt\/","name":"VSM Abrasivos","description":"","potentialAction":[{"@type":"SearchAction","target":{"@type":"EntryPoint","urlTemplate":"https:\/\/vsmabrasivos.com\/pt\/?s={search_term_string}"},"query-input":{"@type":"PropertyValueSpecification","valueRequired":true,"valueName":"search_term_string"}}],"inLanguage":"pt"}]}},"_links":{"self":[{"href":"https:\/\/vsmabrasivos.com\/pt\/wp-json\/wp\/v2\/pages\/31580","targetHints":{"allow":["GET"]}}],"collection":[{"href":"https:\/\/vsmabrasivos.com\/pt\/wp-json\/wp\/v2\/pages"}],"about":[{"href":"https:\/\/vsmabrasivos.com\/pt\/wp-json\/wp\/v2\/types\/page"}],"author":[{"embeddable":true,"href":"https:\/\/vsmabrasivos.com\/pt\/wp-json\/wp\/v2\/users\/1"}],"replies":[{"embeddable":true,"href":"https:\/\/vsmabrasivos.com\/pt\/wp-json\/wp\/v2\/comments?post=31580"}],"version-history":[{"count":4,"href":"https:\/\/vsmabrasivos.com\/pt\/wp-json\/wp\/v2\/pages\/31580\/revisions"}],"predecessor-version":[{"id":32115,"href":"https:\/\/vsmabrasivos.com\/pt\/wp-json\/wp\/v2\/pages\/31580\/revisions\/32115"}],"wp:attachment":[{"href":"https:\/\/vsmabrasivos.com\/pt\/wp-json\/wp\/v2\/media?parent=31580"}],"curies":[{"name":"wp","href":"https:\/\/api.w.org\/{rel}","templated":true}]}}