{"id":41592,"date":"2023-08-26T11:24:09","date_gmt":"2023-08-26T09:24:09","guid":{"rendered":"https:\/\/vsmabrasivos.com\/productos\/zfl\/"},"modified":"2025-11-19T01:56:54","modified_gmt":"2025-11-19T00:56:54","slug":"zfl","status":"publish","type":"product","link":"https:\/\/vsmabrasivos.com\/co\/productos\/zfl\/","title":{"rendered":"Soporte de discos de fibra"},"content":{"rendered":"<p>Para el correcto almacenamiento de discos de fibra de hasta \u00f8 235 mm, con orificio central de \u00f8 22 mm. Para guardar en el lugar de trabajo. Sujeci\u00f3n firme para evitar deformaciones.<\/p>\n","protected":false},"excerpt":{"rendered":"<p>Para el correcto almacenamiento de discos de fibra de hasta \u00f8 235 mm, con orificio central de \u00f8 22 mm. Para guardar en el lugar de trabajo. Sujeci\u00f3n firme para evitar deformaciones.<\/p>\n","protected":false},"featured_media":41589,"comment_status":"open","ping_status":"closed","template":"","meta":{"_acf_changed":false,"content-type":""},"aplicaciones":[],"tipologia-de-grano":[],"product_brand":[],"product_cat":[2320],"product_tag":[],"class_list":{"0":"post-41592","1":"product","2":"type-product","3":"status-publish","4":"has-post-thumbnail","6":"product_cat-accesorios-co","8":"first","9":"instock","10":"shipping-taxable","11":"product-type-simple"},"acf":[],"yoast_head":"<!-- This site is optimized with the Yoast SEO plugin v26.2 - https:\/\/yoast.com\/wordpress\/plugins\/seo\/ -->\n<title>Soporte de discos de fibra - VSM Abrasivos<\/title>\n<meta name=\"robots\" content=\"index, follow, max-snippet:-1, max-image-preview:large, max-video-preview:-1\" \/>\n<link rel=\"canonical\" href=\"https:\/\/vsmabrasivos.com\/co\/wp-json\/wp\/v2\/product\/41592\" \/>\n<meta property=\"og:locale\" content=\"en_US\" \/>\n<meta property=\"og:type\" content=\"article\" \/>\n<meta property=\"og:title\" content=\"Soporte de discos de fibra - VSM Abrasivos\" \/>\n<meta property=\"og:description\" content=\"Para el correcto almacenamiento de discos de fibra de hasta \u00f8 235 mm, con orificio central de \u00f8 22 mm. Para guardar en el lugar de trabajo. Sujeci\u00f3n firme para evitar deformaciones.\" \/>\n<meta property=\"og:url\" content=\"https:\/\/vsmabrasivos.com\/co\/productos\/zfl\/\" \/>\n<meta property=\"og:site_name\" content=\"VSM Abrasivos\" \/>\n<meta property=\"article:modified_time\" content=\"2025-11-19T00:56:54+00:00\" \/>\n<meta property=\"og:image\" content=\"https:\/\/vsmabrasivos.com\/wp-content\/uploads\/2025\/08\/Fibre-disc-holder-ZFI.jpg\" \/>\n\t<meta property=\"og:image:width\" content=\"1440\" \/>\n\t<meta property=\"og:image:height\" content=\"1440\" \/>\n\t<meta property=\"og:image:type\" content=\"image\/jpeg\" \/>\n<meta name=\"twitter:card\" content=\"summary_large_image\" \/>\n<meta name=\"twitter:label1\" content=\"Est. reading time\" \/>\n\t<meta name=\"twitter:data1\" content=\"1 minute\" \/>\n<script type=\"application\/ld+json\" class=\"yoast-schema-graph\">{\"@context\":\"https:\/\/schema.org\",\"@graph\":[{\"@type\":\"WebPage\",\"@id\":\"https:\/\/vsmabrasivos.com\/co\/productos\/zfl\/\",\"url\":\"https:\/\/vsmabrasivos.com\/co\/productos\/zfl\/\",\"name\":\"Soporte de discos de fibra - VSM Abrasivos\",\"isPartOf\":{\"@id\":\"https:\/\/vsmabrasivos.com\/co\/#website\"},\"primaryImageOfPage\":{\"@id\":\"https:\/\/vsmabrasivos.com\/co\/productos\/zfl\/#primaryimage\"},\"image\":{\"@id\":\"https:\/\/vsmabrasivos.com\/co\/productos\/zfl\/#primaryimage\"},\"thumbnailUrl\":\"https:\/\/vsmabrasivos.com\/wp-content\/uploads\/2025\/08\/Fibre-disc-holder-ZFI.jpg\",\"datePublished\":\"2023-08-26T09:24:09+00:00\",\"dateModified\":\"2025-11-19T00:56:54+00:00\",\"breadcrumb\":{\"@id\":\"https:\/\/vsmabrasivos.com\/co\/productos\/zfl\/#breadcrumb\"},\"inLanguage\":\"co\",\"potentialAction\":[{\"@type\":\"ReadAction\",\"target\":[\"https:\/\/vsmabrasivos.com\/co\/productos\/zfl\/\"]}]},{\"@type\":\"ImageObject\",\"inLanguage\":\"co\",\"@id\":\"https:\/\/vsmabrasivos.com\/co\/productos\/zfl\/#primaryimage\",\"url\":\"https:\/\/vsmabrasivos.com\/wp-content\/uploads\/2025\/08\/Fibre-disc-holder-ZFI.jpg\",\"contentUrl\":\"https:\/\/vsmabrasivos.com\/wp-content\/uploads\/2025\/08\/Fibre-disc-holder-ZFI.jpg\",\"width\":1440,\"height\":1440,\"caption\":\"Fibre Disc Holder Zfi. VSM Abrasivos\"},{\"@type\":\"BreadcrumbList\",\"@id\":\"https:\/\/vsmabrasivos.com\/co\/productos\/zfl\/#breadcrumb\",\"itemListElement\":[{\"@type\":\"ListItem\",\"position\":1,\"name\":\"Portada\",\"item\":\"https:\/\/vsmabrasivos.com\/co\/\"},{\"@type\":\"ListItem\",\"position\":2,\"name\":\"Products\",\"item\":\"https:\/\/vsmabrasivos.com\/co\/shop\/\"},{\"@type\":\"ListItem\",\"position\":3,\"name\":\"Soporte de discos de fibra\"}]},{\"@type\":\"WebSite\",\"@id\":\"https:\/\/vsmabrasivos.com\/co\/#website\",\"url\":\"https:\/\/vsmabrasivos.com\/co\/\",\"name\":\"VSM Abrasivos\",\"description\":\"\",\"publisher\":{\"@id\":\"https:\/\/vsmabrasivos.com\/co\/#organization\"},\"potentialAction\":[{\"@type\":\"SearchAction\",\"target\":{\"@type\":\"EntryPoint\",\"urlTemplate\":\"https:\/\/vsmabrasivos.com\/co\/?s={search_term_string}\"},\"query-input\":{\"@type\":\"PropertyValueSpecification\",\"valueRequired\":true,\"valueName\":\"search_term_string\"}}],\"inLanguage\":\"co\"},{\"@type\":\"Organization\",\"@id\":\"https:\/\/vsmabrasivos.com\/co\/#organization\",\"name\":\"VSM Abrasivos\",\"url\":\"https:\/\/vsmabrasivos.com\/co\/\",\"logo\":{\"@type\":\"ImageObject\",\"inLanguage\":\"co\",\"@id\":\"https:\/\/vsmabrasivos.com\/co\/#\/schema\/logo\/image\/\",\"url\":\"https:\/\/vsmabrasivos.com\/wp-content\/uploads\/2024\/06\/logo.svg\",\"contentUrl\":\"https:\/\/vsmabrasivos.com\/wp-content\/uploads\/2024\/06\/logo.svg\",\"caption\":\"VSM Abrasivos\"},\"image\":{\"@id\":\"https:\/\/vsmabrasivos.com\/co\/#\/schema\/logo\/image\/\"}}]}<\/script>\n<!-- \/ Yoast SEO plugin. -->","yoast_head_json":{"title":"Soporte de discos de fibra - VSM Abrasivos","robots":{"index":"index","follow":"follow","max-snippet":"max-snippet:-1","max-image-preview":"max-image-preview:large","max-video-preview":"max-video-preview:-1"},"canonical":"https:\/\/vsmabrasivos.com\/co\/wp-json\/wp\/v2\/product\/41592","og_locale":"en_US","og_type":"article","og_title":"Soporte de discos de fibra - VSM Abrasivos","og_description":"Para el correcto almacenamiento de discos de fibra de hasta \u00f8 235 mm, con orificio central de \u00f8 22 mm. Para guardar en el lugar de trabajo. Sujeci\u00f3n firme para evitar deformaciones.","og_url":"https:\/\/vsmabrasivos.com\/co\/productos\/zfl\/","og_site_name":"VSM Abrasivos","article_modified_time":"2025-11-19T00:56:54+00:00","og_image":[{"width":1440,"height":1440,"url":"https:\/\/vsmabrasivos.com\/wp-content\/uploads\/2025\/08\/Fibre-disc-holder-ZFI.jpg","type":"image\/jpeg"}],"twitter_card":"summary_large_image","twitter_misc":{"Est. reading time":"1 minute"},"schema":{"@context":"https:\/\/schema.org","@graph":[{"@type":"WebPage","@id":"https:\/\/vsmabrasivos.com\/co\/productos\/zfl\/","url":"https:\/\/vsmabrasivos.com\/co\/productos\/zfl\/","name":"Soporte de discos de fibra - VSM Abrasivos","isPartOf":{"@id":"https:\/\/vsmabrasivos.com\/co\/#website"},"primaryImageOfPage":{"@id":"https:\/\/vsmabrasivos.com\/co\/productos\/zfl\/#primaryimage"},"image":{"@id":"https:\/\/vsmabrasivos.com\/co\/productos\/zfl\/#primaryimage"},"thumbnailUrl":"https:\/\/vsmabrasivos.com\/wp-content\/uploads\/2025\/08\/Fibre-disc-holder-ZFI.jpg","datePublished":"2023-08-26T09:24:09+00:00","dateModified":"2025-11-19T00:56:54+00:00","breadcrumb":{"@id":"https:\/\/vsmabrasivos.com\/co\/productos\/zfl\/#breadcrumb"},"inLanguage":"co","potentialAction":[{"@type":"ReadAction","target":["https:\/\/vsmabrasivos.com\/co\/productos\/zfl\/"]}]},{"@type":"ImageObject","inLanguage":"co","@id":"https:\/\/vsmabrasivos.com\/co\/productos\/zfl\/#primaryimage","url":"https:\/\/vsmabrasivos.com\/wp-content\/uploads\/2025\/08\/Fibre-disc-holder-ZFI.jpg","contentUrl":"https:\/\/vsmabrasivos.com\/wp-content\/uploads\/2025\/08\/Fibre-disc-holder-ZFI.jpg","width":1440,"height":1440,"caption":"Fibre Disc Holder Zfi. VSM Abrasivos"},{"@type":"BreadcrumbList","@id":"https:\/\/vsmabrasivos.com\/co\/productos\/zfl\/#breadcrumb","itemListElement":[{"@type":"ListItem","position":1,"name":"Portada","item":"https:\/\/vsmabrasivos.com\/co\/"},{"@type":"ListItem","position":2,"name":"Products","item":"https:\/\/vsmabrasivos.com\/co\/shop\/"},{"@type":"ListItem","position":3,"name":"Soporte de discos de fibra"}]},{"@type":"WebSite","@id":"https:\/\/vsmabrasivos.com\/co\/#website","url":"https:\/\/vsmabrasivos.com\/co\/","name":"VSM Abrasivos","description":"","publisher":{"@id":"https:\/\/vsmabrasivos.com\/co\/#organization"},"potentialAction":[{"@type":"SearchAction","target":{"@type":"EntryPoint","urlTemplate":"https:\/\/vsmabrasivos.com\/co\/?s={search_term_string}"},"query-input":{"@type":"PropertyValueSpecification","valueRequired":true,"valueName":"search_term_string"}}],"inLanguage":"co"},{"@type":"Organization","@id":"https:\/\/vsmabrasivos.com\/co\/#organization","name":"VSM Abrasivos","url":"https:\/\/vsmabrasivos.com\/co\/","logo":{"@type":"ImageObject","inLanguage":"co","@id":"https:\/\/vsmabrasivos.com\/co\/#\/schema\/logo\/image\/","url":"https:\/\/vsmabrasivos.com\/wp-content\/uploads\/2024\/06\/logo.svg","contentUrl":"https:\/\/vsmabrasivos.com\/wp-content\/uploads\/2024\/06\/logo.svg","caption":"VSM Abrasivos"},"image":{"@id":"https:\/\/vsmabrasivos.com\/co\/#\/schema\/logo\/image\/"}}]}},"_links":{"self":[{"href":"https:\/\/vsmabrasivos.com\/co\/wp-json\/wp\/v2\/product\/41592","targetHints":{"allow":["GET"]}}],"collection":[{"href":"https:\/\/vsmabrasivos.com\/co\/wp-json\/wp\/v2\/product"}],"about":[{"href":"https:\/\/vsmabrasivos.com\/co\/wp-json\/wp\/v2\/types\/product"}],"replies":[{"embeddable":true,"href":"https:\/\/vsmabrasivos.com\/co\/wp-json\/wp\/v2\/comments?post=41592"}],"wp:featuredmedia":[{"embeddable":true,"href":"https:\/\/vsmabrasivos.com\/co\/wp-json\/wp\/v2\/media\/41589"}],"wp:attachment":[{"href":"https:\/\/vsmabrasivos.com\/co\/wp-json\/wp\/v2\/media?parent=41592"}],"wp:term":[{"taxonomy":"aplicaciones","embeddable":true,"href":"https:\/\/vsmabrasivos.com\/co\/wp-json\/wp\/v2\/aplicaciones?post=41592"},{"taxonomy":"tipologia-de-grano","embeddable":true,"href":"https:\/\/vsmabrasivos.com\/co\/wp-json\/wp\/v2\/tipologia-de-grano?post=41592"},{"taxonomy":"product_brand","embeddable":true,"href":"https:\/\/vsmabrasivos.com\/co\/wp-json\/wp\/v2\/product_brand?post=41592"},{"taxonomy":"product_cat","embeddable":true,"href":"https:\/\/vsmabrasivos.com\/co\/wp-json\/wp\/v2\/product_cat?post=41592"},{"taxonomy":"product_tag","embeddable":true,"href":"https:\/\/vsmabrasivos.com\/co\/wp-json\/wp\/v2\/product_tag?post=41592"}],"curies":[{"name":"wp","href":"https:\/\/api.w.org\/{rel}","templated":true}]}}