{"id":30389,"date":"2025-01-18T19:40:15","date_gmt":"2025-01-18T18:40:15","guid":{"rendered":"https:\/\/vsmabrasivos.com\/productos\/kk511f\/"},"modified":"2025-12-03T09:49:56","modified_gmt":"2025-12-03T08:49:56","slug":"kk511f-b","status":"publish","type":"product","link":"https:\/\/vsmabrasivos.com\/co\/productos\/kk511f-b\/","title":{"rendered":"KK511F"},"content":{"rendered":"<p>Banda abrasiva KK511F universal de \u00f3xido de aluminio de alto rendimiento, con soporte de poli\u00e9ster o algod\u00f3n altamente flexible para aplicaciones que requieren una presi\u00f3n de contacto media. Se caracteriza por su larga vida \u00fatil y su excelente adaptabilidad. Estas lijas de banda son especialmente adecuadas para lijar contornos, grifer\u00eda o acabado de bordes.<\/p>\n","protected":false},"excerpt":{"rendered":"<p>Banda abrasiva KK511F universal de \u00f3xido de aluminio de alto rendimiento, con soporte de poli\u00e9ster o algod\u00f3n altamente flexible para aplicaciones que requieren una presi\u00f3n de contacto media. Se caracteriza por su larga vida \u00fatil y su excelente adaptabilidad. Estas lijas de banda son especialmente adecuadas para lijar contornos, grifer\u00eda o acabado de bordes.<\/p>\n","protected":false},"featured_media":30392,"comment_status":"closed","ping_status":"closed","template":"","meta":{"_acf_changed":false,"content-type":""},"aplicaciones":[],"tipologia-de-grano":[2306],"product_brand":[],"product_cat":[2051],"product_tag":[],"class_list":{"0":"post-30389","1":"product","2":"type-product","3":"status-publish","4":"has-post-thumbnail","6":"tipologia-de-grano-vsm-aluminium-oxide-co","7":"product_cat-vsm-aluminium-oxide-co","8":"pa_flexibilidad-muy-flexible-co","10":"first","11":"instock","12":"product-type-simple"},"acf":[],"yoast_head":"<!-- This site is optimized with the Yoast SEO plugin v26.2 - https:\/\/yoast.com\/wordpress\/plugins\/seo\/ -->\n<title>KK511F - VSM Abrasivos<\/title>\n<meta name=\"robots\" content=\"index, follow, max-snippet:-1, max-image-preview:large, max-video-preview:-1\" \/>\n<link rel=\"canonical\" href=\"https:\/\/vsmabrasivos.com\/co\/wp-json\/wp\/v2\/product\/30389\" \/>\n<meta property=\"og:locale\" content=\"en_US\" \/>\n<meta property=\"og:type\" content=\"article\" \/>\n<meta property=\"og:title\" content=\"KK511F - VSM Abrasivos\" \/>\n<meta property=\"og:description\" content=\"Banda abrasiva KK511F universal de \u00f3xido de aluminio de alto rendimiento, con soporte de poli\u00e9ster o algod\u00f3n altamente flexible para aplicaciones que requieren una presi\u00f3n de contacto media. Se caracteriza por su larga vida \u00fatil y su excelente adaptabilidad. Estas lijas de banda son especialmente adecuadas para lijar contornos, grifer\u00eda o acabado de bordes.\" \/>\n<meta property=\"og:url\" content=\"https:\/\/vsmabrasivos.com\/co\/productos\/kk511f-b\/\" \/>\n<meta property=\"og:site_name\" content=\"VSM Abrasivos\" \/>\n<meta property=\"article:modified_time\" content=\"2025-12-03T08:49:56+00:00\" \/>\n<meta property=\"og:image\" content=\"https:\/\/vsmabrasivos.com\/wp-content\/uploads\/2024\/06\/KK511F.jpg\" \/>\n\t<meta property=\"og:image:width\" content=\"380\" \/>\n\t<meta property=\"og:image:height\" content=\"380\" \/>\n\t<meta property=\"og:image:type\" content=\"image\/jpeg\" \/>\n<meta name=\"twitter:card\" content=\"summary_large_image\" \/>\n<script type=\"application\/ld+json\" class=\"yoast-schema-graph\">{\"@context\":\"https:\/\/schema.org\",\"@graph\":[{\"@type\":\"WebPage\",\"@id\":\"https:\/\/vsmabrasivos.com\/co\/productos\/kk511f-b\/\",\"url\":\"https:\/\/vsmabrasivos.com\/co\/productos\/kk511f-b\/\",\"name\":\"KK511F - VSM Abrasivos\",\"isPartOf\":{\"@id\":\"https:\/\/vsmabrasivos.com\/co\/#website\"},\"primaryImageOfPage\":{\"@id\":\"https:\/\/vsmabrasivos.com\/co\/productos\/kk511f-b\/#primaryimage\"},\"image\":{\"@id\":\"https:\/\/vsmabrasivos.com\/co\/productos\/kk511f-b\/#primaryimage\"},\"thumbnailUrl\":\"https:\/\/vsmabrasivos.com\/wp-content\/uploads\/2024\/06\/KK511F.jpg\",\"datePublished\":\"2025-01-18T18:40:15+00:00\",\"dateModified\":\"2025-12-03T08:49:56+00:00\",\"breadcrumb\":{\"@id\":\"https:\/\/vsmabrasivos.com\/co\/productos\/kk511f-b\/#breadcrumb\"},\"inLanguage\":\"co\",\"potentialAction\":[{\"@type\":\"ReadAction\",\"target\":[\"https:\/\/vsmabrasivos.com\/co\/productos\/kk511f-b\/\"]}]},{\"@type\":\"ImageObject\",\"inLanguage\":\"co\",\"@id\":\"https:\/\/vsmabrasivos.com\/co\/productos\/kk511f-b\/#primaryimage\",\"url\":\"https:\/\/vsmabrasivos.com\/wp-content\/uploads\/2024\/06\/KK511F.jpg\",\"contentUrl\":\"https:\/\/vsmabrasivos.com\/wp-content\/uploads\/2024\/06\/KK511F.jpg\",\"width\":380,\"height\":380},{\"@type\":\"BreadcrumbList\",\"@id\":\"https:\/\/vsmabrasivos.com\/co\/productos\/kk511f-b\/#breadcrumb\",\"itemListElement\":[{\"@type\":\"ListItem\",\"position\":1,\"name\":\"Portada\",\"item\":\"https:\/\/vsmabrasivos.com\/co\/\"},{\"@type\":\"ListItem\",\"position\":2,\"name\":\"Products\",\"item\":\"https:\/\/vsmabrasivos.com\/co\/shop\/\"},{\"@type\":\"ListItem\",\"position\":3,\"name\":\"KK511F\"}]},{\"@type\":\"WebSite\",\"@id\":\"https:\/\/vsmabrasivos.com\/co\/#website\",\"url\":\"https:\/\/vsmabrasivos.com\/co\/\",\"name\":\"VSM Abrasivos\",\"description\":\"\",\"publisher\":{\"@id\":\"https:\/\/vsmabrasivos.com\/co\/#organization\"},\"potentialAction\":[{\"@type\":\"SearchAction\",\"target\":{\"@type\":\"EntryPoint\",\"urlTemplate\":\"https:\/\/vsmabrasivos.com\/co\/?s={search_term_string}\"},\"query-input\":{\"@type\":\"PropertyValueSpecification\",\"valueRequired\":true,\"valueName\":\"search_term_string\"}}],\"inLanguage\":\"co\"},{\"@type\":\"Organization\",\"@id\":\"https:\/\/vsmabrasivos.com\/co\/#organization\",\"name\":\"VSM Abrasivos\",\"url\":\"https:\/\/vsmabrasivos.com\/co\/\",\"logo\":{\"@type\":\"ImageObject\",\"inLanguage\":\"co\",\"@id\":\"https:\/\/vsmabrasivos.com\/co\/#\/schema\/logo\/image\/\",\"url\":\"https:\/\/vsmabrasivos.com\/wp-content\/uploads\/2024\/06\/logo.svg\",\"contentUrl\":\"https:\/\/vsmabrasivos.com\/wp-content\/uploads\/2024\/06\/logo.svg\",\"caption\":\"VSM Abrasivos\"},\"image\":{\"@id\":\"https:\/\/vsmabrasivos.com\/co\/#\/schema\/logo\/image\/\"}}]}<\/script>\n<!-- \/ Yoast SEO plugin. -->","yoast_head_json":{"title":"KK511F - VSM Abrasivos","robots":{"index":"index","follow":"follow","max-snippet":"max-snippet:-1","max-image-preview":"max-image-preview:large","max-video-preview":"max-video-preview:-1"},"canonical":"https:\/\/vsmabrasivos.com\/co\/wp-json\/wp\/v2\/product\/30389","og_locale":"en_US","og_type":"article","og_title":"KK511F - VSM Abrasivos","og_description":"Banda abrasiva KK511F universal de \u00f3xido de aluminio de alto rendimiento, con soporte de poli\u00e9ster o algod\u00f3n altamente flexible para aplicaciones que requieren una presi\u00f3n de contacto media. Se caracteriza por su larga vida \u00fatil y su excelente adaptabilidad. Estas lijas de banda son especialmente adecuadas para lijar contornos, grifer\u00eda o acabado de bordes.","og_url":"https:\/\/vsmabrasivos.com\/co\/productos\/kk511f-b\/","og_site_name":"VSM Abrasivos","article_modified_time":"2025-12-03T08:49:56+00:00","og_image":[{"width":380,"height":380,"url":"https:\/\/vsmabrasivos.com\/wp-content\/uploads\/2024\/06\/KK511F.jpg","type":"image\/jpeg"}],"twitter_card":"summary_large_image","schema":{"@context":"https:\/\/schema.org","@graph":[{"@type":"WebPage","@id":"https:\/\/vsmabrasivos.com\/co\/productos\/kk511f-b\/","url":"https:\/\/vsmabrasivos.com\/co\/productos\/kk511f-b\/","name":"KK511F - VSM Abrasivos","isPartOf":{"@id":"https:\/\/vsmabrasivos.com\/co\/#website"},"primaryImageOfPage":{"@id":"https:\/\/vsmabrasivos.com\/co\/productos\/kk511f-b\/#primaryimage"},"image":{"@id":"https:\/\/vsmabrasivos.com\/co\/productos\/kk511f-b\/#primaryimage"},"thumbnailUrl":"https:\/\/vsmabrasivos.com\/wp-content\/uploads\/2024\/06\/KK511F.jpg","datePublished":"2025-01-18T18:40:15+00:00","dateModified":"2025-12-03T08:49:56+00:00","breadcrumb":{"@id":"https:\/\/vsmabrasivos.com\/co\/productos\/kk511f-b\/#breadcrumb"},"inLanguage":"co","potentialAction":[{"@type":"ReadAction","target":["https:\/\/vsmabrasivos.com\/co\/productos\/kk511f-b\/"]}]},{"@type":"ImageObject","inLanguage":"co","@id":"https:\/\/vsmabrasivos.com\/co\/productos\/kk511f-b\/#primaryimage","url":"https:\/\/vsmabrasivos.com\/wp-content\/uploads\/2024\/06\/KK511F.jpg","contentUrl":"https:\/\/vsmabrasivos.com\/wp-content\/uploads\/2024\/06\/KK511F.jpg","width":380,"height":380},{"@type":"BreadcrumbList","@id":"https:\/\/vsmabrasivos.com\/co\/productos\/kk511f-b\/#breadcrumb","itemListElement":[{"@type":"ListItem","position":1,"name":"Portada","item":"https:\/\/vsmabrasivos.com\/co\/"},{"@type":"ListItem","position":2,"name":"Products","item":"https:\/\/vsmabrasivos.com\/co\/shop\/"},{"@type":"ListItem","position":3,"name":"KK511F"}]},{"@type":"WebSite","@id":"https:\/\/vsmabrasivos.com\/co\/#website","url":"https:\/\/vsmabrasivos.com\/co\/","name":"VSM Abrasivos","description":"","publisher":{"@id":"https:\/\/vsmabrasivos.com\/co\/#organization"},"potentialAction":[{"@type":"SearchAction","target":{"@type":"EntryPoint","urlTemplate":"https:\/\/vsmabrasivos.com\/co\/?s={search_term_string}"},"query-input":{"@type":"PropertyValueSpecification","valueRequired":true,"valueName":"search_term_string"}}],"inLanguage":"co"},{"@type":"Organization","@id":"https:\/\/vsmabrasivos.com\/co\/#organization","name":"VSM Abrasivos","url":"https:\/\/vsmabrasivos.com\/co\/","logo":{"@type":"ImageObject","inLanguage":"co","@id":"https:\/\/vsmabrasivos.com\/co\/#\/schema\/logo\/image\/","url":"https:\/\/vsmabrasivos.com\/wp-content\/uploads\/2024\/06\/logo.svg","contentUrl":"https:\/\/vsmabrasivos.com\/wp-content\/uploads\/2024\/06\/logo.svg","caption":"VSM Abrasivos"},"image":{"@id":"https:\/\/vsmabrasivos.com\/co\/#\/schema\/logo\/image\/"}}]}},"_links":{"self":[{"href":"https:\/\/vsmabrasivos.com\/co\/wp-json\/wp\/v2\/product\/30389","targetHints":{"allow":["GET"]}}],"collection":[{"href":"https:\/\/vsmabrasivos.com\/co\/wp-json\/wp\/v2\/product"}],"about":[{"href":"https:\/\/vsmabrasivos.com\/co\/wp-json\/wp\/v2\/types\/product"}],"replies":[{"embeddable":true,"href":"https:\/\/vsmabrasivos.com\/co\/wp-json\/wp\/v2\/comments?post=30389"}],"wp:featuredmedia":[{"embeddable":true,"href":"https:\/\/vsmabrasivos.com\/co\/wp-json\/wp\/v2\/media\/30392"}],"wp:attachment":[{"href":"https:\/\/vsmabrasivos.com\/co\/wp-json\/wp\/v2\/media?parent=30389"}],"wp:term":[{"taxonomy":"aplicaciones","embeddable":true,"href":"https:\/\/vsmabrasivos.com\/co\/wp-json\/wp\/v2\/aplicaciones?post=30389"},{"taxonomy":"tipologia-de-grano","embeddable":true,"href":"https:\/\/vsmabrasivos.com\/co\/wp-json\/wp\/v2\/tipologia-de-grano?post=30389"},{"taxonomy":"product_brand","embeddable":true,"href":"https:\/\/vsmabrasivos.com\/co\/wp-json\/wp\/v2\/product_brand?post=30389"},{"taxonomy":"product_cat","embeddable":true,"href":"https:\/\/vsmabrasivos.com\/co\/wp-json\/wp\/v2\/product_cat?post=30389"},{"taxonomy":"product_tag","embeddable":true,"href":"https:\/\/vsmabrasivos.com\/co\/wp-json\/wp\/v2\/product_tag?post=30389"}],"curies":[{"name":"wp","href":"https:\/\/api.w.org\/{rel}","templated":true}]}}