{"id":37799,"date":"2024-09-27T14:18:00","date_gmt":"2024-09-27T12:18:00","guid":{"rendered":"https:\/\/vsmabrasivos.com\/1880-tenemos-una-larga-tradicion-de-seguridad\/"},"modified":"2025-01-24T12:07:03","modified_gmt":"2025-01-24T11:07:03","slug":"1880-tenemos-una-larga-tradicion-de-seguridad","status":"publish","type":"page","link":"https:\/\/vsmabrasivos.com\/co\/1880-tenemos-una-larga-tradicion-de-seguridad\/","title":{"rendered":"1880: Tenemos una larga tradici\u00f3n de seguridad"},"content":{"rendered":"\t\t<div data-elementor-type=\"wp-page\" data-elementor-id=\"37799\" class=\"elementor elementor-37799 elementor-37740\" data-elementor-post-type=\"page\">\n\t\t\t\t<div class=\"elementor-element elementor-element-caad2d9 e-flex e-con-boxed e-con e-parent\" data-id=\"caad2d9\" data-element_type=\"container\">\n\t\t\t\t\t<div class=\"e-con-inner\">\n\t\t<div class=\"elementor-element elementor-element-bef9a43 e-con-full e-flex e-con e-child\" data-id=\"bef9a43\" data-element_type=\"container\">\n\t\t\t\t<div class=\"elementor-element elementor-element-a9dd68a elementor-widget elementor-widget-heading\" data-id=\"a9dd68a\" data-element_type=\"widget\" data-widget_type=\"heading.default\">\n\t\t\t\t<div class=\"elementor-widget-container\">\n\t\t\t\t\t<h1 class=\"elementor-heading-title elementor-size-default\">Descubra VSM<\/h1>\t\t\t\t<\/div>\n\t\t\t\t<\/div>\n\t\t\t\t<\/div>\n\t\t\t\t\t<\/div>\n\t\t\t\t<\/div>\n\t\t<div class=\"elementor-element elementor-element-f926885 e-grid e-con-boxed e-con e-parent\" data-id=\"f926885\" data-element_type=\"container\">\n\t\t\t\t\t<div class=\"e-con-inner\">\n\t\t<div class=\"elementor-element elementor-element-c56195c e-con-full e-flex e-con e-child\" data-id=\"c56195c\" data-element_type=\"container\">\n\t\t\t\t<div class=\"elementor-element elementor-element-fe0847c elementor-widget elementor-widget-image\" data-id=\"fe0847c\" data-element_type=\"widget\" data-widget_type=\"image.default\">\n\t\t\t\t<div class=\"elementor-widget-container\">\n\t\t\t\t\t\t\t\t\t\t\t\t<figure class=\"wp-caption\">\n\t\t\t\t\t\t\t\t\t\t<img loading=\"lazy\" decoding=\"async\" width=\"890\" height=\"592\" src=\"https:\/\/vsmabrasivos.com\/wp-content\/uploads\/2024\/09\/1880-werkfeuerwehr-uebung-1905.jpg\" class=\"attachment-full size-full wp-image-37744\" alt=\"\" srcset=\"https:\/\/vsmabrasivos.com\/wp-content\/uploads\/2024\/09\/1880-werkfeuerwehr-uebung-1905.jpg 890w, https:\/\/vsmabrasivos.com\/wp-content\/uploads\/2024\/09\/1880-werkfeuerwehr-uebung-1905-300x200.jpg 300w, https:\/\/vsmabrasivos.com\/wp-content\/uploads\/2024\/09\/1880-werkfeuerwehr-uebung-1905-768x511.jpg 768w, https:\/\/vsmabrasivos.com\/wp-content\/uploads\/2024\/09\/1880-werkfeuerwehr-uebung-1905-600x399.jpg 600w\" sizes=\"auto, (max-width: 890px) 100vw, 890px\" \/>\t\t\t\t\t\t\t\t\t\t\t<figcaption class=\"widget-image-caption wp-caption-text\">Los bomberos de la planta de VSM durante un simulacro de incendio en 1905<\/figcaption>\n\t\t\t\t\t\t\t\t\t\t<\/figure>\n\t\t\t\t\t\t\t\t\t<\/div>\n\t\t\t\t<\/div>\n\t\t\t\t<div class=\"elementor-element elementor-element-4a65fb6 elementor-widget elementor-widget-image\" data-id=\"4a65fb6\" data-element_type=\"widget\" data-widget_type=\"image.default\">\n\t\t\t\t<div class=\"elementor-widget-container\">\n\t\t\t\t\t\t\t\t\t\t\t\t<figure class=\"wp-caption\">\n\t\t\t\t\t\t\t\t\t\t<img loading=\"lazy\" decoding=\"async\" width=\"890\" height=\"592\" src=\"https:\/\/vsmabrasivos.com\/wp-content\/uploads\/2024\/09\/1880-werkfeuerwehr-1920.jpg\" class=\"attachment-full size-full wp-image-37748\" alt=\"\" srcset=\"https:\/\/vsmabrasivos.com\/wp-content\/uploads\/2024\/09\/1880-werkfeuerwehr-1920.jpg 890w, https:\/\/vsmabrasivos.com\/wp-content\/uploads\/2024\/09\/1880-werkfeuerwehr-1920-300x200.jpg 300w, https:\/\/vsmabrasivos.com\/wp-content\/uploads\/2024\/09\/1880-werkfeuerwehr-1920-768x511.jpg 768w, https:\/\/vsmabrasivos.com\/wp-content\/uploads\/2024\/09\/1880-werkfeuerwehr-1920-600x399.jpg 600w\" sizes=\"auto, (max-width: 890px) 100vw, 890px\" \/>\t\t\t\t\t\t\t\t\t\t\t<figcaption class=\"widget-image-caption wp-caption-text\">Foto de grupo de los bomberos de la f\u00e1brica de VSM en 1920<\/figcaption>\n\t\t\t\t\t\t\t\t\t\t<\/figure>\n\t\t\t\t\t\t\t\t\t<\/div>\n\t\t\t\t<\/div>\n\t\t\t\t<div class=\"elementor-element elementor-element-cbb4d02 elementor-widget elementor-widget-image\" data-id=\"cbb4d02\" data-element_type=\"widget\" data-widget_type=\"image.default\">\n\t\t\t\t<div class=\"elementor-widget-container\">\n\t\t\t\t\t\t\t\t\t\t\t\t<figure class=\"wp-caption\">\n\t\t\t\t\t\t\t\t\t\t<img loading=\"lazy\" decoding=\"async\" width=\"890\" height=\"592\" src=\"https:\/\/vsmabrasivos.com\/wp-content\/uploads\/2024\/09\/1880-werkfeuerwehr-1965.jpg\" class=\"attachment-full size-full wp-image-37752\" alt=\"\" srcset=\"https:\/\/vsmabrasivos.com\/wp-content\/uploads\/2024\/09\/1880-werkfeuerwehr-1965.jpg 890w, https:\/\/vsmabrasivos.com\/wp-content\/uploads\/2024\/09\/1880-werkfeuerwehr-1965-300x200.jpg 300w, https:\/\/vsmabrasivos.com\/wp-content\/uploads\/2024\/09\/1880-werkfeuerwehr-1965-768x511.jpg 768w, https:\/\/vsmabrasivos.com\/wp-content\/uploads\/2024\/09\/1880-werkfeuerwehr-1965-600x399.jpg 600w\" sizes=\"auto, (max-width: 890px) 100vw, 890px\" \/>\t\t\t\t\t\t\t\t\t\t\t<figcaption class=\"widget-image-caption wp-caption-text\">En 1965, el cuerpo de bomberos de la planta de VSM dispon\u00eda de veh\u00edculos de emergencia motorizados<\/figcaption>\n\t\t\t\t\t\t\t\t\t\t<\/figure>\n\t\t\t\t\t\t\t\t\t<\/div>\n\t\t\t\t<\/div>\n\t\t\t\t<\/div>\n\t\t<div class=\"elementor-element elementor-element-e10ef29 e-con-full e-flex e-con e-child\" data-id=\"e10ef29\" data-element_type=\"container\">\n\t\t\t\t<div class=\"elementor-element elementor-element-4b66421 elementor-widget elementor-widget-text-editor\" data-id=\"4b66421\" data-element_type=\"widget\" data-widget_type=\"text-editor.default\">\n\t\t\t\t<div class=\"elementor-widget-container\">\n\t\t\t\t\t\t\t\t\t<h4><strong>1880: Tenemos una larga tradici\u00f3n de seguridad: La brigada contra incendios de la f\u00e1brica VSM<\/strong><\/h4><p>Uno de los mayores peligros para una empresa manufacturera ha sido siempre el fuego. Por eso, al igual que muchas otras empresas, VSM cuenta con su propio cuerpo de bomberos. El nuestro fue fundado el 1 de julio de 1880 por los fundadores de la empresa, Oppenheim y Seeligmann, lo que lo convierte en uno de los cuerpos de bomberos m\u00e1s antiguos de Baja Sajonia y de Alemania. Inicialmente estaba formado por 14 empleados, n\u00famero que no dej\u00f3 de crecer en los a\u00f1os siguientes hasta alcanzar los 37 empleados en 1892. Al principio, el abastecimiento de agua era el mayor problema, ya que la red municipal no llegaba todav\u00eda hasta las instalaciones de la planta. La \u00fanica fuente de agua disponible era un simple pozo. En aquella \u00e9poca, el principal objetivo de los bomberos de la planta era extinguirlos inmediatamente o, al menos, contener su propagaci\u00f3n en la medida de lo posible.<\/p><p>El inadecuado suministro de agua tambi\u00e9n tuvo consecuencias dram\u00e1ticas directas en la ma\u00f1ana del 25 de junio de 1884: Un incendio se detect\u00f3 demasiado tarde y destruy\u00f3 el edificio de la f\u00e1brica afectado. La falta de agua hizo imposible apagar el fuego. No obstante, el cuerpo de bomberos de la planta impidi\u00f3 que las llamas se propagaran al resto de la f\u00e1brica construyendo r\u00e1pidamente barreras protectoras.<\/p><p>En sus inicios, el cuerpo de bomberos no se limitaba a la planta, sino que tambi\u00e9n participaba en operaciones en el distrito y las zonas vecinas. Incluso hoy, en raras ocasiones, sigue asistiendo a operaciones a gran escala del cuerpo de bomberos municipal.<\/p><p>Para poder reaccionar lo m\u00e1s r\u00e1pidamente posible en caso de emergencia, el personal de emergencia se encontraba permanentemente en las instalaciones de la planta; incluso los vigilantes nocturnos recibieron formaci\u00f3n como bomberos. Durante la Segunda Guerra Mundial, la brigada de bomberos de la planta se despleg\u00f3 con \u00e9xito varias veces tras los bombardeos, pero finalmente fue llevada al l\u00edmite tras los ataques m\u00e1s graves y devastadores de 1945. Afortunadamente, VSM no sufri\u00f3 m\u00e1s incendios importantes hasta 1985. Ese a\u00f1o se produjo un gran incendio que provoc\u00f3 la destrucci\u00f3n del sistema de postcombusti\u00f3n t\u00e9rmica de una l\u00ednea de producci\u00f3n. Junto con la ayuda de los bomberos profesionales, los bomberos de la planta evitaron que el fuego se propagara.<\/p><p>Recientemente, el papel de los bomberos ha cambiado un poco. Gracias a la mejora de las medidas de protecci\u00f3n contra incendios, la lucha contra el fuego es ahora menos necesaria. A cambio, sin embargo, ha aumentado la asistencia t\u00e9cnica. Por ejemplo, durante las Navidades de 1995, cuando se produjo una fuga de una gran cantidad de refrigerante de un dep\u00f3sito. La operaci\u00f3n de limpieza ocup\u00f3 todo el periodo de vacaciones y se realiz\u00f3 en condiciones extremadamente adversas, a temperaturas de hasta -20 grados. No obstante, se complet\u00f3 sin el apoyo de los bomberos municipales.<\/p><p>Hoy, 144 a\u00f1os despu\u00e9s, el cuerpo de bomberos de la planta sigue siendo una instituci\u00f3n en VSM. Sus miembros no s\u00f3lo tienen acceso a equipos de \u00faltima generaci\u00f3n. Todos los miembros de la brigada de bomberos de la planta han completado una formaci\u00f3n b\u00e1sica y est\u00e1n cualificados, como m\u00ednimo, para el rango de bombero. La tecnolog\u00eda moderna y una buena formaci\u00f3n permiten a los bomberos de nuestra planta crear todas las condiciones necesarias para que nosotros y nuestros vecinos nos sintamos lo m\u00e1s seguros posible las 24 horas del d\u00eda.<\/p>\t\t\t\t\t\t\t\t<\/div>\n\t\t\t\t<\/div>\n\t\t\t\t<\/div>\n\t\t\t\t\t<\/div>\n\t\t\t\t<\/div>\n\t\t<div class=\"elementor-element elementor-element-ccb6f01 e-grid e-con-boxed e-con e-parent\" data-id=\"ccb6f01\" data-element_type=\"container\">\n\t\t\t\t\t<div class=\"e-con-inner\">\n\t\t<div class=\"elementor-element elementor-element-67e9221 e-con-full e-flex e-con e-child\" data-id=\"67e9221\" data-element_type=\"container\">\n\t\t\t\t<div class=\"elementor-element elementor-element-81b6723 elementor-widget elementor-widget-image\" data-id=\"81b6723\" data-element_type=\"widget\" data-widget_type=\"image.default\">\n\t\t\t\t<div class=\"elementor-widget-container\">\n\t\t\t\t\t\t\t\t\t\t\t\t<figure class=\"wp-caption\">\n\t\t\t\t\t\t\t\t\t\t<img loading=\"lazy\" decoding=\"async\" width=\"890\" height=\"592\" src=\"https:\/\/vsmabrasivos.com\/wp-content\/uploads\/2024\/09\/1880-werkfeuerwehr-1990-einsatz.jpg\" class=\"attachment-full size-full wp-image-37757\" alt=\"\" srcset=\"https:\/\/vsmabrasivos.com\/wp-content\/uploads\/2024\/09\/1880-werkfeuerwehr-1990-einsatz.jpg 890w, https:\/\/vsmabrasivos.com\/wp-content\/uploads\/2024\/09\/1880-werkfeuerwehr-1990-einsatz-300x200.jpg 300w, https:\/\/vsmabrasivos.com\/wp-content\/uploads\/2024\/09\/1880-werkfeuerwehr-1990-einsatz-768x511.jpg 768w, https:\/\/vsmabrasivos.com\/wp-content\/uploads\/2024\/09\/1880-werkfeuerwehr-1990-einsatz-600x399.jpg 600w\" sizes=\"auto, (max-width: 890px) 100vw, 890px\" \/>\t\t\t\t\t\t\t\t\t\t\t<figcaption class=\"widget-image-caption wp-caption-text\">Foto tomada en 1990 del cuerpo de bomberos de la planta de VSM con respiradores<\/figcaption>\n\t\t\t\t\t\t\t\t\t\t<\/figure>\n\t\t\t\t\t\t\t\t\t<\/div>\n\t\t\t\t<\/div>\n\t\t\t\t<\/div>\n\t\t<div class=\"elementor-element elementor-element-f1ec7f8 e-con-full e-flex e-con e-child\" data-id=\"f1ec7f8\" data-element_type=\"container\">\n\t\t\t\t<div class=\"elementor-element elementor-element-b946b5b elementor-widget elementor-widget-image\" data-id=\"b946b5b\" data-element_type=\"widget\" data-widget_type=\"image.default\">\n\t\t\t\t<div class=\"elementor-widget-container\">\n\t\t\t\t\t\t\t\t\t\t\t\t<figure class=\"wp-caption\">\n\t\t\t\t\t\t\t\t\t\t<img loading=\"lazy\" decoding=\"async\" width=\"890\" height=\"592\" src=\"https:\/\/vsmabrasivos.com\/wp-content\/uploads\/2024\/09\/Dummy-1.jpg\" class=\"attachment-full size-full wp-image-37761\" alt=\"\" srcset=\"https:\/\/vsmabrasivos.com\/wp-content\/uploads\/2024\/09\/Dummy-1.jpg 890w, https:\/\/vsmabrasivos.com\/wp-content\/uploads\/2024\/09\/Dummy-1-300x200.jpg 300w, https:\/\/vsmabrasivos.com\/wp-content\/uploads\/2024\/09\/Dummy-1-768x511.jpg 768w, https:\/\/vsmabrasivos.com\/wp-content\/uploads\/2024\/09\/Dummy-1-600x399.jpg 600w\" sizes=\"auto, (max-width: 890px) 100vw, 890px\" \/>\t\t\t\t\t\t\t\t\t\t\t<figcaption class=\"widget-image-caption wp-caption-text\">A\u00fan hoy, m\u00e1s de 140 a\u00f1os despu\u00e9s de su fundaci\u00f3n, el cuerpo de bomberos de la f\u00e1brica de VSM es una instituci\u00f3n importante para toda la empresa VSM<\/figcaption>\n\t\t\t\t\t\t\t\t\t\t<\/figure>\n\t\t\t\t\t\t\t\t\t<\/div>\n\t\t\t\t<\/div>\n\t\t\t\t<\/div>\n\t\t\t\t\t<\/div>\n\t\t\t\t<\/div>\n\t\t\t\t<\/div>\n\t\t","protected":false},"excerpt":{"rendered":"<p>Descubra VSM Los bomberos de la planta de VSM durante un simulacro de incendio en 1905 Foto de grupo de los bomberos de la f\u00e1brica de VSM en 1920 En 1965, el cuerpo de bomberos de la planta de VSM dispon\u00eda de veh\u00edculos de emergencia motorizados 1880: Tenemos una larga tradici\u00f3n de seguridad: La brigada [&hellip;]<\/p>\n","protected":false},"author":1,"featured_media":0,"parent":0,"menu_order":0,"comment_status":"closed","ping_status":"closed","template":"","meta":{"_acf_changed":false,"content-type":"","footnotes":""},"class_list":["post-37799","page","type-page","status-publish","hentry"],"acf":[],"yoast_head":"<!-- This site is optimized with the Yoast SEO plugin v26.2 - https:\/\/yoast.com\/wordpress\/plugins\/seo\/ -->\n<title>1880: Tenemos una larga tradici\u00f3n de seguridad | VSM Latinoam\u00e9rica<\/title>\n<meta name=\"robots\" content=\"index, follow, max-snippet:-1, max-image-preview:large, max-video-preview:-1\" \/>\n<link rel=\"canonical\" href=\"https:\/\/vsmabrasivos.com\/co\/wp-json\/wp\/v2\/pages\/37799\" \/>\n<meta property=\"og:locale\" content=\"en_US\" \/>\n<meta property=\"og:type\" content=\"article\" \/>\n<meta property=\"og:title\" content=\"1880: Tenemos una larga tradici\u00f3n de seguridad | VSM Latinoam\u00e9rica\" \/>\n<meta property=\"og:description\" content=\"Descubra VSM Los bomberos de la planta de VSM durante un simulacro de incendio en 1905 Foto de grupo de los bomberos de la f\u00e1brica de VSM en 1920 En 1965, el cuerpo de bomberos de la planta de VSM dispon\u00eda de veh\u00edculos de emergencia motorizados 1880: Tenemos una larga tradici\u00f3n de seguridad: La brigada [&hellip;]\" \/>\n<meta property=\"og:url\" content=\"https:\/\/vsmabrasivos.com\/co\/1880-tenemos-una-larga-tradicion-de-seguridad\/\" \/>\n<meta property=\"og:site_name\" content=\"VSM Abrasivos\" \/>\n<meta property=\"article:modified_time\" content=\"2025-01-24T11:07:03+00:00\" \/>\n<meta property=\"og:image\" content=\"https:\/\/vsmabrasivos.com\/wp-content\/uploads\/2024\/09\/1880-werkfeuerwehr-uebung-1905.jpg\" \/>\n<meta name=\"twitter:card\" content=\"summary_large_image\" \/>\n<meta name=\"twitter:label1\" content=\"Est. reading time\" \/>\n\t<meta name=\"twitter:data1\" content=\"5 minutes\" \/>\n<script type=\"application\/ld+json\" class=\"yoast-schema-graph\">{\"@context\":\"https:\/\/schema.org\",\"@graph\":[{\"@type\":\"WebPage\",\"@id\":\"https:\/\/vsmabrasivos.com\/co\/1880-tenemos-una-larga-tradicion-de-seguridad\/\",\"url\":\"https:\/\/vsmabrasivos.com\/co\/1880-tenemos-una-larga-tradicion-de-seguridad\/\",\"name\":\"1880: Tenemos una larga tradici\u00f3n de seguridad | VSM Latinoam\u00e9rica\",\"isPartOf\":{\"@id\":\"https:\/\/vsmabrasivos.com\/co\/#website\"},\"primaryImageOfPage\":{\"@id\":\"https:\/\/vsmabrasivos.com\/co\/1880-tenemos-una-larga-tradicion-de-seguridad\/#primaryimage\"},\"image\":{\"@id\":\"https:\/\/vsmabrasivos.com\/co\/1880-tenemos-una-larga-tradicion-de-seguridad\/#primaryimage\"},\"thumbnailUrl\":\"https:\/\/vsmabrasivos.com\/wp-content\/uploads\/2024\/09\/1880-werkfeuerwehr-uebung-1905.jpg\",\"datePublished\":\"2024-09-27T12:18:00+00:00\",\"dateModified\":\"2025-01-24T11:07:03+00:00\",\"breadcrumb\":{\"@id\":\"https:\/\/vsmabrasivos.com\/co\/1880-tenemos-una-larga-tradicion-de-seguridad\/#breadcrumb\"},\"inLanguage\":\"co\",\"potentialAction\":[{\"@type\":\"ReadAction\",\"target\":[\"https:\/\/vsmabrasivos.com\/co\/1880-tenemos-una-larga-tradicion-de-seguridad\/\"]}]},{\"@type\":\"ImageObject\",\"inLanguage\":\"co\",\"@id\":\"https:\/\/vsmabrasivos.com\/co\/1880-tenemos-una-larga-tradicion-de-seguridad\/#primaryimage\",\"url\":\"https:\/\/vsmabrasivos.com\/wp-content\/uploads\/2024\/09\/1880-werkfeuerwehr-uebung-1905.jpg\",\"contentUrl\":\"https:\/\/vsmabrasivos.com\/wp-content\/uploads\/2024\/09\/1880-werkfeuerwehr-uebung-1905.jpg\"},{\"@type\":\"BreadcrumbList\",\"@id\":\"https:\/\/vsmabrasivos.com\/co\/1880-tenemos-una-larga-tradicion-de-seguridad\/#breadcrumb\",\"itemListElement\":[{\"@type\":\"ListItem\",\"position\":1,\"name\":\"Portada\",\"item\":\"https:\/\/vsmabrasivos.com\/co\/\"},{\"@type\":\"ListItem\",\"position\":2,\"name\":\"1880: Tenemos una larga tradici\u00f3n de seguridad\"}]},{\"@type\":\"WebSite\",\"@id\":\"https:\/\/vsmabrasivos.com\/co\/#website\",\"url\":\"https:\/\/vsmabrasivos.com\/co\/\",\"name\":\"VSM Abrasivos\",\"description\":\"\",\"publisher\":{\"@id\":\"https:\/\/vsmabrasivos.com\/co\/#organization\"},\"potentialAction\":[{\"@type\":\"SearchAction\",\"target\":{\"@type\":\"EntryPoint\",\"urlTemplate\":\"https:\/\/vsmabrasivos.com\/co\/?s={search_term_string}\"},\"query-input\":{\"@type\":\"PropertyValueSpecification\",\"valueRequired\":true,\"valueName\":\"search_term_string\"}}],\"inLanguage\":\"co\"},{\"@type\":\"Organization\",\"@id\":\"https:\/\/vsmabrasivos.com\/co\/#organization\",\"name\":\"VSM Abrasivos\",\"url\":\"https:\/\/vsmabrasivos.com\/co\/\",\"logo\":{\"@type\":\"ImageObject\",\"inLanguage\":\"co\",\"@id\":\"https:\/\/vsmabrasivos.com\/co\/#\/schema\/logo\/image\/\",\"url\":\"https:\/\/vsmabrasivos.com\/wp-content\/uploads\/2024\/06\/logo.svg\",\"contentUrl\":\"https:\/\/vsmabrasivos.com\/wp-content\/uploads\/2024\/06\/logo.svg\",\"caption\":\"VSM Abrasivos\"},\"image\":{\"@id\":\"https:\/\/vsmabrasivos.com\/co\/#\/schema\/logo\/image\/\"}}]}<\/script>\n<!-- \/ Yoast SEO plugin. -->","yoast_head_json":{"title":"1880: Tenemos una larga tradici\u00f3n de seguridad | VSM Latinoam\u00e9rica","robots":{"index":"index","follow":"follow","max-snippet":"max-snippet:-1","max-image-preview":"max-image-preview:large","max-video-preview":"max-video-preview:-1"},"canonical":"https:\/\/vsmabrasivos.com\/co\/wp-json\/wp\/v2\/pages\/37799","og_locale":"en_US","og_type":"article","og_title":"1880: Tenemos una larga tradici\u00f3n de seguridad | VSM Latinoam\u00e9rica","og_description":"Descubra VSM Los bomberos de la planta de VSM durante un simulacro de incendio en 1905 Foto de grupo de los bomberos de la f\u00e1brica de VSM en 1920 En 1965, el cuerpo de bomberos de la planta de VSM dispon\u00eda de veh\u00edculos de emergencia motorizados 1880: Tenemos una larga tradici\u00f3n de seguridad: La brigada [&hellip;]","og_url":"https:\/\/vsmabrasivos.com\/co\/1880-tenemos-una-larga-tradicion-de-seguridad\/","og_site_name":"VSM Abrasivos","article_modified_time":"2025-01-24T11:07:03+00:00","og_image":[{"url":"https:\/\/vsmabrasivos.com\/wp-content\/uploads\/2024\/09\/1880-werkfeuerwehr-uebung-1905.jpg","type":"","width":"","height":""}],"twitter_card":"summary_large_image","twitter_misc":{"Est. reading time":"5 minutes"},"schema":{"@context":"https:\/\/schema.org","@graph":[{"@type":"WebPage","@id":"https:\/\/vsmabrasivos.com\/co\/1880-tenemos-una-larga-tradicion-de-seguridad\/","url":"https:\/\/vsmabrasivos.com\/co\/1880-tenemos-una-larga-tradicion-de-seguridad\/","name":"1880: Tenemos una larga tradici\u00f3n de seguridad | VSM Latinoam\u00e9rica","isPartOf":{"@id":"https:\/\/vsmabrasivos.com\/co\/#website"},"primaryImageOfPage":{"@id":"https:\/\/vsmabrasivos.com\/co\/1880-tenemos-una-larga-tradicion-de-seguridad\/#primaryimage"},"image":{"@id":"https:\/\/vsmabrasivos.com\/co\/1880-tenemos-una-larga-tradicion-de-seguridad\/#primaryimage"},"thumbnailUrl":"https:\/\/vsmabrasivos.com\/wp-content\/uploads\/2024\/09\/1880-werkfeuerwehr-uebung-1905.jpg","datePublished":"2024-09-27T12:18:00+00:00","dateModified":"2025-01-24T11:07:03+00:00","breadcrumb":{"@id":"https:\/\/vsmabrasivos.com\/co\/1880-tenemos-una-larga-tradicion-de-seguridad\/#breadcrumb"},"inLanguage":"co","potentialAction":[{"@type":"ReadAction","target":["https:\/\/vsmabrasivos.com\/co\/1880-tenemos-una-larga-tradicion-de-seguridad\/"]}]},{"@type":"ImageObject","inLanguage":"co","@id":"https:\/\/vsmabrasivos.com\/co\/1880-tenemos-una-larga-tradicion-de-seguridad\/#primaryimage","url":"https:\/\/vsmabrasivos.com\/wp-content\/uploads\/2024\/09\/1880-werkfeuerwehr-uebung-1905.jpg","contentUrl":"https:\/\/vsmabrasivos.com\/wp-content\/uploads\/2024\/09\/1880-werkfeuerwehr-uebung-1905.jpg"},{"@type":"BreadcrumbList","@id":"https:\/\/vsmabrasivos.com\/co\/1880-tenemos-una-larga-tradicion-de-seguridad\/#breadcrumb","itemListElement":[{"@type":"ListItem","position":1,"name":"Portada","item":"https:\/\/vsmabrasivos.com\/co\/"},{"@type":"ListItem","position":2,"name":"1880: Tenemos una larga tradici\u00f3n de seguridad"}]},{"@type":"WebSite","@id":"https:\/\/vsmabrasivos.com\/co\/#website","url":"https:\/\/vsmabrasivos.com\/co\/","name":"VSM Abrasivos","description":"","publisher":{"@id":"https:\/\/vsmabrasivos.com\/co\/#organization"},"potentialAction":[{"@type":"SearchAction","target":{"@type":"EntryPoint","urlTemplate":"https:\/\/vsmabrasivos.com\/co\/?s={search_term_string}"},"query-input":{"@type":"PropertyValueSpecification","valueRequired":true,"valueName":"search_term_string"}}],"inLanguage":"co"},{"@type":"Organization","@id":"https:\/\/vsmabrasivos.com\/co\/#organization","name":"VSM Abrasivos","url":"https:\/\/vsmabrasivos.com\/co\/","logo":{"@type":"ImageObject","inLanguage":"co","@id":"https:\/\/vsmabrasivos.com\/co\/#\/schema\/logo\/image\/","url":"https:\/\/vsmabrasivos.com\/wp-content\/uploads\/2024\/06\/logo.svg","contentUrl":"https:\/\/vsmabrasivos.com\/wp-content\/uploads\/2024\/06\/logo.svg","caption":"VSM Abrasivos"},"image":{"@id":"https:\/\/vsmabrasivos.com\/co\/#\/schema\/logo\/image\/"}}]}},"_links":{"self":[{"href":"https:\/\/vsmabrasivos.com\/co\/wp-json\/wp\/v2\/pages\/37799","targetHints":{"allow":["GET"]}}],"collection":[{"href":"https:\/\/vsmabrasivos.com\/co\/wp-json\/wp\/v2\/pages"}],"about":[{"href":"https:\/\/vsmabrasivos.com\/co\/wp-json\/wp\/v2\/types\/page"}],"author":[{"embeddable":true,"href":"https:\/\/vsmabrasivos.com\/co\/wp-json\/wp\/v2\/users\/1"}],"replies":[{"embeddable":true,"href":"https:\/\/vsmabrasivos.com\/co\/wp-json\/wp\/v2\/comments?post=37799"}],"version-history":[{"count":4,"href":"https:\/\/vsmabrasivos.com\/co\/wp-json\/wp\/v2\/pages\/37799\/revisions"}],"predecessor-version":[{"id":38696,"href":"https:\/\/vsmabrasivos.com\/co\/wp-json\/wp\/v2\/pages\/37799\/revisions\/38696"}],"wp:attachment":[{"href":"https:\/\/vsmabrasivos.com\/co\/wp-json\/wp\/v2\/media?parent=37799"}],"curies":[{"name":"wp","href":"https:\/\/api.w.org\/{rel}","templated":true}]}}