{"id":38063,"date":"2025-11-18T19:58:52","date_gmt":"2025-11-18T18:58:52","guid":{"rendered":"https:\/\/vsmabrasivos.com\/?post_type=product&#038;p=38063"},"modified":"2024-10-21T12:22:46","modified_gmt":"2024-10-21T10:22:46","slug":"kk670f","status":"publish","type":"product","link":"https:\/\/vsmabrasivos.com\/br\/produtos\/kk670f\/","title":{"rendered":"KK670F"},"content":{"rendered":"<p><span class=\"HwtZe\" lang=\"pt-PT\"><span class=\"jCAhz ChMk0b\"><span class=\"ryNqvb\">Flexibilidade particularmente elevada, um padr\u00e3o de riscos perfeito, uniforme e reproduz\u00edvel e uma elevada remo\u00e7\u00e3o de material sustentada: Isto \u00e9 o que a s\u00e9rie XELERION KK670F oferece.<\/span><\/span> <span class=\"jCAhz ChMk0b\"><span class=\"ryNqvb\">Devido \u00e0 estrutura aberta e ao suporte F muito flex\u00edvel, o KK670F adapta-se perfeitamente a qualquer formato de pe\u00e7a de trabalho.<\/span><\/span> <span class=\"jCAhz ChMk0b\"><span class=\"ryNqvb\">Isto torna-o particularmente adequado para a retifica\u00e7\u00e3o posterior de pe\u00e7as pequenas e contornadas (por exemplo, instrumentos cir\u00fargicos, implantes ou acess\u00f3rios).<\/span><\/span><\/span><\/p>\n","protected":false},"excerpt":{"rendered":"<p>Flexibilidade particularmente elevada, um padr\u00e3o de riscos perfeito, uniforme e reproduz\u00edvel e uma elevada remo\u00e7\u00e3o de material sustentada: Isto \u00e9 o que a s\u00e9rie XELERION KK670F oferece. Devido \u00e0 estrutura aberta e ao suporte F muito flex\u00edvel, o KK670F adapta-se perfeitamente a qualquer formato de pe\u00e7a de trabalho. Isto torna-o particularmente adequado para a retifica\u00e7\u00e3o [&hellip;]<\/p>\n","protected":false},"featured_media":38071,"comment_status":"open","ping_status":"closed","template":"","meta":{"_acf_changed":false,"content-type":""},"aplicaciones":[],"tipologia-de-grano":[4181],"product_brand":[],"product_cat":[4183],"product_tag":[],"class_list":{"0":"post-38063","1":"product","2":"type-product","3":"status-publish","4":"has-post-thumbnail","6":"tipologia-de-grano-vsm-xelerion-br","7":"product_cat-vsm-xelerion-br","8":"pa_flexibilidad-flexible-br","10":"first","11":"instock","12":"shipping-taxable","13":"product-type-simple"},"acf":[],"yoast_head":"<!-- This site is optimized with the Yoast SEO plugin v26.2 - https:\/\/yoast.com\/wordpress\/plugins\/seo\/ -->\n<title>KK670F - VSM Abrasivos<\/title>\n<meta name=\"robots\" content=\"index, follow, max-snippet:-1, max-image-preview:large, max-video-preview:-1\" \/>\n<link rel=\"canonical\" href=\"https:\/\/vsmabrasivos.com\/br\/wp-json\/wp\/v2\/product\/38063\" \/>\n<meta property=\"og:locale\" content=\"en_US\" \/>\n<meta property=\"og:type\" content=\"article\" \/>\n<meta property=\"og:title\" content=\"KK670F - VSM Abrasivos\" \/>\n<meta property=\"og:description\" content=\"Flexibilidade particularmente elevada, um padr\u00e3o de riscos perfeito, uniforme e reproduz\u00edvel e uma elevada remo\u00e7\u00e3o de material sustentada: Isto \u00e9 o que a s\u00e9rie XELERION KK670F oferece. Devido \u00e0 estrutura aberta e ao suporte F muito flex\u00edvel, o KK670F adapta-se perfeitamente a qualquer formato de pe\u00e7a de trabalho. Isto torna-o particularmente adequado para a retifica\u00e7\u00e3o [&hellip;]\" \/>\n<meta property=\"og:url\" content=\"https:\/\/vsmabrasivos.com\/br\/produtos\/kk670f\/\" \/>\n<meta property=\"og:site_name\" content=\"VSM Abrasivos\" \/>\n<meta property=\"og:image\" content=\"https:\/\/vsmabrasivos.com\/wp-content\/uploads\/2024\/10\/KK670F.jpg\" \/>\n\t<meta property=\"og:image:width\" content=\"1140\" \/>\n\t<meta property=\"og:image:height\" content=\"1140\" \/>\n\t<meta property=\"og:image:type\" content=\"image\/jpeg\" \/>\n<meta name=\"twitter:card\" content=\"summary_large_image\" \/>\n<meta name=\"twitter:label1\" content=\"Est. reading time\" \/>\n\t<meta name=\"twitter:data1\" content=\"1 minute\" \/>\n<script type=\"application\/ld+json\" class=\"yoast-schema-graph\">{\"@context\":\"https:\/\/schema.org\",\"@graph\":[{\"@type\":\"WebPage\",\"@id\":\"https:\/\/vsmabrasivos.com\/br\/produtos\/kk670f\/\",\"url\":\"https:\/\/vsmabrasivos.com\/br\/produtos\/kk670f\/\",\"name\":\"KK670F - VSM Abrasivos\",\"isPartOf\":{\"@id\":\"https:\/\/vsmabrasivos.com\/br\/#website\"},\"primaryImageOfPage\":{\"@id\":\"https:\/\/vsmabrasivos.com\/br\/produtos\/kk670f\/#primaryimage\"},\"image\":{\"@id\":\"https:\/\/vsmabrasivos.com\/br\/produtos\/kk670f\/#primaryimage\"},\"thumbnailUrl\":\"https:\/\/vsmabrasivos.com\/wp-content\/uploads\/2024\/10\/KK670F.jpg\",\"datePublished\":\"2025-11-18T18:58:52+00:00\",\"breadcrumb\":{\"@id\":\"https:\/\/vsmabrasivos.com\/br\/produtos\/kk670f\/#breadcrumb\"},\"inLanguage\":\"br\",\"potentialAction\":[{\"@type\":\"ReadAction\",\"target\":[\"https:\/\/vsmabrasivos.com\/br\/produtos\/kk670f\/\"]}]},{\"@type\":\"ImageObject\",\"inLanguage\":\"br\",\"@id\":\"https:\/\/vsmabrasivos.com\/br\/produtos\/kk670f\/#primaryimage\",\"url\":\"https:\/\/vsmabrasivos.com\/wp-content\/uploads\/2024\/10\/KK670F.jpg\",\"contentUrl\":\"https:\/\/vsmabrasivos.com\/wp-content\/uploads\/2024\/10\/KK670F.jpg\",\"width\":1140,\"height\":1140},{\"@type\":\"BreadcrumbList\",\"@id\":\"https:\/\/vsmabrasivos.com\/br\/produtos\/kk670f\/#breadcrumb\",\"itemListElement\":[{\"@type\":\"ListItem\",\"position\":1,\"name\":\"Portada\",\"item\":\"https:\/\/vsmabrasivos.com\/br\/\"},{\"@type\":\"ListItem\",\"position\":2,\"name\":\"Products\",\"item\":\"https:\/\/vsmabrasivos.com\/br\/shop\/\"},{\"@type\":\"ListItem\",\"position\":3,\"name\":\"KK670F\"}]},{\"@type\":\"WebSite\",\"@id\":\"https:\/\/vsmabrasivos.com\/br\/#website\",\"url\":\"https:\/\/vsmabrasivos.com\/br\/\",\"name\":\"VSM Abrasivos\",\"description\":\"\",\"potentialAction\":[{\"@type\":\"SearchAction\",\"target\":{\"@type\":\"EntryPoint\",\"urlTemplate\":\"https:\/\/vsmabrasivos.com\/br\/?s={search_term_string}\"},\"query-input\":{\"@type\":\"PropertyValueSpecification\",\"valueRequired\":true,\"valueName\":\"search_term_string\"}}],\"inLanguage\":\"br\"}]}<\/script>\n<!-- \/ Yoast SEO plugin. -->","yoast_head_json":{"title":"KK670F - VSM Abrasivos","robots":{"index":"index","follow":"follow","max-snippet":"max-snippet:-1","max-image-preview":"max-image-preview:large","max-video-preview":"max-video-preview:-1"},"canonical":"https:\/\/vsmabrasivos.com\/br\/wp-json\/wp\/v2\/product\/38063","og_locale":"en_US","og_type":"article","og_title":"KK670F - VSM Abrasivos","og_description":"Flexibilidade particularmente elevada, um padr\u00e3o de riscos perfeito, uniforme e reproduz\u00edvel e uma elevada remo\u00e7\u00e3o de material sustentada: Isto \u00e9 o que a s\u00e9rie XELERION KK670F oferece. Devido \u00e0 estrutura aberta e ao suporte F muito flex\u00edvel, o KK670F adapta-se perfeitamente a qualquer formato de pe\u00e7a de trabalho. Isto torna-o particularmente adequado para a retifica\u00e7\u00e3o [&hellip;]","og_url":"https:\/\/vsmabrasivos.com\/br\/produtos\/kk670f\/","og_site_name":"VSM Abrasivos","og_image":[{"width":1140,"height":1140,"url":"https:\/\/vsmabrasivos.com\/wp-content\/uploads\/2024\/10\/KK670F.jpg","type":"image\/jpeg"}],"twitter_card":"summary_large_image","twitter_misc":{"Est. reading time":"1 minute"},"schema":{"@context":"https:\/\/schema.org","@graph":[{"@type":"WebPage","@id":"https:\/\/vsmabrasivos.com\/br\/produtos\/kk670f\/","url":"https:\/\/vsmabrasivos.com\/br\/produtos\/kk670f\/","name":"KK670F - VSM Abrasivos","isPartOf":{"@id":"https:\/\/vsmabrasivos.com\/br\/#website"},"primaryImageOfPage":{"@id":"https:\/\/vsmabrasivos.com\/br\/produtos\/kk670f\/#primaryimage"},"image":{"@id":"https:\/\/vsmabrasivos.com\/br\/produtos\/kk670f\/#primaryimage"},"thumbnailUrl":"https:\/\/vsmabrasivos.com\/wp-content\/uploads\/2024\/10\/KK670F.jpg","datePublished":"2025-11-18T18:58:52+00:00","breadcrumb":{"@id":"https:\/\/vsmabrasivos.com\/br\/produtos\/kk670f\/#breadcrumb"},"inLanguage":"br","potentialAction":[{"@type":"ReadAction","target":["https:\/\/vsmabrasivos.com\/br\/produtos\/kk670f\/"]}]},{"@type":"ImageObject","inLanguage":"br","@id":"https:\/\/vsmabrasivos.com\/br\/produtos\/kk670f\/#primaryimage","url":"https:\/\/vsmabrasivos.com\/wp-content\/uploads\/2024\/10\/KK670F.jpg","contentUrl":"https:\/\/vsmabrasivos.com\/wp-content\/uploads\/2024\/10\/KK670F.jpg","width":1140,"height":1140},{"@type":"BreadcrumbList","@id":"https:\/\/vsmabrasivos.com\/br\/produtos\/kk670f\/#breadcrumb","itemListElement":[{"@type":"ListItem","position":1,"name":"Portada","item":"https:\/\/vsmabrasivos.com\/br\/"},{"@type":"ListItem","position":2,"name":"Products","item":"https:\/\/vsmabrasivos.com\/br\/shop\/"},{"@type":"ListItem","position":3,"name":"KK670F"}]},{"@type":"WebSite","@id":"https:\/\/vsmabrasivos.com\/br\/#website","url":"https:\/\/vsmabrasivos.com\/br\/","name":"VSM Abrasivos","description":"","potentialAction":[{"@type":"SearchAction","target":{"@type":"EntryPoint","urlTemplate":"https:\/\/vsmabrasivos.com\/br\/?s={search_term_string}"},"query-input":{"@type":"PropertyValueSpecification","valueRequired":true,"valueName":"search_term_string"}}],"inLanguage":"br"}]}},"_links":{"self":[{"href":"https:\/\/vsmabrasivos.com\/br\/wp-json\/wp\/v2\/product\/38063","targetHints":{"allow":["GET"]}}],"collection":[{"href":"https:\/\/vsmabrasivos.com\/br\/wp-json\/wp\/v2\/product"}],"about":[{"href":"https:\/\/vsmabrasivos.com\/br\/wp-json\/wp\/v2\/types\/product"}],"replies":[{"embeddable":true,"href":"https:\/\/vsmabrasivos.com\/br\/wp-json\/wp\/v2\/comments?post=38063"}],"wp:featuredmedia":[{"embeddable":true,"href":"https:\/\/vsmabrasivos.com\/br\/wp-json\/wp\/v2\/media\/38071"}],"wp:attachment":[{"href":"https:\/\/vsmabrasivos.com\/br\/wp-json\/wp\/v2\/media?parent=38063"}],"wp:term":[{"taxonomy":"aplicaciones","embeddable":true,"href":"https:\/\/vsmabrasivos.com\/br\/wp-json\/wp\/v2\/aplicaciones?post=38063"},{"taxonomy":"tipologia-de-grano","embeddable":true,"href":"https:\/\/vsmabrasivos.com\/br\/wp-json\/wp\/v2\/tipologia-de-grano?post=38063"},{"taxonomy":"product_brand","embeddable":true,"href":"https:\/\/vsmabrasivos.com\/br\/wp-json\/wp\/v2\/product_brand?post=38063"},{"taxonomy":"product_cat","embeddable":true,"href":"https:\/\/vsmabrasivos.com\/br\/wp-json\/wp\/v2\/product_cat?post=38063"},{"taxonomy":"product_tag","embeddable":true,"href":"https:\/\/vsmabrasivos.com\/br\/wp-json\/wp\/v2\/product_tag?post=38063"}],"curies":[{"name":"wp","href":"https:\/\/api.w.org\/{rel}","templated":true}]}}