{"id":31148,"date":"2025-01-18T19:43:23","date_gmt":"2025-01-18T18:43:23","guid":{"rendered":"https:\/\/vsmabrasivos.com\/productos\/kf708\/"},"modified":"2024-08-07T13:24:51","modified_gmt":"2024-08-07T11:24:51","slug":"kf708-d","status":"publish","type":"product","link":"https:\/\/vsmabrasivos.com\/br\/produtos\/kf708-d\/","title":{"rendered":"KF708"},"content":{"rendered":"<p>Disco de fibra universal com gr\u00e3o de \u00f3xido de alum\u00ednio, que possui um amplo espectro de tamanhos de gr\u00e3o. Ideal para utiliza\u00e7\u00e3o na oficina em diversos materiais, desde o a\u00e7o inoxid\u00e1vel \u00e0 madeira. A liga especial utilizada nas m\u00e1quinas manuais aumenta consideravelmente a vida \u00fatil.<\/p>\n","protected":false},"excerpt":{"rendered":"<p>Disco de fibra universal com gr\u00e3o de \u00f3xido de alum\u00ednio, que possui um amplo espectro de tamanhos de gr\u00e3o. Ideal para utiliza\u00e7\u00e3o na oficina em diversos materiais, desde o a\u00e7o inoxid\u00e1vel \u00e0 madeira. A liga especial utilizada nas m\u00e1quinas manuais aumenta consideravelmente a vida \u00fatil.<\/p>\n","protected":false},"featured_media":31150,"comment_status":"closed","ping_status":"closed","template":"","meta":{"_acf_changed":false,"content-type":""},"aplicaciones":[],"tipologia-de-grano":[2307],"product_brand":[],"product_cat":[2235],"product_tag":[],"class_list":{"0":"post-31148","1":"product","2":"type-product","3":"status-publish","4":"has-post-thumbnail","6":"tipologia-de-grano-vsm-aluminium-oxide-br","7":"product_cat-vsm-aluminium-oxide-br","9":"first","10":"instock","11":"shipping-taxable","12":"product-type-simple"},"acf":[],"yoast_head":"<!-- This site is optimized with the Yoast SEO plugin v26.2 - https:\/\/yoast.com\/wordpress\/plugins\/seo\/ -->\n<title>KF708 - VSM Abrasivos<\/title>\n<meta name=\"robots\" content=\"index, follow, max-snippet:-1, max-image-preview:large, max-video-preview:-1\" \/>\n<link rel=\"canonical\" href=\"https:\/\/vsmabrasivos.com\/br\/wp-json\/wp\/v2\/product\/31148\" \/>\n<meta property=\"og:locale\" content=\"en_US\" \/>\n<meta property=\"og:type\" content=\"article\" \/>\n<meta property=\"og:title\" content=\"KF708 - VSM Abrasivos\" \/>\n<meta property=\"og:description\" content=\"Disco de fibra universal com gr\u00e3o de \u00f3xido de alum\u00ednio, que possui um amplo espectro de tamanhos de gr\u00e3o. Ideal para utiliza\u00e7\u00e3o na oficina em diversos materiais, desde o a\u00e7o inoxid\u00e1vel \u00e0 madeira. A liga especial utilizada nas m\u00e1quinas manuais aumenta consideravelmente a vida \u00fatil.\" \/>\n<meta property=\"og:url\" content=\"https:\/\/vsmabrasivos.com\/br\/produtos\/kf708-d\/\" \/>\n<meta property=\"og:site_name\" content=\"VSM Abrasivos\" \/>\n<meta property=\"og:image\" content=\"https:\/\/vsmabrasivos.com\/wp-content\/uploads\/2024\/06\/KF708.jpg\" \/>\n\t<meta property=\"og:image:width\" content=\"380\" \/>\n\t<meta property=\"og:image:height\" content=\"380\" \/>\n\t<meta property=\"og:image:type\" content=\"image\/jpeg\" \/>\n<meta name=\"twitter:card\" content=\"summary_large_image\" \/>\n<meta name=\"twitter:label1\" content=\"Est. reading time\" \/>\n\t<meta name=\"twitter:data1\" content=\"1 minute\" \/>\n<script type=\"application\/ld+json\" class=\"yoast-schema-graph\">{\"@context\":\"https:\/\/schema.org\",\"@graph\":[{\"@type\":\"WebPage\",\"@id\":\"https:\/\/vsmabrasivos.com\/br\/produtos\/kf708-d\/\",\"url\":\"https:\/\/vsmabrasivos.com\/br\/produtos\/kf708-d\/\",\"name\":\"KF708 - VSM Abrasivos\",\"isPartOf\":{\"@id\":\"https:\/\/vsmabrasivos.com\/br\/#website\"},\"primaryImageOfPage\":{\"@id\":\"https:\/\/vsmabrasivos.com\/br\/produtos\/kf708-d\/#primaryimage\"},\"image\":{\"@id\":\"https:\/\/vsmabrasivos.com\/br\/produtos\/kf708-d\/#primaryimage\"},\"thumbnailUrl\":\"https:\/\/vsmabrasivos.com\/wp-content\/uploads\/2024\/06\/KF708.jpg\",\"datePublished\":\"2025-01-18T18:43:23+00:00\",\"breadcrumb\":{\"@id\":\"https:\/\/vsmabrasivos.com\/br\/produtos\/kf708-d\/#breadcrumb\"},\"inLanguage\":\"br\",\"potentialAction\":[{\"@type\":\"ReadAction\",\"target\":[\"https:\/\/vsmabrasivos.com\/br\/produtos\/kf708-d\/\"]}]},{\"@type\":\"ImageObject\",\"inLanguage\":\"br\",\"@id\":\"https:\/\/vsmabrasivos.com\/br\/produtos\/kf708-d\/#primaryimage\",\"url\":\"https:\/\/vsmabrasivos.com\/wp-content\/uploads\/2024\/06\/KF708.jpg\",\"contentUrl\":\"https:\/\/vsmabrasivos.com\/wp-content\/uploads\/2024\/06\/KF708.jpg\",\"width\":380,\"height\":380},{\"@type\":\"BreadcrumbList\",\"@id\":\"https:\/\/vsmabrasivos.com\/br\/produtos\/kf708-d\/#breadcrumb\",\"itemListElement\":[{\"@type\":\"ListItem\",\"position\":1,\"name\":\"Portada\",\"item\":\"https:\/\/vsmabrasivos.com\/br\/\"},{\"@type\":\"ListItem\",\"position\":2,\"name\":\"Products\",\"item\":\"https:\/\/vsmabrasivos.com\/br\/shop\/\"},{\"@type\":\"ListItem\",\"position\":3,\"name\":\"KF708\"}]},{\"@type\":\"WebSite\",\"@id\":\"https:\/\/vsmabrasivos.com\/br\/#website\",\"url\":\"https:\/\/vsmabrasivos.com\/br\/\",\"name\":\"VSM Abrasivos\",\"description\":\"\",\"potentialAction\":[{\"@type\":\"SearchAction\",\"target\":{\"@type\":\"EntryPoint\",\"urlTemplate\":\"https:\/\/vsmabrasivos.com\/br\/?s={search_term_string}\"},\"query-input\":{\"@type\":\"PropertyValueSpecification\",\"valueRequired\":true,\"valueName\":\"search_term_string\"}}],\"inLanguage\":\"br\"}]}<\/script>\n<!-- \/ Yoast SEO plugin. -->","yoast_head_json":{"title":"KF708 - VSM Abrasivos","robots":{"index":"index","follow":"follow","max-snippet":"max-snippet:-1","max-image-preview":"max-image-preview:large","max-video-preview":"max-video-preview:-1"},"canonical":"https:\/\/vsmabrasivos.com\/br\/wp-json\/wp\/v2\/product\/31148","og_locale":"en_US","og_type":"article","og_title":"KF708 - VSM Abrasivos","og_description":"Disco de fibra universal com gr\u00e3o de \u00f3xido de alum\u00ednio, que possui um amplo espectro de tamanhos de gr\u00e3o. Ideal para utiliza\u00e7\u00e3o na oficina em diversos materiais, desde o a\u00e7o inoxid\u00e1vel \u00e0 madeira. A liga especial utilizada nas m\u00e1quinas manuais aumenta consideravelmente a vida \u00fatil.","og_url":"https:\/\/vsmabrasivos.com\/br\/produtos\/kf708-d\/","og_site_name":"VSM Abrasivos","og_image":[{"width":380,"height":380,"url":"https:\/\/vsmabrasivos.com\/wp-content\/uploads\/2024\/06\/KF708.jpg","type":"image\/jpeg"}],"twitter_card":"summary_large_image","twitter_misc":{"Est. reading time":"1 minute"},"schema":{"@context":"https:\/\/schema.org","@graph":[{"@type":"WebPage","@id":"https:\/\/vsmabrasivos.com\/br\/produtos\/kf708-d\/","url":"https:\/\/vsmabrasivos.com\/br\/produtos\/kf708-d\/","name":"KF708 - VSM Abrasivos","isPartOf":{"@id":"https:\/\/vsmabrasivos.com\/br\/#website"},"primaryImageOfPage":{"@id":"https:\/\/vsmabrasivos.com\/br\/produtos\/kf708-d\/#primaryimage"},"image":{"@id":"https:\/\/vsmabrasivos.com\/br\/produtos\/kf708-d\/#primaryimage"},"thumbnailUrl":"https:\/\/vsmabrasivos.com\/wp-content\/uploads\/2024\/06\/KF708.jpg","datePublished":"2025-01-18T18:43:23+00:00","breadcrumb":{"@id":"https:\/\/vsmabrasivos.com\/br\/produtos\/kf708-d\/#breadcrumb"},"inLanguage":"br","potentialAction":[{"@type":"ReadAction","target":["https:\/\/vsmabrasivos.com\/br\/produtos\/kf708-d\/"]}]},{"@type":"ImageObject","inLanguage":"br","@id":"https:\/\/vsmabrasivos.com\/br\/produtos\/kf708-d\/#primaryimage","url":"https:\/\/vsmabrasivos.com\/wp-content\/uploads\/2024\/06\/KF708.jpg","contentUrl":"https:\/\/vsmabrasivos.com\/wp-content\/uploads\/2024\/06\/KF708.jpg","width":380,"height":380},{"@type":"BreadcrumbList","@id":"https:\/\/vsmabrasivos.com\/br\/produtos\/kf708-d\/#breadcrumb","itemListElement":[{"@type":"ListItem","position":1,"name":"Portada","item":"https:\/\/vsmabrasivos.com\/br\/"},{"@type":"ListItem","position":2,"name":"Products","item":"https:\/\/vsmabrasivos.com\/br\/shop\/"},{"@type":"ListItem","position":3,"name":"KF708"}]},{"@type":"WebSite","@id":"https:\/\/vsmabrasivos.com\/br\/#website","url":"https:\/\/vsmabrasivos.com\/br\/","name":"VSM Abrasivos","description":"","potentialAction":[{"@type":"SearchAction","target":{"@type":"EntryPoint","urlTemplate":"https:\/\/vsmabrasivos.com\/br\/?s={search_term_string}"},"query-input":{"@type":"PropertyValueSpecification","valueRequired":true,"valueName":"search_term_string"}}],"inLanguage":"br"}]}},"_links":{"self":[{"href":"https:\/\/vsmabrasivos.com\/br\/wp-json\/wp\/v2\/product\/31148","targetHints":{"allow":["GET"]}}],"collection":[{"href":"https:\/\/vsmabrasivos.com\/br\/wp-json\/wp\/v2\/product"}],"about":[{"href":"https:\/\/vsmabrasivos.com\/br\/wp-json\/wp\/v2\/types\/product"}],"replies":[{"embeddable":true,"href":"https:\/\/vsmabrasivos.com\/br\/wp-json\/wp\/v2\/comments?post=31148"}],"wp:featuredmedia":[{"embeddable":true,"href":"https:\/\/vsmabrasivos.com\/br\/wp-json\/wp\/v2\/media\/31150"}],"wp:attachment":[{"href":"https:\/\/vsmabrasivos.com\/br\/wp-json\/wp\/v2\/media?parent=31148"}],"wp:term":[{"taxonomy":"aplicaciones","embeddable":true,"href":"https:\/\/vsmabrasivos.com\/br\/wp-json\/wp\/v2\/aplicaciones?post=31148"},{"taxonomy":"tipologia-de-grano","embeddable":true,"href":"https:\/\/vsmabrasivos.com\/br\/wp-json\/wp\/v2\/tipologia-de-grano?post=31148"},{"taxonomy":"product_brand","embeddable":true,"href":"https:\/\/vsmabrasivos.com\/br\/wp-json\/wp\/v2\/product_brand?post=31148"},{"taxonomy":"product_cat","embeddable":true,"href":"https:\/\/vsmabrasivos.com\/br\/wp-json\/wp\/v2\/product_cat?post=31148"},{"taxonomy":"product_tag","embeddable":true,"href":"https:\/\/vsmabrasivos.com\/br\/wp-json\/wp\/v2\/product_tag?post=31148"}],"curies":[{"name":"wp","href":"https:\/\/api.w.org\/{rel}","templated":true}]}}