{"id":30859,"date":"2025-01-18T19:51:15","date_gmt":"2025-01-18T18:51:15","guid":{"rendered":"https:\/\/vsmabrasivos.com\/productos\/ck748x\/"},"modified":"2025-01-15T15:47:03","modified_gmt":"2025-01-15T14:47:03","slug":"ck748x-c","status":"publish","type":"product","link":"https:\/\/vsmabrasivos.com\/br\/produtos\/ck748x-c\/","title":{"rendered":"CK748X"},"content":{"rendered":"<p>Particularmente adequado para aplica\u00e7\u00f5es com uma pequena superf\u00edcie de contacto na \u00e1rea de lixagem. Ideal para opera\u00e7\u00f5es de lixagem cil\u00edndrica e de retifica\u00e7\u00e3o de arame com lixadoras planet\u00e1rias. Vida \u00fatil muito longa com efeito de autoafia\u00e7\u00e3o cont\u00ednuo.<\/p>\n","protected":false},"excerpt":{"rendered":"<p>Particularmente adequado para aplica\u00e7\u00f5es com uma pequena superf\u00edcie de contacto na \u00e1rea de lixagem. Ideal para opera\u00e7\u00f5es de lixagem cil\u00edndrica e de retifica\u00e7\u00e3o de arame com lixadoras planet\u00e1rias. Vida \u00fatil muito longa com efeito de autoafia\u00e7\u00e3o cont\u00ednuo.<\/p>\n","protected":false},"featured_media":30861,"comment_status":"closed","ping_status":"closed","template":"","meta":{"_acf_changed":false,"content-type":""},"aplicaciones":[],"tipologia-de-grano":[2313],"product_brand":[],"product_cat":[2248],"product_tag":[],"class_list":{"0":"post-30859","1":"product","2":"type-product","3":"status-publish","4":"has-post-thumbnail","6":"tipologia-de-grano-vsm-compactgrain-br","7":"product_cat-vsm-compactgrain-br","8":"pa_flexibilidad-robusto-br","10":"first","11":"instock","12":"product-type-simple"},"acf":[],"yoast_head":"<!-- This site is optimized with the Yoast SEO plugin v26.2 - https:\/\/yoast.com\/wordpress\/plugins\/seo\/ -->\n<title>CK748X: CINTA VSM COMPACT GRAIN | VSM Brasil<\/title>\n<meta name=\"robots\" content=\"index, follow, max-snippet:-1, max-image-preview:large, max-video-preview:-1\" \/>\n<link rel=\"canonical\" href=\"https:\/\/vsmabrasivos.com\/br\/wp-json\/wp\/v2\/product\/30859\" \/>\n<meta property=\"og:locale\" content=\"en_US\" \/>\n<meta property=\"og:type\" content=\"article\" \/>\n<meta property=\"og:title\" content=\"CK748X: CINTA VSM COMPACT GRAIN | VSM Brasil\" \/>\n<meta property=\"og:description\" content=\"Particularmente adequado para aplica\u00e7\u00f5es com uma pequena superf\u00edcie de contacto na \u00e1rea de lixagem. Ideal para opera\u00e7\u00f5es de lixagem cil\u00edndrica e de retifica\u00e7\u00e3o de arame com lixadoras planet\u00e1rias. Vida \u00fatil muito longa com efeito de autoafia\u00e7\u00e3o cont\u00ednuo.\" \/>\n<meta property=\"og:url\" content=\"https:\/\/vsmabrasivos.com\/br\/produtos\/ck748x-c\/\" \/>\n<meta property=\"og:site_name\" content=\"VSM Abrasivos\" \/>\n<meta property=\"og:image\" content=\"https:\/\/vsmabrasivos.com\/wp-content\/uploads\/2024\/06\/CK748X.jpg\" \/>\n\t<meta property=\"og:image:width\" content=\"800\" \/>\n\t<meta property=\"og:image:height\" content=\"800\" \/>\n\t<meta property=\"og:image:type\" content=\"image\/jpeg\" \/>\n<meta name=\"twitter:card\" content=\"summary_large_image\" \/>\n<meta name=\"twitter:label1\" content=\"Est. reading time\" \/>\n\t<meta name=\"twitter:data1\" content=\"1 minute\" \/>\n<script type=\"application\/ld+json\" class=\"yoast-schema-graph\">{\"@context\":\"https:\/\/schema.org\",\"@graph\":[{\"@type\":\"WebPage\",\"@id\":\"https:\/\/vsmabrasivos.com\/br\/produtos\/ck748x-c\/\",\"url\":\"https:\/\/vsmabrasivos.com\/br\/produtos\/ck748x-c\/\",\"name\":\"CK748X: CINTA VSM COMPACT GRAIN | VSM Brasil\",\"isPartOf\":{\"@id\":\"https:\/\/vsmabrasivos.com\/br\/#website\"},\"primaryImageOfPage\":{\"@id\":\"https:\/\/vsmabrasivos.com\/br\/produtos\/ck748x-c\/#primaryimage\"},\"image\":{\"@id\":\"https:\/\/vsmabrasivos.com\/br\/produtos\/ck748x-c\/#primaryimage\"},\"thumbnailUrl\":\"https:\/\/vsmabrasivos.com\/wp-content\/uploads\/2024\/06\/CK748X.jpg\",\"datePublished\":\"2025-01-18T18:51:15+00:00\",\"breadcrumb\":{\"@id\":\"https:\/\/vsmabrasivos.com\/br\/produtos\/ck748x-c\/#breadcrumb\"},\"inLanguage\":\"br\",\"potentialAction\":[{\"@type\":\"ReadAction\",\"target\":[\"https:\/\/vsmabrasivos.com\/br\/produtos\/ck748x-c\/\"]}]},{\"@type\":\"ImageObject\",\"inLanguage\":\"br\",\"@id\":\"https:\/\/vsmabrasivos.com\/br\/produtos\/ck748x-c\/#primaryimage\",\"url\":\"https:\/\/vsmabrasivos.com\/wp-content\/uploads\/2024\/06\/CK748X.jpg\",\"contentUrl\":\"https:\/\/vsmabrasivos.com\/wp-content\/uploads\/2024\/06\/CK748X.jpg\",\"width\":800,\"height\":800},{\"@type\":\"BreadcrumbList\",\"@id\":\"https:\/\/vsmabrasivos.com\/br\/produtos\/ck748x-c\/#breadcrumb\",\"itemListElement\":[{\"@type\":\"ListItem\",\"position\":1,\"name\":\"Portada\",\"item\":\"https:\/\/vsmabrasivos.com\/br\/\"},{\"@type\":\"ListItem\",\"position\":2,\"name\":\"Products\",\"item\":\"https:\/\/vsmabrasivos.com\/br\/shop\/\"},{\"@type\":\"ListItem\",\"position\":3,\"name\":\"CK748X\"}]},{\"@type\":\"WebSite\",\"@id\":\"https:\/\/vsmabrasivos.com\/br\/#website\",\"url\":\"https:\/\/vsmabrasivos.com\/br\/\",\"name\":\"VSM Abrasivos\",\"description\":\"\",\"potentialAction\":[{\"@type\":\"SearchAction\",\"target\":{\"@type\":\"EntryPoint\",\"urlTemplate\":\"https:\/\/vsmabrasivos.com\/br\/?s={search_term_string}\"},\"query-input\":{\"@type\":\"PropertyValueSpecification\",\"valueRequired\":true,\"valueName\":\"search_term_string\"}}],\"inLanguage\":\"br\"}]}<\/script>\n<!-- \/ Yoast SEO plugin. -->","yoast_head_json":{"title":"CK748X: CINTA VSM COMPACT GRAIN | VSM Brasil","robots":{"index":"index","follow":"follow","max-snippet":"max-snippet:-1","max-image-preview":"max-image-preview:large","max-video-preview":"max-video-preview:-1"},"canonical":"https:\/\/vsmabrasivos.com\/br\/wp-json\/wp\/v2\/product\/30859","og_locale":"en_US","og_type":"article","og_title":"CK748X: CINTA VSM COMPACT GRAIN | VSM Brasil","og_description":"Particularmente adequado para aplica\u00e7\u00f5es com uma pequena superf\u00edcie de contacto na \u00e1rea de lixagem. Ideal para opera\u00e7\u00f5es de lixagem cil\u00edndrica e de retifica\u00e7\u00e3o de arame com lixadoras planet\u00e1rias. Vida \u00fatil muito longa com efeito de autoafia\u00e7\u00e3o cont\u00ednuo.","og_url":"https:\/\/vsmabrasivos.com\/br\/produtos\/ck748x-c\/","og_site_name":"VSM Abrasivos","og_image":[{"width":800,"height":800,"url":"https:\/\/vsmabrasivos.com\/wp-content\/uploads\/2024\/06\/CK748X.jpg","type":"image\/jpeg"}],"twitter_card":"summary_large_image","twitter_misc":{"Est. reading time":"1 minute"},"schema":{"@context":"https:\/\/schema.org","@graph":[{"@type":"WebPage","@id":"https:\/\/vsmabrasivos.com\/br\/produtos\/ck748x-c\/","url":"https:\/\/vsmabrasivos.com\/br\/produtos\/ck748x-c\/","name":"CK748X: CINTA VSM COMPACT GRAIN | VSM Brasil","isPartOf":{"@id":"https:\/\/vsmabrasivos.com\/br\/#website"},"primaryImageOfPage":{"@id":"https:\/\/vsmabrasivos.com\/br\/produtos\/ck748x-c\/#primaryimage"},"image":{"@id":"https:\/\/vsmabrasivos.com\/br\/produtos\/ck748x-c\/#primaryimage"},"thumbnailUrl":"https:\/\/vsmabrasivos.com\/wp-content\/uploads\/2024\/06\/CK748X.jpg","datePublished":"2025-01-18T18:51:15+00:00","breadcrumb":{"@id":"https:\/\/vsmabrasivos.com\/br\/produtos\/ck748x-c\/#breadcrumb"},"inLanguage":"br","potentialAction":[{"@type":"ReadAction","target":["https:\/\/vsmabrasivos.com\/br\/produtos\/ck748x-c\/"]}]},{"@type":"ImageObject","inLanguage":"br","@id":"https:\/\/vsmabrasivos.com\/br\/produtos\/ck748x-c\/#primaryimage","url":"https:\/\/vsmabrasivos.com\/wp-content\/uploads\/2024\/06\/CK748X.jpg","contentUrl":"https:\/\/vsmabrasivos.com\/wp-content\/uploads\/2024\/06\/CK748X.jpg","width":800,"height":800},{"@type":"BreadcrumbList","@id":"https:\/\/vsmabrasivos.com\/br\/produtos\/ck748x-c\/#breadcrumb","itemListElement":[{"@type":"ListItem","position":1,"name":"Portada","item":"https:\/\/vsmabrasivos.com\/br\/"},{"@type":"ListItem","position":2,"name":"Products","item":"https:\/\/vsmabrasivos.com\/br\/shop\/"},{"@type":"ListItem","position":3,"name":"CK748X"}]},{"@type":"WebSite","@id":"https:\/\/vsmabrasivos.com\/br\/#website","url":"https:\/\/vsmabrasivos.com\/br\/","name":"VSM Abrasivos","description":"","potentialAction":[{"@type":"SearchAction","target":{"@type":"EntryPoint","urlTemplate":"https:\/\/vsmabrasivos.com\/br\/?s={search_term_string}"},"query-input":{"@type":"PropertyValueSpecification","valueRequired":true,"valueName":"search_term_string"}}],"inLanguage":"br"}]}},"_links":{"self":[{"href":"https:\/\/vsmabrasivos.com\/br\/wp-json\/wp\/v2\/product\/30859","targetHints":{"allow":["GET"]}}],"collection":[{"href":"https:\/\/vsmabrasivos.com\/br\/wp-json\/wp\/v2\/product"}],"about":[{"href":"https:\/\/vsmabrasivos.com\/br\/wp-json\/wp\/v2\/types\/product"}],"replies":[{"embeddable":true,"href":"https:\/\/vsmabrasivos.com\/br\/wp-json\/wp\/v2\/comments?post=30859"}],"wp:featuredmedia":[{"embeddable":true,"href":"https:\/\/vsmabrasivos.com\/br\/wp-json\/wp\/v2\/media\/30861"}],"wp:attachment":[{"href":"https:\/\/vsmabrasivos.com\/br\/wp-json\/wp\/v2\/media?parent=30859"}],"wp:term":[{"taxonomy":"aplicaciones","embeddable":true,"href":"https:\/\/vsmabrasivos.com\/br\/wp-json\/wp\/v2\/aplicaciones?post=30859"},{"taxonomy":"tipologia-de-grano","embeddable":true,"href":"https:\/\/vsmabrasivos.com\/br\/wp-json\/wp\/v2\/tipologia-de-grano?post=30859"},{"taxonomy":"product_brand","embeddable":true,"href":"https:\/\/vsmabrasivos.com\/br\/wp-json\/wp\/v2\/product_brand?post=30859"},{"taxonomy":"product_cat","embeddable":true,"href":"https:\/\/vsmabrasivos.com\/br\/wp-json\/wp\/v2\/product_cat?post=30859"},{"taxonomy":"product_tag","embeddable":true,"href":"https:\/\/vsmabrasivos.com\/br\/wp-json\/wp\/v2\/product_tag?post=30859"}],"curies":[{"name":"wp","href":"https:\/\/api.w.org\/{rel}","templated":true}]}}